{"id":3369,"date":"2020-08-28T03:26:05","date_gmt":"2020-08-28T03:26:05","guid":{"rendered":"http:\/\/sucesoresluisrodriguez.com\/site\/?post_type=product&#038;p=3369"},"modified":"2020-08-28T03:26:05","modified_gmt":"2020-08-28T03:26:05","slug":"sen","status":"publish","type":"product","link":"https:\/\/sucesoresluisrodriguez.com\/site\/product\/sen\/","title":{"rendered":"Sen"},"content":{"rendered":"","protected":false},"excerpt":{"rendered":"<h3>Cantidad\/peso: Libra, 2 onzas.<\/h3>\n<hr \/>\n<h2>Principales usos e indicaciones<\/h2>\n<p>Los componentes principales del sen son los sen\u00f3sidos. <strong>La infusi\u00f3n de esta planta se ha mostrado como un potente laxante a corto plazo y es este su principal uso<\/strong>. Para que sea lo m\u00e1s eficaz posible la infusi\u00f3n de hoja de sen, se recomienda beberla antes de irse a dormir, ya que facilitar\u00e1 la egesti\u00f3n a la ma\u00f1ana siguiente. La dosis diaria recomendada de hojas de sen est\u00e1 entre 0,5 y 2 gramos.<\/p>\n<p>Gracias a que ayuda a paliar los efectos del estre\u00f1imiento, facilitando eliminar las heces, tambi\u00e9n permite curar lesiones en el recto como lo son las hemorroides. Para este fin, pueden consumirla personas mayores de los 2 a\u00f1os, aunque se recomienda que ni\u00f1os de entre 2 y 15 a\u00f1os tomen otros tratamientos, como aceite mineral y lactulosa.<\/p>\n<p>Esta planta es diur\u00e9tica, con lo cual contribuye a depurar el organismo y disminuye la retenci\u00f3n de l\u00edquidos. Tambi\u00e9n se la ha asociado con una mejora en la musculatura del aparato urinario, facilitando en la expulsi\u00f3n de la orina.<\/p>\n<p>Se cree que el sen es un tratamiento probablemente eficaz para la preparaci\u00f3n del intestino antes de una colonoscopia, al igual que el aceite de castor y el bisacodilo. No obstante, la investigaci\u00f3n todav\u00eda tiene que aclarar si las hojas de sen son el componente m\u00e1s efectivo para este fin o si otras sustancias como el polietileno glic\u00f3lico o el fosfato de sodio son m\u00e1s efectivos para limpiar los intestinos.<\/p>\n<p>&nbsp;<\/p>\n<h2>Efectos secundarios<\/h2>\n<p><strong>El consumo abusivo de esta planta puede generar una situaci\u00f3n de dependencia a los laxantes<\/strong>. Esto contribuye a que el intestino no trabaje de forma aut\u00f3noma, volvi\u00e9ndose \u201cvago\u201d.<\/p>\n<p>La mayor\u00eda de los efectos secundarios de esta planta se deben a una sobredosificaci\u00f3n y a que se alargue demasiado su consumo a lo largo del tiempo. Consumir diariamente cantidades superiores a los 3 gramos de hoja de sen puede ser t\u00f3xico.<\/p>\n<p>Debido a sus efectos laxantes, los principales s\u00edntomas que puede acarrear esta planta son del tipo gasterointestinal, como v\u00f3mitos, diarrea, deposiciones blandas, c\u00f3licos intensos, adem\u00e1s de disminuci\u00f3n de la vitamina K, hemorragias, falta de potasio, disminuci\u00f3n de la hemoglobina, hipocalcemia, hipocalemia, mala absorci\u00f3n intestinal, deshidrataci\u00f3n, aumento del flujo menstrual, da\u00f1os hep\u00e1ticos y, en los casos m\u00e1s graves, coma.<\/p>\n","protected":false},"featured_media":0,"template":"","meta":[],"product_brand":[],"product_cat":[83],"product_tag":[],"class_list":{"0":"post-3369","1":"product","2":"type-product","3":"status-publish","5":"product_cat-hierbas_medicinales","7":"first","8":"instock","9":"shipping-taxable","10":"product-type-simple"},"_links":{"self":[{"href":"https:\/\/sucesoresluisrodriguez.com\/site\/wp-json\/wp\/v2\/product\/3369","targetHints":{"allow":["GET"]}}],"collection":[{"href":"https:\/\/sucesoresluisrodriguez.com\/site\/wp-json\/wp\/v2\/product"}],"about":[{"href":"https:\/\/sucesoresluisrodriguez.com\/site\/wp-json\/wp\/v2\/types\/product"}],"wp:attachment":[{"href":"https:\/\/sucesoresluisrodriguez.com\/site\/wp-json\/wp\/v2\/media?parent=3369"}],"wp:term":[{"taxonomy":"product_brand","embeddable":true,"href":"https:\/\/sucesoresluisrodriguez.com\/site\/wp-json\/wp\/v2\/product_brand?post=3369"},{"taxonomy":"product_cat","embeddable":true,"href":"https:\/\/sucesoresluisrodriguez.com\/site\/wp-json\/wp\/v2\/product_cat?post=3369"},{"taxonomy":"product_tag","embeddable":true,"href":"https:\/\/sucesoresluisrodriguez.com\/site\/wp-json\/wp\/v2\/product_tag?post=3369"}],"curies":[{"name":"wp","href":"https:\/\/api.w.org\/{rel}","templated":true}]}}