{"id":3365,"date":"2020-08-28T03:08:09","date_gmt":"2020-08-28T03:08:09","guid":{"rendered":"http:\/\/sucesoresluisrodriguez.com\/site\/?post_type=product&#038;p=3365"},"modified":"2020-08-28T03:08:10","modified_gmt":"2020-08-28T03:08:10","slug":"boldo","status":"publish","type":"product","link":"https:\/\/sucesoresluisrodriguez.com\/site\/product\/boldo\/","title":{"rendered":"Boldo"},"content":{"rendered":"","protected":false},"excerpt":{"rendered":"<h3>Cantidad\/peso: Libra, 4 onzas.<\/h3>\n<hr \/>\n<h2 data-fontsize=\"30\" data-lineheight=\"39\">Beneficios del boldo para la salud<\/h2>\n<ol>\n<li><strong>H\u00edgado y ves\u00edcula<\/strong>: el boldo contiene cerca de veinte alcaloides entre los cuales destaca la boldina. La boldina estimula al funcionamiento de la ves\u00edcula biliar y propiedades beneficiosas sobre el h\u00edgado. Es capaz de cambiar la composici\u00f3n qu\u00edmica de la bilis previniendo la formaci\u00f3n de c\u00e1lculos biliares o piedras en la ves\u00edcula.<\/li>\n<li><strong>Bajar el colesterol<\/strong>: el boldo es una planta adecuada para disminuir los niveles de colesterol, dado que depura el h\u00edgado y el colesterol de la bilis ayudando a eliminar estas grasas del organismo. Pueden beneficiarse de sus efectos las personas con ictericia, cirrosis e h\u00edgado graso.<\/li>\n<li><strong>Aparato digestivo<\/strong>: su caracter\u00edstica fragancia y aroma que desprende la planta le confiere un efecto tonificante del sistema digestivo, sobre todo gracias al aceite esencial cineol, que tiene un efecto hepatot\u00f3nico y protector estomacal.<\/li>\n<li><strong>Dolor y molestias estomacales<\/strong>: puede ser un buen remedio para dolor y molestias estomacales como tambi\u00e9n para la gastritis mediante infusiones y tisanas. As\u00ed como utilizarla como especie en la cocina ayudara en aligerar las digestiones.<\/li>\n<li><strong>Gases y flatulencias<\/strong>: otro aceite esencial como el ascardiol es un componente con efecto antiflatulento, sedante y ligeramente analg\u00e9sico. Utilizar tisanas o el boldo como condimento en personas con problemas de gases, vientre hinchado, meteorismo y ventosidades puede ser un buen tratamiento.<\/li>\n<li><strong>Laxante<\/strong>: hay que tener en cuenta que tratamientos con boldo puede dar un efecto ligeramente laxante debido a sus propiedades coler\u00e9ticas.<\/li>\n<li><strong>Dormir mejor<\/strong>: muestra efectos sedantes y calmantes del sistema nervioso. La boldina tiene un efecto levemente hipn\u00f3tico. Puede estar indicado para personas con insomnio puntual, nerviosismo, estr\u00e9s y ansiedad.<\/li>\n<li><strong>Tos e infecciones respiratorias<\/strong>: el aceite esencial, eucaliptol, tambi\u00e9n presente en m\u00e1s cantidad en el aceite esencial de eucalipto tiene propiedades expectorantes y contra el catarro. Se encuentran preparados como el jarabe de boldo para tratar la tos y congesti\u00f3n de pecho. Adem\u00e1s, por sus propiedades antibi\u00f3ticas, antiinflamatorias y hep\u00e1ticas esta planta puede constituir una gran ayuda como coadyuvante del tratamiento de infecciones respiratorias.<\/li>\n<\/ol>\n","protected":false},"featured_media":3366,"template":"","meta":[],"product_brand":[],"product_cat":[83],"product_tag":[],"class_list":{"0":"post-3365","1":"product","2":"type-product","3":"status-publish","4":"has-post-thumbnail","6":"product_cat-hierbas_medicinales","8":"first","9":"instock","10":"shipping-taxable","11":"product-type-simple"},"_links":{"self":[{"href":"https:\/\/sucesoresluisrodriguez.com\/site\/wp-json\/wp\/v2\/product\/3365","targetHints":{"allow":["GET"]}}],"collection":[{"href":"https:\/\/sucesoresluisrodriguez.com\/site\/wp-json\/wp\/v2\/product"}],"about":[{"href":"https:\/\/sucesoresluisrodriguez.com\/site\/wp-json\/wp\/v2\/types\/product"}],"wp:featuredmedia":[{"embeddable":true,"href":"https:\/\/sucesoresluisrodriguez.com\/site\/wp-json\/wp\/v2\/media\/3366"}],"wp:attachment":[{"href":"https:\/\/sucesoresluisrodriguez.com\/site\/wp-json\/wp\/v2\/media?parent=3365"}],"wp:term":[{"taxonomy":"product_brand","embeddable":true,"href":"https:\/\/sucesoresluisrodriguez.com\/site\/wp-json\/wp\/v2\/product_brand?post=3365"},{"taxonomy":"product_cat","embeddable":true,"href":"https:\/\/sucesoresluisrodriguez.com\/site\/wp-json\/wp\/v2\/product_cat?post=3365"},{"taxonomy":"product_tag","embeddable":true,"href":"https:\/\/sucesoresluisrodriguez.com\/site\/wp-json\/wp\/v2\/product_tag?post=3365"}],"curies":[{"name":"wp","href":"https:\/\/api.w.org\/{rel}","templated":true}]}}