{"id":3356,"date":"2020-08-28T01:47:44","date_gmt":"2020-08-28T01:47:44","guid":{"rendered":"http:\/\/sucesoresluisrodriguez.com\/site\/?post_type=product&#038;p=3356"},"modified":"2020-08-28T01:47:44","modified_gmt":"2020-08-28T01:47:44","slug":"nuez","status":"publish","type":"product","link":"https:\/\/sucesoresluisrodriguez.com\/site\/product\/nuez\/","title":{"rendered":"Nuez"},"content":{"rendered":"","protected":false},"excerpt":{"rendered":"<h3>Presentaci\u00f3n disponible del producto: Libra, 1\/2 libra, 4 onzas.<\/h3>\n<hr \/>\n<h3>Beneficios de la nuez<\/h3>\n<p>Como la mayor\u00eda de los frutos secos, los beneficios de las nueces son numerosos y pueden sorprender con aspectos que ni siquiera conoc\u00edas. Te contamos cu\u00e1les son los principales y qu\u00e9 puedes mejorar en tu salud comiendo una peque\u00f1a raci\u00f3n (unos 30 grs es suficiente) de nueces a diario.<\/p>\n<ul>\n<li><b>Reducir el colesterol<\/b> es uno de los grandes beneficios de este producto bio por su alto contenido en \u00e1cidos grasos Omega 3 de origen vegetal<\/li>\n<li>Las grasas y minerales que contienen las nueces ayudan a <b>prevenir enfermedades cardiovasculares<\/b> y tener un coraz\u00f3n sano. En concreto comer a diario unos 30 grs de frutos secos al d\u00eda, de los cuales al menos la mitad deben ser nueces, reduce en un 30% el riesgo de accidentes cardiovasculares seg\u00fan ha publicado un estudio de la revista<i> The New England Journal of Medicine<\/i><\/li>\n<li><b>Cuida tu cerebro<\/b> es el eslogan que podr\u00edamos asociar a la nuez, sus propiedades nutricionales mejoran la capacidad neuronal del organismo. Sus compuestos neuroprotectores ayudan a mejorar la funci\u00f3n cognitiva y motriz del envejecimiento.<\/li>\n<li>Los frutos secos est\u00e1n compuestos de <b>grasas saludables o grasas de origen vegetal<\/b>, en concreto la nuez contiene 21 gramos por cada 100 de producto, que te aportar\u00e1n un extra de energ\u00eda en tu d\u00eda a d\u00eda.<\/li>\n<li>Adem\u00e1s <b>regulan el tr\u00e1nsito intestinal<\/b> gracias a su alto contenido en fibra y combaten el tan temido estre\u00f1imiento. Saciar\u00e1s tu apetito y llegar\u00e1s con menos ansiedad a las comidas principales del d\u00eda<\/li>\n<li>Para los <b>deportistas<\/b> pueden ser un gran aporte de valor energ\u00e9tico, es bueno tomarlas tras un intenso esfuerzo f\u00edsico (deportes de larga duraci\u00f3n) por su alto contenido en Omega 3 y su bajo contenido en agua, porque ayudan a recuperarse tras el ejercicio.<\/li>\n<li>Su contenido en tript\u00f3fano y la vitamina B6 favorecen a la relajaci\u00f3n muscular, a <b>conciliar el sue\u00f1o<\/b> incluso a combatir el insomnio. Sus aporte de \u00e1cidos grasos poliinsaturados (como el \u00e1cido linoleico) retrasan la aparici\u00f3n de alteraciones en el sue\u00f1o.<\/li>\n<li><b>Potencian el sistema inmunol\u00f3gico<\/b>, de manera que las nueces ayudan a tu cuerpo a protegerse de los agentes externos y a sentirte mejor y m\u00e1s sano a diario.<\/li>\n<\/ul>\n","protected":false},"featured_media":3357,"template":"","meta":[],"product_brand":[],"product_cat":[76],"product_tag":[],"class_list":{"0":"post-3356","1":"product","2":"type-product","3":"status-publish","4":"has-post-thumbnail","6":"product_cat-frutossecos","8":"first","9":"instock","10":"shipping-taxable","11":"product-type-simple"},"_links":{"self":[{"href":"https:\/\/sucesoresluisrodriguez.com\/site\/wp-json\/wp\/v2\/product\/3356","targetHints":{"allow":["GET"]}}],"collection":[{"href":"https:\/\/sucesoresluisrodriguez.com\/site\/wp-json\/wp\/v2\/product"}],"about":[{"href":"https:\/\/sucesoresluisrodriguez.com\/site\/wp-json\/wp\/v2\/types\/product"}],"wp:featuredmedia":[{"embeddable":true,"href":"https:\/\/sucesoresluisrodriguez.com\/site\/wp-json\/wp\/v2\/media\/3357"}],"wp:attachment":[{"href":"https:\/\/sucesoresluisrodriguez.com\/site\/wp-json\/wp\/v2\/media?parent=3356"}],"wp:term":[{"taxonomy":"product_brand","embeddable":true,"href":"https:\/\/sucesoresluisrodriguez.com\/site\/wp-json\/wp\/v2\/product_brand?post=3356"},{"taxonomy":"product_cat","embeddable":true,"href":"https:\/\/sucesoresluisrodriguez.com\/site\/wp-json\/wp\/v2\/product_cat?post=3356"},{"taxonomy":"product_tag","embeddable":true,"href":"https:\/\/sucesoresluisrodriguez.com\/site\/wp-json\/wp\/v2\/product_tag?post=3356"}],"curies":[{"name":"wp","href":"https:\/\/api.w.org\/{rel}","templated":true}]}}