{"id":3349,"date":"2020-08-28T01:03:20","date_gmt":"2020-08-28T01:03:20","guid":{"rendered":"http:\/\/sucesoresluisrodriguez.com\/site\/?post_type=product&#038;p=3349"},"modified":"2020-08-28T01:03:20","modified_gmt":"2020-08-28T01:03:20","slug":"sagu","status":"publish","type":"product","link":"https:\/\/sucesoresluisrodriguez.com\/site\/product\/sagu\/","title":{"rendered":"Sagu"},"content":{"rendered":"","protected":false},"excerpt":{"rendered":"<h3>Cantidad\/peso: kilo, 1\/2 kilo.<\/h3>\n<hr \/>\n<h2><span id=\"Que_beneficios_nutricionales_tiene_el_sagu\">\u00bfQu\u00e9 beneficios nutricionales tiene el sag\u00fa?<\/span><\/h2>\n<p>Ente otros beneficios que tiene el sag\u00fa es su capacidad para <strong>ayudar a aumentar de peso, controlar la presi\u00f3n arterial y mejorar la circulaci\u00f3n sangu\u00ednea.<\/strong><\/p>\n<h3><span id=\"Aumento_de_peso\">Aumento de peso<\/span><\/h3>\n<p>Desgraciadamente existen zonas del planeta que son conocidos por su<strong> escasez de alimentos<\/strong> en los que el sag\u00fa puede ser una excelente forma de nutrici\u00f3n para la poblaci\u00f3n. Gracias a los beneficios del sag\u00fa, este fruto puede ser<strong> una forma excelente y econ\u00f3mica de aumentar de peso r\u00e1pidamente.<\/strong><\/p>\n<p>Hay alrededor de 350 calor\u00edas en cada 100 gramos de porci\u00f3n; esta sustancia amil\u00e1cea puede convertirse en pudines y batidos densos en calor\u00edas y puede proporcionar la energ\u00eda que necesita para su d\u00eda a d\u00eda y recuperar peso con rapidez.<\/p>\n<p>Tambi\u00e9n es utilizado para recuperarse de ciertas enfermedades en que se necesita subir de peso. Gracias a sus componentes nutritivos y saludables, el sag\u00fa se sirve como desayuno para muchos ni\u00f1os en zonas de la India y Pakist\u00e1n.<\/p>\n<h3><span id=\"Reduce_la_presion_arterial\">Reduce la presi\u00f3n arterial<\/span><\/h3>\n<p>En el sag\u00fa existe una peque\u00f1a cantidad de potasio que nos puede ayudar a resolver los<strong> problemas de presi\u00f3n arterial<\/strong>. Puede ayudar a reducir la presi\u00f3n arterial y disminuir la tensi\u00f3n general en el <strong>sistema cardiovascular<\/strong>.<\/p>\n<p>El consumo de potasio ayuda a estimular el flujo sangu\u00edneo saludable que disminuye la tensi\u00f3n en el sistema cardiovascular.<\/p>\n<h3><span id=\"Mejora_la_digestion\">Mejora la digesti\u00f3n<\/span><\/h3>\n<p>En t\u00e9rminos de<strong> problemas digestivos<\/strong> o inflamaci\u00f3n en el est\u00f3mago, a menudo se recomiendan<strong> los beneficios del sag\u00fa ya que es f\u00e1cil de digerir<\/strong>. Como tiene una peque\u00f1a cantidad de fibra, puede acelerar a\u00fan m\u00e1s el proceso digestivo y ayudar a<strong> reequilibrar el ambiente bacteriano en el intestino<\/strong>.<\/p>\n<p>El sag\u00fa perla se usa como un alimento para beb\u00e9s no irritantes f\u00e1cilmente digeribles, as\u00ed como tambi\u00e9n como alimento en los casos inflamatorios. En tales casos, la sabudana se hierve con leche o agua y luego se agrega az\u00facar o especias para mejorar el sabor.<\/p>\n<h3><span id=\"Aumenta_la_energia_corporal\">Aumenta la energ\u00eda corporal<\/span><\/h3>\n<p>Obviamente, las calor\u00edas son la principal fuente de energ\u00eda para los seres humanos, ayudan a impulsar todos los procesos que damos por sentado diariamente. Una dosis s\u00f3lida de calor\u00edas en forma de sag\u00fa f\u00e1cilmente digerido es <strong>una excelente manera de mantener tus niveles de energ\u00eda altos<\/strong> y regulados en el transcurso de tu d\u00eda.<\/p>\n","protected":false},"featured_media":3350,"template":"","meta":[],"product_brand":[],"product_cat":[78],"product_tag":[],"class_list":{"0":"post-3349","1":"product","2":"type-product","3":"status-publish","4":"has-post-thumbnail","6":"product_cat-otros_comestibles","8":"first","9":"instock","10":"shipping-taxable","11":"product-type-simple"},"_links":{"self":[{"href":"https:\/\/sucesoresluisrodriguez.com\/site\/wp-json\/wp\/v2\/product\/3349","targetHints":{"allow":["GET"]}}],"collection":[{"href":"https:\/\/sucesoresluisrodriguez.com\/site\/wp-json\/wp\/v2\/product"}],"about":[{"href":"https:\/\/sucesoresluisrodriguez.com\/site\/wp-json\/wp\/v2\/types\/product"}],"wp:featuredmedia":[{"embeddable":true,"href":"https:\/\/sucesoresluisrodriguez.com\/site\/wp-json\/wp\/v2\/media\/3350"}],"wp:attachment":[{"href":"https:\/\/sucesoresluisrodriguez.com\/site\/wp-json\/wp\/v2\/media?parent=3349"}],"wp:term":[{"taxonomy":"product_brand","embeddable":true,"href":"https:\/\/sucesoresluisrodriguez.com\/site\/wp-json\/wp\/v2\/product_brand?post=3349"},{"taxonomy":"product_cat","embeddable":true,"href":"https:\/\/sucesoresluisrodriguez.com\/site\/wp-json\/wp\/v2\/product_cat?post=3349"},{"taxonomy":"product_tag","embeddable":true,"href":"https:\/\/sucesoresluisrodriguez.com\/site\/wp-json\/wp\/v2\/product_tag?post=3349"}],"curies":[{"name":"wp","href":"https:\/\/api.w.org\/{rel}","templated":true}]}}