{"id":3342,"date":"2020-08-28T00:43:50","date_gmt":"2020-08-28T00:43:50","guid":{"rendered":"http:\/\/sucesoresluisrodriguez.com\/site\/?post_type=product&#038;p=3342"},"modified":"2020-08-28T00:43:51","modified_gmt":"2020-08-28T00:43:51","slug":"lactosa","status":"publish","type":"product","link":"https:\/\/sucesoresluisrodriguez.com\/site\/product\/lactosa\/","title":{"rendered":"Lactosa"},"content":{"rendered":"","protected":false},"excerpt":{"rendered":"<h3>Cantidad\/peso: 1 kilo, 1\/2 kilo.<\/h3>\n<hr \/>\n<p>La lactosa es un carbohidrato sencillo que se encuentra en la leche. Tambi\u00e9n se conoce como az\u00facar de la leche. Es un az\u00facar reductor, por lo que reacciona con amino\u00e1cidos a altas temperaturas. Esto puede determinar el sabor final. El uso de lactosa en polvo en las tabletas puede darse en el m\u00e9todo directo de compresi\u00f3n. La lactosa y anhidros secos son capaces de formar una tableta s\u00f3lida bajo compresi\u00f3n. En su grado farmac\u00e9utico es un fino polvo, pero puede utilizarse conjuntamente con otras lactosas en polvo. Las mallas de menor tama\u00f1o hacen que el proceso de mezclado sea m\u00e1s f\u00e1cil y eficiente, y las m\u00e1s grandes mejoran el flujo. La lactosa en polvo puede mezclarse tambi\u00e9n con sacarosa para crear mezclas de revestimiento de az\u00facar.<\/p>\n<p>La creaci\u00f3n de los diferentes grados de lactosa en polvo ha pasado por muchos avances. Cada grado produce una forma ligeramente diferente de lactosa en polvo. Gracias a ello, puede ser m\u00e1s espec\u00edfico con las propiedades de so f\u00f3rmula. Cada uno de estos grados tiene distintos m\u00e9todos de fabricaci\u00f3n. La lactosa de grado farmac\u00e9utico se elabora con una concentraci\u00f3n de suero de leche que satura la lactosa.<\/p>\n<p>Desde el punto de vista del usuario final, deben tomarse ciertas consideraciones al crear tabletas. La lactosa en polvo es un ingrediente muy conocido y familiar para el consumidor. Debe tener en cuenta que ciertos consumidores pueden ser intolerantes a la lactosa. El consumo de este ingrediente podr\u00eda ocasionar en ellos calambres, diarrea y flatulencia.<\/p>\n<p>La lactosa en polvo de grado farmac\u00e9utico debe almacenarse en un lugar fresco y oscuro. La temperatura de almacenamiento debe ser inferior a 27 grados Celsius, con una humedad por debajo del 65%. Una mayor humedad podr\u00eda desencadenar moho<\/p>\n","protected":false},"featured_media":3343,"template":"","meta":[],"product_brand":[],"product_cat":[78],"product_tag":[],"class_list":{"0":"post-3342","1":"product","2":"type-product","3":"status-publish","4":"has-post-thumbnail","6":"product_cat-otros_comestibles","8":"first","9":"instock","10":"shipping-taxable","11":"product-type-simple"},"_links":{"self":[{"href":"https:\/\/sucesoresluisrodriguez.com\/site\/wp-json\/wp\/v2\/product\/3342","targetHints":{"allow":["GET"]}}],"collection":[{"href":"https:\/\/sucesoresluisrodriguez.com\/site\/wp-json\/wp\/v2\/product"}],"about":[{"href":"https:\/\/sucesoresluisrodriguez.com\/site\/wp-json\/wp\/v2\/types\/product"}],"wp:featuredmedia":[{"embeddable":true,"href":"https:\/\/sucesoresluisrodriguez.com\/site\/wp-json\/wp\/v2\/media\/3343"}],"wp:attachment":[{"href":"https:\/\/sucesoresluisrodriguez.com\/site\/wp-json\/wp\/v2\/media?parent=3342"}],"wp:term":[{"taxonomy":"product_brand","embeddable":true,"href":"https:\/\/sucesoresluisrodriguez.com\/site\/wp-json\/wp\/v2\/product_brand?post=3342"},{"taxonomy":"product_cat","embeddable":true,"href":"https:\/\/sucesoresluisrodriguez.com\/site\/wp-json\/wp\/v2\/product_cat?post=3342"},{"taxonomy":"product_tag","embeddable":true,"href":"https:\/\/sucesoresluisrodriguez.com\/site\/wp-json\/wp\/v2\/product_tag?post=3342"}],"curies":[{"name":"wp","href":"https:\/\/api.w.org\/{rel}","templated":true}]}}