{"id":3332,"date":"2020-08-27T22:36:40","date_gmt":"2020-08-27T22:36:40","guid":{"rendered":"http:\/\/sucesoresluisrodriguez.com\/site\/?post_type=product&#038;p=3332"},"modified":"2020-08-27T22:36:40","modified_gmt":"2020-08-27T22:36:40","slug":"canguil","status":"publish","type":"product","link":"https:\/\/sucesoresluisrodriguez.com\/site\/product\/canguil\/","title":{"rendered":"Canguil"},"content":{"rendered":"","protected":false},"excerpt":{"rendered":"<h3>Cantidad\/peso: 1 libra.<\/h3>\n<hr \/>\n<p>Aunque muchas personas no lo saben, las palomitas de ma\u00edz son un alimento de grano integral que puede aportar importantes beneficios al organismo. De hecho, hay estudios que sugieren que <strong>el consumo de granos integrales disminuye la inflamaci\u00f3n y el riesgo de enfermedad card\u00edaca.\u00a0<\/strong><\/p>\n<p>Entre otras cosas, como lo hemos mencionado, contiene nutrientes que contribuyen a promover el bienestar en otros aspectos. Para detallarlo, a continuaci\u00f3n repasamos sus principales beneficios. \u00a1Desc\u00fabrelos!<\/p>\n<h3>Facilitan la digesti\u00f3n<\/h3>\n<p>Las palomitas de ma\u00edz son un grano entero, por lo que s<strong>u alto contenido en fibra hace que se regule el tr\u00e1nsito intestinal.<\/strong> De hecho, una porci\u00f3n de 100 gramos de este alimento puede aportar hasta 15 gramos de fibra.<\/p>\n<p>De acuerdo con la revista m\u00e9dica <em>World Journal of Gastroenterology<\/em>, <strong>la fibra diet\u00e9tica ayuda a promover la salud digestiva y apoya el tratamiento de problemas como el estre\u00f1imiento.\u00a0<\/strong><\/p>\n<h3>Reducen los niveles de colesterol<\/h3>\n<p>Las evidencias tambi\u00e9n respaldan que la fibra diet\u00e9tica puede ayudar a reducir los niveles altos de colesterol. Incluso, un estudio publicado en <em>British Medical Journal<\/em> destaca que este nutriente es determinante para reducir el riesgo de enfermedades cardiovasculares como la aterosclerosis.<\/p>\n<p>Como lo hemos mencionado, las palomitas de ma\u00edz son uno de los alimentos con m\u00e1s contenido de fibra. De hecho, una investigaci\u00f3n divulgada a trav\u00e9s de <em>Journal of the American Dietetic Association<\/em>, concluy\u00f3 que <strong>su consumo est\u00e1 asociado con una mayor ingesta de granos enteros, fibra diet\u00e9tica y otros nutrientes.<\/strong><\/p>\n<h3>Ayudan a reducir el az\u00facar en sangre<\/h3>\n<p>Consumir palomitas de ma\u00edz puede resultar beneficioso para el control de los niveles altos de az\u00facar en la sangre. Si bien no hay estudios que demuestren que previenen la diabetes, <strong>s\u00ed hay investigaciones que relacionan el aporte de fibra en la dieta y la disminuci\u00f3n de la glucosa alta.<\/strong><\/p>\n<p>Por ejemplo, un estudio publicado en<em> Proceedings of the Nutrition Society<\/em>, determin\u00f3 que la fibra puede disminuir el riesgo de diabetes tipo 2. Adem\u00e1s, podr\u00eda mejorar la capacidad para utilizar la insulina de forma adecuada<\/p>\n<h3>P\u00e9rdida de peso<\/h3>\n<p>Una taza normal de palomitas de ma\u00edz contiene s\u00f3lo 30 calor\u00edas, que es aproximadamente cinco veces menos que la misma cantidad de patatas fritas.<\/p>\n<p>Adem\u00e1s, el contenido de fibra en las palomitas de ma\u00edz\u00a0inhibe la liberaci\u00f3n de la hormona del hambre, la grelina. Esto, adem\u00e1s de su carga cal\u00f3rica baja, sugiere que este<em> snack<\/em><strong> es una buena opci\u00f3n para aquellos que buscan control su peso corporal limitando la ingesta de energ\u00eda.<\/strong><\/p>\n<p><em><strong>Nota importante:<\/strong> Los beneficios de comer palomitas de ma\u00edz est\u00e1n vinculados a comer este alimento solo. Es decir, sin a\u00f1adirles sal, mantequilla u otros aromas o ingredientes.<\/em><\/p>\n","protected":false},"featured_media":0,"template":"","meta":[],"product_brand":[],"product_cat":[78],"product_tag":[],"class_list":{"0":"post-3332","1":"product","2":"type-product","3":"status-publish","5":"product_cat-otros_comestibles","7":"first","8":"instock","9":"shipping-taxable","10":"product-type-simple"},"_links":{"self":[{"href":"https:\/\/sucesoresluisrodriguez.com\/site\/wp-json\/wp\/v2\/product\/3332","targetHints":{"allow":["GET"]}}],"collection":[{"href":"https:\/\/sucesoresluisrodriguez.com\/site\/wp-json\/wp\/v2\/product"}],"about":[{"href":"https:\/\/sucesoresluisrodriguez.com\/site\/wp-json\/wp\/v2\/types\/product"}],"wp:attachment":[{"href":"https:\/\/sucesoresluisrodriguez.com\/site\/wp-json\/wp\/v2\/media?parent=3332"}],"wp:term":[{"taxonomy":"product_brand","embeddable":true,"href":"https:\/\/sucesoresluisrodriguez.com\/site\/wp-json\/wp\/v2\/product_brand?post=3332"},{"taxonomy":"product_cat","embeddable":true,"href":"https:\/\/sucesoresluisrodriguez.com\/site\/wp-json\/wp\/v2\/product_cat?post=3332"},{"taxonomy":"product_tag","embeddable":true,"href":"https:\/\/sucesoresluisrodriguez.com\/site\/wp-json\/wp\/v2\/product_tag?post=3332"}],"curies":[{"name":"wp","href":"https:\/\/api.w.org\/{rel}","templated":true}]}}