{"id":3326,"date":"2020-08-05T03:53:17","date_gmt":"2020-08-05T03:53:17","guid":{"rendered":"http:\/\/sucesoresluisrodriguez.com\/site\/?post_type=product&#038;p=3326"},"modified":"2020-08-05T03:53:18","modified_gmt":"2020-08-05T03:53:18","slug":"bicarbonato-de-sodio","status":"publish","type":"product","link":"https:\/\/sucesoresluisrodriguez.com\/site\/product\/bicarbonato-de-sodio\/","title":{"rendered":"Bicarbonato de sodio"},"content":{"rendered":"","protected":false},"excerpt":{"rendered":"<h3>Cantidad\/peso: 200 gramos, 400 gramos.<\/h3>\n<hr \/>\n<h3>Beneficios<\/h3>\n<ul>\n<li>Siguiendo con la mezcla de agua y bicarbonato, ambas sustancias unen tambi\u00e9n sus fuerzas para tratar el dolor y la <strong>inflamaci\u00f3n de garganta<\/strong>, reducir la <strong>acidez en la orina<\/strong> en casos de infecci\u00f3n urinaria, regular el pH de la sangre, muy \u00fatil si se padecen enfermedades como la gota o la artritis; y controlar los <strong>niveles de colesterol <\/strong>en sangre.<\/li>\n<li>Sus <strong>propiedades antis\u00e9pticas<\/strong> tambi\u00e9n pueden ayudar a aliviar las <strong>\u00falceras bucales<\/strong> a trav\u00e9s de enjuagues o g\u00e1rgaras con dicha composici\u00f3n.<\/li>\n<li>Unido a la pasta de dientes puede convertirse en un poderoso <strong>blanqueador<\/strong>, adem\u00e1s de un gran aliado contra el mal aliento, la acumulaci\u00f3n de placa dental, las manchas amarillentas o los <strong>problemas de enc\u00edas<\/strong>.<\/li>\n<li>Desde el punto de vista dermatol\u00f3gico, el bicarbonato s\u00f3dico tambi\u00e9n puede ayudar a curar las <strong>quemaduras<\/strong> -al menos a calmar el dolor- y las picaduras de los insectos, mejorar los <strong>eczemas<\/strong> o facilitar la eliminaci\u00f3n de los <strong>hongos de la piel<\/strong>. En estos casos, se debe recurrir al bicarbonato por <strong>v\u00eda t\u00f3pica<\/strong>.<\/li>\n<\/ul>\n","protected":false},"featured_media":3327,"template":"","meta":[],"product_brand":[],"product_cat":[78],"product_tag":[],"class_list":{"0":"post-3326","1":"product","2":"type-product","3":"status-publish","4":"has-post-thumbnail","6":"product_cat-otros_comestibles","8":"first","9":"instock","10":"shipping-taxable","11":"product-type-simple"},"_links":{"self":[{"href":"https:\/\/sucesoresluisrodriguez.com\/site\/wp-json\/wp\/v2\/product\/3326","targetHints":{"allow":["GET"]}}],"collection":[{"href":"https:\/\/sucesoresluisrodriguez.com\/site\/wp-json\/wp\/v2\/product"}],"about":[{"href":"https:\/\/sucesoresluisrodriguez.com\/site\/wp-json\/wp\/v2\/types\/product"}],"wp:featuredmedia":[{"embeddable":true,"href":"https:\/\/sucesoresluisrodriguez.com\/site\/wp-json\/wp\/v2\/media\/3327"}],"wp:attachment":[{"href":"https:\/\/sucesoresluisrodriguez.com\/site\/wp-json\/wp\/v2\/media?parent=3326"}],"wp:term":[{"taxonomy":"product_brand","embeddable":true,"href":"https:\/\/sucesoresluisrodriguez.com\/site\/wp-json\/wp\/v2\/product_brand?post=3326"},{"taxonomy":"product_cat","embeddable":true,"href":"https:\/\/sucesoresluisrodriguez.com\/site\/wp-json\/wp\/v2\/product_cat?post=3326"},{"taxonomy":"product_tag","embeddable":true,"href":"https:\/\/sucesoresluisrodriguez.com\/site\/wp-json\/wp\/v2\/product_tag?post=3326"}],"curies":[{"name":"wp","href":"https:\/\/api.w.org\/{rel}","templated":true}]}}