{"id":3298,"date":"2020-08-01T18:18:13","date_gmt":"2020-08-01T18:18:13","guid":{"rendered":"http:\/\/sucesoresluisrodriguez.com\/site\/?post_type=product&#038;p=3298"},"modified":"2020-08-01T18:18:14","modified_gmt":"2020-08-01T18:18:14","slug":"oregano-hoja-y-molido","status":"publish","type":"product","link":"https:\/\/sucesoresluisrodriguez.com\/site\/product\/oregano-hoja-y-molido\/","title":{"rendered":"Or\u00e9gano: hoja y molido"},"content":{"rendered":"","protected":false},"excerpt":{"rendered":"<h3>Cantidad\/peso: Libra, 1\/2 libra, 4 onzas.<\/h3>\n<hr \/>\n<p>Son incre\u00edbles e innumerables los beneficios que el or\u00e9gano proporciona a la salud y al cuerpo. Conocidos desde tiempos remotos, y hoy en d\u00eda muchos doctores lo recomiendan en las dietas y en los planes alimenticios, y no es casualidad, \u00a1esta planta es curativa!<\/p>\n<ul>\n<li>Proporciona beneficios digestivos, ya que puede ayudar con los espasmos intestinales, gracias al carvacrol, borneol y el timol, que son los componentes principales que se encargan de esta funci\u00f3n.<\/li>\n<li>Tambi\u00e9n tiene propiedades carmitativas, es decir, ayuda a expulsar los gases intestinales y es antiespasm\u00f3dico.<\/li>\n<li>Es antiinflamatorio, antis\u00e9ptico, expectorante, y mejora la buena salud de las v\u00edas respiratorias.<\/li>\n<li>Ayuda con el resfriado, las infecciones, puede ayudar a eliminar g\u00e9rmenes.<\/li>\n<li>Es emenagogo, es decir, ayuda con los c\u00f3licos causados por la menstruaci\u00f3n. Mejora la retenci\u00f3n de l\u00edquidos, la irritabilidad general y ayuda con los dolores de cabeza y de est\u00f3mago.<\/li>\n<li>Puede mejorar la amigdalitis, el reumatismo, y es excelente en la desinfecci\u00f3n de heridas, adem\u00e1s ayuda con las lesiones externas.<\/li>\n<li>Es un estimulante inmunol\u00f3gico, puede ayudar a disminuir los c\u00f3licos menstruales, aliviar el malestar estomacal, la congesti\u00f3n nasal y pulmonar, ayuda con las enfermedades de la piel y se usa para tratar los hongos y algunas alergias.<\/li>\n<\/ul>\n","protected":false},"featured_media":3299,"template":"","meta":[],"product_brand":[],"product_cat":[82,83],"product_tag":[],"class_list":{"0":"post-3298","1":"product","2":"type-product","3":"status-publish","4":"has-post-thumbnail","6":"product_cat-especerias_sal","7":"product_cat-hierbas_medicinales","9":"first","10":"instock","11":"shipping-taxable","12":"product-type-simple"},"_links":{"self":[{"href":"https:\/\/sucesoresluisrodriguez.com\/site\/wp-json\/wp\/v2\/product\/3298","targetHints":{"allow":["GET"]}}],"collection":[{"href":"https:\/\/sucesoresluisrodriguez.com\/site\/wp-json\/wp\/v2\/product"}],"about":[{"href":"https:\/\/sucesoresluisrodriguez.com\/site\/wp-json\/wp\/v2\/types\/product"}],"wp:featuredmedia":[{"embeddable":true,"href":"https:\/\/sucesoresluisrodriguez.com\/site\/wp-json\/wp\/v2\/media\/3299"}],"wp:attachment":[{"href":"https:\/\/sucesoresluisrodriguez.com\/site\/wp-json\/wp\/v2\/media?parent=3298"}],"wp:term":[{"taxonomy":"product_brand","embeddable":true,"href":"https:\/\/sucesoresluisrodriguez.com\/site\/wp-json\/wp\/v2\/product_brand?post=3298"},{"taxonomy":"product_cat","embeddable":true,"href":"https:\/\/sucesoresluisrodriguez.com\/site\/wp-json\/wp\/v2\/product_cat?post=3298"},{"taxonomy":"product_tag","embeddable":true,"href":"https:\/\/sucesoresluisrodriguez.com\/site\/wp-json\/wp\/v2\/product_tag?post=3298"}],"curies":[{"name":"wp","href":"https:\/\/api.w.org\/{rel}","templated":true}]}}