{"id":3291,"date":"2020-08-01T18:02:25","date_gmt":"2020-08-01T18:02:25","guid":{"rendered":"http:\/\/sucesoresluisrodriguez.com\/site\/?post_type=product&#038;p=3291"},"modified":"2020-08-01T18:02:26","modified_gmt":"2020-08-01T18:02:26","slug":"laurel","status":"publish","type":"product","link":"https:\/\/sucesoresluisrodriguez.com\/site\/product\/laurel\/","title":{"rendered":"Laurel"},"content":{"rendered":"","protected":false},"excerpt":{"rendered":"<h3>Cantidad\/peso: 10 gramos.<\/h3>\n<hr \/>\n<p>Podemos enumerar sus propiedades y usos medicinales en la siguiente forma resumida en los beneficios del laurel y para qu\u00e9 sirven sus hojas:<\/p>\n<ul>\n<li>Alivia los c\u00f3licos y las dolencias gastrointestinales<\/li>\n<li>Alivia el dolor muscular y los c\u00f3licos<\/li>\n<li>Act\u00faa como un diur\u00e9tico<\/li>\n<li>Previene la gripe y los resfriados<\/li>\n<li>Previene y elimina la flatulencia<\/li>\n<li>Trata los problemas de \u00falceras estomacales<\/li>\n<li>Estimula el apetito<\/li>\n<li>Ayuda a prevenir el c\u00e1ncer<\/li>\n<li>Mejora la producci\u00f3n de c\u00e9lulas sangu\u00edneas<\/li>\n<li>Mejora la salud de los ojos, el cabello y la piel<\/li>\n<li>Tambi\u00e9n se puede utilizar como repelente natural<\/li>\n<\/ul>\n","protected":false},"featured_media":3292,"template":"","meta":[],"product_brand":[],"product_cat":[82],"product_tag":[],"class_list":{"0":"post-3291","1":"product","2":"type-product","3":"status-publish","4":"has-post-thumbnail","6":"product_cat-especerias_sal","8":"first","9":"instock","10":"shipping-taxable","11":"product-type-simple"},"_links":{"self":[{"href":"https:\/\/sucesoresluisrodriguez.com\/site\/wp-json\/wp\/v2\/product\/3291","targetHints":{"allow":["GET"]}}],"collection":[{"href":"https:\/\/sucesoresluisrodriguez.com\/site\/wp-json\/wp\/v2\/product"}],"about":[{"href":"https:\/\/sucesoresluisrodriguez.com\/site\/wp-json\/wp\/v2\/types\/product"}],"wp:featuredmedia":[{"embeddable":true,"href":"https:\/\/sucesoresluisrodriguez.com\/site\/wp-json\/wp\/v2\/media\/3292"}],"wp:attachment":[{"href":"https:\/\/sucesoresluisrodriguez.com\/site\/wp-json\/wp\/v2\/media?parent=3291"}],"wp:term":[{"taxonomy":"product_brand","embeddable":true,"href":"https:\/\/sucesoresluisrodriguez.com\/site\/wp-json\/wp\/v2\/product_brand?post=3291"},{"taxonomy":"product_cat","embeddable":true,"href":"https:\/\/sucesoresluisrodriguez.com\/site\/wp-json\/wp\/v2\/product_cat?post=3291"},{"taxonomy":"product_tag","embeddable":true,"href":"https:\/\/sucesoresluisrodriguez.com\/site\/wp-json\/wp\/v2\/product_tag?post=3291"}],"curies":[{"name":"wp","href":"https:\/\/api.w.org\/{rel}","templated":true}]}}