{"id":3283,"date":"2020-08-01T17:19:47","date_gmt":"2020-08-01T17:19:47","guid":{"rendered":"http:\/\/sucesoresluisrodriguez.com\/site\/?post_type=product&#038;p=3283"},"modified":"2020-08-01T17:19:48","modified_gmt":"2020-08-01T17:19:48","slug":"comino-grano-y-molido","status":"publish","type":"product","link":"https:\/\/sucesoresluisrodriguez.com\/site\/product\/comino-grano-y-molido\/","title":{"rendered":"Comino: grano y molido"},"content":{"rendered":"","protected":false},"excerpt":{"rendered":"<h3>Cantidad\/peso: Libra, 1\/2 libra, 4 onzas (s\u00f3lo en grano).<\/h3>\n<hr \/>\n<h2><span id=\"El-comino-y-sus-diversas-propiedades\">El comino y sus diversas propiedades<\/span><\/h2>\n<p>Es cierto que el <strong>comino<\/strong>, bien empleado, le da un toque \u00fanico a las comidas, pero lo que quiz\u00e1s no sabes es que esta especia no solo tiene un <strong>gran sabor y un agradable aroma<\/strong>, sino que tambi\u00e9n cuenta con m\u00faltiples propiedades que lo convierten en un condimento estrella, sobre todo para <strong>potenciar la salud.<\/strong><\/p>\n<p>En primer lugar, debes saber que<strong> el comino es realmente rico en vitaminas y minerales<\/strong> como el <strong>magnesio<\/strong>, el <strong>potasio,<\/strong> el <strong>f\u00f3sforo<\/strong>, el <strong>calcio<\/strong>, el <strong>hierro<\/strong> y las <strong>vitaminas A y E<\/strong>.<\/p>\n<p>Ya que tiene un <strong>contenido considerable de hierro<\/strong>, este condimento resulta estupendo para <strong>subir las defensas y reforzar el sistema inmune<\/strong>, protegiendo al cuerpo contra los agentes externos que puedan desencadenar posibles enfermedades.<\/p>\n<p>Asimismo, sirve como alternativa natural para ayudar a <strong>combatir la anemia ferrop\u00e9nica<\/strong> <strong>o por deficiencia de hierro,<\/strong> entre otros padecimientos similares.<\/p>\n<p>Para las <strong>personas con insomnio<\/strong>, el comino representa un posible aliado en contra de ese problema, ya que tiene la capacidad de actuar como un <strong>sedante natural<\/strong>, ayudando a conciliar el sue\u00f1o m\u00e1s f\u00e1cilmente.<\/p>\n<p>Adem\u00e1s, tiene una <strong>acci\u00f3n antibacteriana<\/strong> que ayuda a atacar los problemas bucales o dentales, como <strong>la placa, la gingivitis, las caries<\/strong>, entre otros, permitiendo <strong>mejorar la salud bucal<\/strong>.<\/p>\n<p>Su poderoso efecto analg\u00e9sico y digestivo ayuda a <strong>combatir las flatulencias<\/strong> y <strong>reduce la inflamaci\u00f3n abdominal<\/strong>. De igual forma, ayuda a <strong>prevenir el c\u00e1ncer de col\u00f3n<\/strong>, ya que ayuda con la limpieza del mismo y lo protege.<\/p>\n<p>Por otra parte, el comino tiene un potente <strong>efecto antioxidante<\/strong>, pues es rico en <strong>flavonoides y terpenos<\/strong>, y adem\u00e1s ayuda a <strong>acelerar el metabolismo<\/strong>. Tambi\u00e9n, <strong>mejora las secreciones g\u00e1stricas<\/strong>, brinda mucha energ\u00eda y nos hace sentir m\u00e1s fuertes porque, como ya dijimos, <strong>refuerza el sistema inmunol\u00f3gico<\/strong>.<\/p>\n<p>Finalmente, como otra importante propiedad, encontramos que esta especia es un\u00a0 <strong>aromatizante natural<\/strong>, pues tiene un exquisito y fuerte aroma que impregna cualquier espacio.<\/p>\n","protected":false},"featured_media":3286,"template":"","meta":[],"product_brand":[],"product_cat":[82],"product_tag":[],"class_list":{"0":"post-3283","1":"product","2":"type-product","3":"status-publish","4":"has-post-thumbnail","6":"product_cat-especerias_sal","8":"first","9":"instock","10":"shipping-taxable","11":"product-type-simple"},"_links":{"self":[{"href":"https:\/\/sucesoresluisrodriguez.com\/site\/wp-json\/wp\/v2\/product\/3283","targetHints":{"allow":["GET"]}}],"collection":[{"href":"https:\/\/sucesoresluisrodriguez.com\/site\/wp-json\/wp\/v2\/product"}],"about":[{"href":"https:\/\/sucesoresluisrodriguez.com\/site\/wp-json\/wp\/v2\/types\/product"}],"wp:featuredmedia":[{"embeddable":true,"href":"https:\/\/sucesoresluisrodriguez.com\/site\/wp-json\/wp\/v2\/media\/3286"}],"wp:attachment":[{"href":"https:\/\/sucesoresluisrodriguez.com\/site\/wp-json\/wp\/v2\/media?parent=3283"}],"wp:term":[{"taxonomy":"product_brand","embeddable":true,"href":"https:\/\/sucesoresluisrodriguez.com\/site\/wp-json\/wp\/v2\/product_brand?post=3283"},{"taxonomy":"product_cat","embeddable":true,"href":"https:\/\/sucesoresluisrodriguez.com\/site\/wp-json\/wp\/v2\/product_cat?post=3283"},{"taxonomy":"product_tag","embeddable":true,"href":"https:\/\/sucesoresluisrodriguez.com\/site\/wp-json\/wp\/v2\/product_tag?post=3283"}],"curies":[{"name":"wp","href":"https:\/\/api.w.org\/{rel}","templated":true}]}}