{"id":3279,"date":"2020-08-01T17:02:41","date_gmt":"2020-08-01T17:02:41","guid":{"rendered":"http:\/\/sucesoresluisrodriguez.com\/site\/?post_type=product&#038;p=3279"},"modified":"2020-08-01T17:07:53","modified_gmt":"2020-08-01T17:07:53","slug":"pimienta-de-dulce-o-de-jamaica","status":"publish","type":"product","link":"https:\/\/sucesoresluisrodriguez.com\/site\/product\/pimienta-de-dulce-o-de-jamaica\/","title":{"rendered":"Pimienta dulce (de Jamaica)"},"content":{"rendered":"","protected":false},"excerpt":{"rendered":"<h3>Cantidad\/peso: Libra, 1\/2 libra, 4 onzas.<\/h3>\n<hr \/>\n<h3 class=\"font-headlines\"><span id=\"Propiedades_de_la_pimienta_de_Jamaica\">Propiedades de la pimienta dulce (de Jamaica)<\/span><\/h3>\n<p>La pimienta dulce la puedes usar para varios fines medicinales. Funciona como carminativo, antidisent\u00e9rico y antidiarreico. Hay quienes creen que el olor que desprende el \u00e1rbol de la pimienta dulce puede limpiar el sistema respiratorio. De hecho, su aceite esencial es utilizado en la aromaterapia.<\/p>\n<p>Con respecto a sus propiedades alimenticias, esta pimienta te proveer\u00e1 betacaroneto, tiamina, niacina, vitaminas A, B1, B2 y C, riboflavina y un conjunto de minerales muy importantes para el organismo. Posee varios elementos activos, como el cariofileno, resina, quercetina, eugenol, entre otros.<\/p>\n<p>La pimienta dulce tambi\u00e9n es un buen <strong>antioxidante<\/strong>. Por ello, al consumirlo en tus comidas, estar\u00e1s limpiando tu organismo de los radicales libres.<\/p>\n<p>Usa esta pimienta para tratar problemas de indigesti\u00f3n prepar\u00e1ndote una infusi\u00f3n con 2 cucharaditas de pimienta dulce en polvo en una taza de agua hirviendo. Deja que la infusi\u00f3n repose unos 15 minutos para colarla usando un filtro de caf\u00e9. Te puedes tomar como m\u00e1ximo 3 tazas al d\u00eda.<\/p>\n<p>Si tienes <strong>dolor en las articulaciones<\/strong>, emplea un cataplasma hecho de pimienta dulce en polvo mezclada con un poco de agua. Te debe quedar una pasta, la cual necesitar\u00e1s extender por toda la zona afectada usando un trapo limpio. Esto sirve tanto para dolores en las articulaciones como para los dolores musculares, adem\u00e1s de tratar la artritis y contusiones.<\/p>\n","protected":false},"featured_media":3280,"template":"","meta":[],"product_brand":[],"product_cat":[77],"product_tag":[],"class_list":{"0":"post-3279","1":"product","2":"type-product","3":"status-publish","4":"has-post-thumbnail","6":"product_cat-especerias_dulce","8":"first","9":"instock","10":"shipping-taxable","11":"product-type-simple"},"_links":{"self":[{"href":"https:\/\/sucesoresluisrodriguez.com\/site\/wp-json\/wp\/v2\/product\/3279","targetHints":{"allow":["GET"]}}],"collection":[{"href":"https:\/\/sucesoresluisrodriguez.com\/site\/wp-json\/wp\/v2\/product"}],"about":[{"href":"https:\/\/sucesoresluisrodriguez.com\/site\/wp-json\/wp\/v2\/types\/product"}],"wp:featuredmedia":[{"embeddable":true,"href":"https:\/\/sucesoresluisrodriguez.com\/site\/wp-json\/wp\/v2\/media\/3280"}],"wp:attachment":[{"href":"https:\/\/sucesoresluisrodriguez.com\/site\/wp-json\/wp\/v2\/media?parent=3279"}],"wp:term":[{"taxonomy":"product_brand","embeddable":true,"href":"https:\/\/sucesoresluisrodriguez.com\/site\/wp-json\/wp\/v2\/product_brand?post=3279"},{"taxonomy":"product_cat","embeddable":true,"href":"https:\/\/sucesoresluisrodriguez.com\/site\/wp-json\/wp\/v2\/product_cat?post=3279"},{"taxonomy":"product_tag","embeddable":true,"href":"https:\/\/sucesoresluisrodriguez.com\/site\/wp-json\/wp\/v2\/product_tag?post=3279"}],"curies":[{"name":"wp","href":"https:\/\/api.w.org\/{rel}","templated":true}]}}