{"id":3276,"date":"2020-08-01T16:29:20","date_gmt":"2020-08-01T16:29:20","guid":{"rendered":"http:\/\/sucesoresluisrodriguez.com\/site\/?post_type=product&#038;p=3276"},"modified":"2020-08-01T16:29:20","modified_gmt":"2020-08-01T16:29:20","slug":"ishpingo","status":"publish","type":"product","link":"https:\/\/sucesoresluisrodriguez.com\/site\/product\/ishpingo\/","title":{"rendered":"Ishpingo"},"content":{"rendered":"","protected":false},"excerpt":{"rendered":"<h3>Cantidad\/peso: Libra, 1\/2 libra, 4 onzas, 2 onzas, 1 onza.<\/h3>\n<hr \/>\n<p><strong>Beneficios<\/strong>: tambi\u00e9n conocida como \u00abflor de canela\u00bb. En la antig\u00fcedad se la usaba en las tribus amaz\u00f3nicas para aromatizar sus chichas y como un medio de intercambio con las culturas de la Sierra\u201d.<\/p>\n<p>Contiene aceites esenciales que le confieren una cualidad medicinal contra los problemas estomacales, curar heridas y como un analg\u00e9sico.<\/p>\n<p>\u201cUna colada morada sin ishpingo, no es colada\u201d dicen los expertos. Es \u00fatil para tratamiento de afecciones g\u00e1stricas e intestinales por su efecto anti\u00e1cido, tambi\u00e9n se recomienda para tratar las gripes y resfriados.<\/p>\n","protected":false},"featured_media":3277,"template":"","meta":[],"product_brand":[],"product_cat":[77],"product_tag":[],"class_list":{"0":"post-3276","1":"product","2":"type-product","3":"status-publish","4":"has-post-thumbnail","6":"product_cat-especerias_dulce","8":"first","9":"instock","10":"shipping-taxable","11":"product-type-simple"},"_links":{"self":[{"href":"https:\/\/sucesoresluisrodriguez.com\/site\/wp-json\/wp\/v2\/product\/3276","targetHints":{"allow":["GET"]}}],"collection":[{"href":"https:\/\/sucesoresluisrodriguez.com\/site\/wp-json\/wp\/v2\/product"}],"about":[{"href":"https:\/\/sucesoresluisrodriguez.com\/site\/wp-json\/wp\/v2\/types\/product"}],"wp:featuredmedia":[{"embeddable":true,"href":"https:\/\/sucesoresluisrodriguez.com\/site\/wp-json\/wp\/v2\/media\/3277"}],"wp:attachment":[{"href":"https:\/\/sucesoresluisrodriguez.com\/site\/wp-json\/wp\/v2\/media?parent=3276"}],"wp:term":[{"taxonomy":"product_brand","embeddable":true,"href":"https:\/\/sucesoresluisrodriguez.com\/site\/wp-json\/wp\/v2\/product_brand?post=3276"},{"taxonomy":"product_cat","embeddable":true,"href":"https:\/\/sucesoresluisrodriguez.com\/site\/wp-json\/wp\/v2\/product_cat?post=3276"},{"taxonomy":"product_tag","embeddable":true,"href":"https:\/\/sucesoresluisrodriguez.com\/site\/wp-json\/wp\/v2\/product_tag?post=3276"}],"curies":[{"name":"wp","href":"https:\/\/api.w.org\/{rel}","templated":true}]}}