{"id":3270,"date":"2020-08-01T16:18:34","date_gmt":"2020-08-01T16:18:34","guid":{"rendered":"http:\/\/sucesoresluisrodriguez.com\/site\/?post_type=product&#038;p=3270"},"modified":"2020-08-01T16:27:04","modified_gmt":"2020-08-01T16:27:04","slug":"clavo-de-olor","status":"publish","type":"product","link":"https:\/\/sucesoresluisrodriguez.com\/site\/product\/clavo-de-olor\/","title":{"rendered":"Clavo de olor"},"content":{"rendered":"","protected":false},"excerpt":{"rendered":"<h3>Cantidad\/peso: Libra, 1\/2 libra, 4 onzas, 2 onzas.<\/h3>\n<hr \/>\n<h2>Propiedades del clavo de olor<\/h2>\n<p>Aunque este brote es conocido esencialmente como condimento, especia o como parte de la mezcla de infusiones orientales (por ejemplo el t\u00e9 chai contiene clavo, adem\u00e1s de cardamomo, canela y pimienta), su uso muy extendido se debe tambi\u00e9n a las propiedades del clavo de olor a nivel medicinal.<\/p>\n<p>Esto es gracias a que uno de los componentes qu\u00edmicos principales del clavo de olor es el eugenol, un elemento que comparte con la nuez moscada y la canela y que que tiene muchos beneficios para la salud.<\/p>\n<ul>\n<li>Es muy <strong>beneficioso para la coagulaci\u00f3n<\/strong> sangu\u00ednea, y por ende tambi\u00e9n el clavo.<\/li>\n<li>Sirve para <strong>prevenir problemas del coraz\u00f3n<\/strong>.<\/li>\n<li>Es un <strong>potente analg\u00e9sico<\/strong>. Por eso es muy com\u00fan el uso de clavo de olor, por estas propiedades, para combatir las inflamaciones bucales, los<strong> dolores de muela<\/strong> y otros malestares causados por las caries, las ra\u00edces dentales expuestas o los problemas en las enc\u00edas.<\/li>\n<li><strong>Propiedades antibacterianas.<\/strong> Es \u00fatil para las combatir las infecciones. La combinaci\u00f3n de analg\u00e9sico y antibacteriano hacen que sea muy utilizado como <strong>anest\u00e9sico local<\/strong> en los tratamientos odontol\u00f3gicos.<\/li>\n<li><strong>Afrodis\u00edaco. <\/strong>Las propiedades afrodis\u00edacas y estimulantes del apetito sexual del clavo est\u00e1n muy presentes en culturas orientales. Muchos platos afrodis\u00edacos, as\u00ed como p\u00f3cimas para despertar el deseo sexual est\u00e1n compuestas de este, ya que el eugenol tiene estas propiedades, y el clavo es uno de los vegetales que m\u00e1s tienen.<\/li>\n<li><strong>Contiene flavonoides.<\/strong> Los flavonoides protegen el organismo del da\u00f1o producido por <strong>agentes oxidantes<\/strong>, adem\u00e1s de tener propiedades <strong>antiinflamatorias<\/strong> y contribuir a<strong> reducir los niveles de az\u00facar de la sangre<\/strong>.<\/li>\n<li>Es <strong>expectorante<\/strong>, por lo tanto nos ayuda a expulsar las mucosidades y flemas en caso de resfriado o gripe.<\/li>\n<\/ul>\n","protected":false},"featured_media":3271,"template":"","meta":[],"product_brand":[],"product_cat":[77],"product_tag":[],"class_list":{"0":"post-3270","1":"product","2":"type-product","3":"status-publish","4":"has-post-thumbnail","6":"product_cat-especerias_dulce","8":"first","9":"instock","10":"shipping-taxable","11":"product-type-simple"},"_links":{"self":[{"href":"https:\/\/sucesoresluisrodriguez.com\/site\/wp-json\/wp\/v2\/product\/3270","targetHints":{"allow":["GET"]}}],"collection":[{"href":"https:\/\/sucesoresluisrodriguez.com\/site\/wp-json\/wp\/v2\/product"}],"about":[{"href":"https:\/\/sucesoresluisrodriguez.com\/site\/wp-json\/wp\/v2\/types\/product"}],"wp:featuredmedia":[{"embeddable":true,"href":"https:\/\/sucesoresluisrodriguez.com\/site\/wp-json\/wp\/v2\/media\/3271"}],"wp:attachment":[{"href":"https:\/\/sucesoresluisrodriguez.com\/site\/wp-json\/wp\/v2\/media?parent=3270"}],"wp:term":[{"taxonomy":"product_brand","embeddable":true,"href":"https:\/\/sucesoresluisrodriguez.com\/site\/wp-json\/wp\/v2\/product_brand?post=3270"},{"taxonomy":"product_cat","embeddable":true,"href":"https:\/\/sucesoresluisrodriguez.com\/site\/wp-json\/wp\/v2\/product_cat?post=3270"},{"taxonomy":"product_tag","embeddable":true,"href":"https:\/\/sucesoresluisrodriguez.com\/site\/wp-json\/wp\/v2\/product_tag?post=3270"}],"curies":[{"name":"wp","href":"https:\/\/api.w.org\/{rel}","templated":true}]}}