{"id":3151,"date":"2019-03-21T14:55:15","date_gmt":"2019-03-21T14:55:15","guid":{"rendered":"http:\/\/sucesoresluisrodriguez.com\/site\/?post_type=product&#038;p=3151"},"modified":"2019-03-21T14:57:43","modified_gmt":"2019-03-21T14:57:43","slug":"cola-granulada-organica","status":"publish","type":"product","link":"https:\/\/sucesoresluisrodriguez.com\/site\/product\/cola-granulada-organica\/","title":{"rendered":"COLA GRANULADA ORG\u00c1NICA"},"content":{"rendered":"","protected":false},"excerpt":{"rendered":"<p>Es una sustancia adhesiva obtenida por hidr\u00f3lisis del colageno que contiene las pieles, huesos y pezu\u00f1as de los animales. Es usada como pegamento por su buena adherencia, elasticidad y reversibilidad. Actualmente disponemos en perlas de color \u00e1mbar.<\/p>\n","protected":false},"featured_media":0,"template":"","meta":[],"product_brand":[],"product_cat":[71],"product_tag":[],"class_list":{"0":"post-3151","1":"product","2":"type-product","3":"status-publish","5":"product_cat-gomas","7":"first","8":"instock","9":"shipping-taxable","10":"product-type-simple"},"_links":{"self":[{"href":"https:\/\/sucesoresluisrodriguez.com\/site\/wp-json\/wp\/v2\/product\/3151","targetHints":{"allow":["GET"]}}],"collection":[{"href":"https:\/\/sucesoresluisrodriguez.com\/site\/wp-json\/wp\/v2\/product"}],"about":[{"href":"https:\/\/sucesoresluisrodriguez.com\/site\/wp-json\/wp\/v2\/types\/product"}],"wp:attachment":[{"href":"https:\/\/sucesoresluisrodriguez.com\/site\/wp-json\/wp\/v2\/media?parent=3151"}],"wp:term":[{"taxonomy":"product_brand","embeddable":true,"href":"https:\/\/sucesoresluisrodriguez.com\/site\/wp-json\/wp\/v2\/product_brand?post=3151"},{"taxonomy":"product_cat","embeddable":true,"href":"https:\/\/sucesoresluisrodriguez.com\/site\/wp-json\/wp\/v2\/product_cat?post=3151"},{"taxonomy":"product_tag","embeddable":true,"href":"https:\/\/sucesoresluisrodriguez.com\/site\/wp-json\/wp\/v2\/product_tag?post=3151"}],"curies":[{"name":"wp","href":"https:\/\/api.w.org\/{rel}","templated":true}]}}