{"id":4131,"date":"2023-03-06T16:09:44","date_gmt":"2023-03-06T16:09:44","guid":{"rendered":"https:\/\/sucesoresluisrodriguez.com\/site\/?page_id=4131"},"modified":"2023-03-28T03:01:44","modified_gmt":"2023-03-28T03:01:44","slug":"hierbas-medicinales","status":"publish","type":"page","link":"https:\/\/sucesoresluisrodriguez.com\/site\/hierbas-medicinales\/","title":{"rendered":"HIERBAS MEDICINALES"},"content":{"rendered":"\t\t<div data-elementor-type=\"wp-page\" data-elementor-id=\"4131\" class=\"elementor elementor-4131\">\n\t\t\t\t\t\t<section class=\"elementor-section elementor-top-section elementor-element elementor-element-efa0ce7 elementor-section-boxed elementor-section-height-default elementor-section-height-default\" data-id=\"efa0ce7\" data-element_type=\"section\">\n\t\t\t\t\t\t<div class=\"elementor-container elementor-column-gap-default\">\n\t\t\t\t\t<div class=\"elementor-column elementor-col-100 elementor-top-column elementor-element elementor-element-2424bc6\" data-id=\"2424bc6\" data-element_type=\"column\">\n\t\t\t<div class=\"elementor-widget-wrap elementor-element-populated\">\n\t\t\t\t\t\t<div class=\"elementor-element elementor-element-500cb2d elementor-widget elementor-widget-heading\" data-id=\"500cb2d\" data-element_type=\"widget\" data-widget_type=\"heading.default\">\n\t\t\t\t<div class=\"elementor-widget-container\">\n\t\t\t\t\t<h1 class=\"elementor-heading-title elementor-size-default\">HIERBAS MEDICINALES<\/h1>\t\t\t\t<\/div>\n\t\t\t\t<\/div>\n\t\t\t\t\t<\/div>\n\t\t<\/div>\n\t\t\t\t\t<\/div>\n\t\t<\/section>\n\t\t\t\t<section class=\"elementor-section elementor-top-section elementor-element elementor-element-4e7b3136 elementor-section-boxed elementor-section-height-default elementor-section-height-default\" data-id=\"4e7b3136\" data-element_type=\"section\" data-settings=\"{&quot;background_background&quot;:&quot;classic&quot;}\">\n\t\t\t\t\t\t<div class=\"elementor-container elementor-column-gap-default\">\n\t\t\t\t\t<div class=\"elementor-column elementor-col-33 elementor-top-column elementor-element elementor-element-78ef558a\" data-id=\"78ef558a\" data-element_type=\"column\">\n\t\t\t<div class=\"elementor-widget-wrap elementor-element-populated\">\n\t\t\t\t\t\t<div class=\"elementor-element elementor-element-164d86c0 elementor-widget elementor-widget-liquid\" data-id=\"164d86c0\" data-element_type=\"widget\" data-widget_type=\"liquid.default\">\n\t\t\t\t<div class=\"elementor-widget-container\">\n\t\t\t\t\t\n    \t<div class=\"liquid-image-area\">\n\t    \t<div class=\"liquid-image\" >\n\t    \t\t<img decoding=\"async\" src=\"http:\/\/sucesoresluisrodriguez.com\/site\/storage\/2023\/03\/boldo.jpg\" alt=\"\">\n\t    \t\t\t    \t<\/div>\n    \t<\/div>\n\n        \n\t\t<span style=\"display:none;\" class=\"settings elementor-extra-hidden\">{\"plugin_url\":\"https:\\\/\\\/sucesoresluisrodriguez.com\\\/site\\\/wp-content\\\/plugins\\\/elementor-liquid-hover-effect\\\/widgets\",\"first_image\":\"http:\\\/\\\/sucesoresluisrodriguez.com\\\/site\\\/storage\\\/2023\\\/03\\\/boldo.jpg\",\"second_image\":\"http:\\\/\\\/sucesoresluisrodriguez.com\\\/site\\\/storage\\\/2023\\\/03\\\/boldo-2.jpg\",\"hover_effect\":\"default.png\",\"width\":{\"unit\":\"px\",\"size\":\"\",\"sizes\":[]},\"width_tablet\":{\"unit\":\"px\",\"size\":\"\",\"sizes\":[]},\"width_mobile\":{\"unit\":\"px\",\"size\":\"\",\"sizes\":[]},\"intensity\":0.299999999999999988897769753748434595763683319091796875,\"speed\":1.5,\"angle\":0}<\/span>\n\n\t\t\t\t\t\t<\/div>\n\t\t\t\t<\/div>\n\t\t\t\t<div class=\"elementor-element elementor-element-dbdcfc2 elementor-widget elementor-widget-heading\" data-id=\"dbdcfc2\" data-element_type=\"widget\" data-widget_type=\"heading.default\">\n\t\t\t\t<div class=\"elementor-widget-container\">\n\t\t\t\t\t<h2 class=\"elementor-heading-title elementor-size-default\">BOLDO<\/h2>\t\t\t\t<\/div>\n\t\t\t\t<\/div>\n\t\t\t\t<div class=\"elementor-element elementor-element-737f26ce elementor-widget elementor-widget-text-editor\" data-id=\"737f26ce\" data-element_type=\"widget\" data-widget_type=\"text-editor.default\">\n\t\t\t\t<div class=\"elementor-widget-container\">\n\t\t\t\t\t\t\t\t\t<p><span style=\"font-weight: 400;\">El boldo es una planta medicinal muy eficaz para reducir el dolor y la hinchaz\u00f3n abdominal, la indigesti\u00f3n y los gases por lo que es muy recomendable su consumo de cara a combatir los estragos de los excesos de comida pesada.<\/span><\/p>\t\t\t\t\t\t\t\t<\/div>\n\t\t\t\t<\/div>\n\t\t\t\t<div class=\"elementor-element elementor-element-52784d4 elementor-widget elementor-widget-text-editor\" data-id=\"52784d4\" data-element_type=\"widget\" id=\"elemento15\" data-widget_type=\"text-editor.default\">\n\t\t\t\t<div class=\"elementor-widget-container\">\n\t\t\t\t\t\t\t\t\t<p><span style=\"font-weight: 400;\">Debido a su alto contenido en alcaloides, el boldo tambi\u00e9n protege el h\u00edgado. Adem\u00e1s, tiene propiedades diur\u00e9ticas y depurativas por lo que su ingesta est\u00e1 indicada para desintoxicar el organismo.<\/span><\/p>\t\t\t\t\t\t\t\t<\/div>\n\t\t\t\t<\/div>\n\t\t\t\t<div class=\"elementor-element elementor-element-1e5880b elementor-align-center elementor-widget elementor-widget-button\" data-id=\"1e5880b\" data-element_type=\"widget\" data-widget_type=\"button.default\">\n\t\t\t\t<div class=\"elementor-widget-container\">\n\t\t\t\t\t\t\t\t\t<div class=\"elementor-button-wrapper\">\n\t\t\t\t\t<a class=\"elementor-button elementor-button-link elementor-size-sm\" href=\"#\" id=\"boton15\">\n\t\t\t\t\t\t<span class=\"elementor-button-content-wrapper\">\n\t\t\t\t\t\t\t\t\t<span class=\"elementor-button-text\">Mostrar m\u00e1s<\/span>\n\t\t\t\t\t<\/span>\n\t\t\t\t\t<\/a>\n\t\t\t\t<\/div>\n\t\t\t\t\t\t\t\t<\/div>\n\t\t\t\t<\/div>\n\t\t\t\t<div class=\"elementor-element elementor-element-7de9f57 elementor-widget elementor-widget-html\" data-id=\"7de9f57\" data-element_type=\"widget\" data-widget_type=\"html.default\">\n\t\t\t\t<div class=\"elementor-widget-container\">\n\t\t\t\t\t<script>seeMoreOpened=false;\r\njQuery(document).ready(function($) {\r\n\r\n  \/*Mostrar\/ocultar contenido*\/\r\n $('#elemento15').hide();\r\n\r\n $('#boton15').click(function(event){\r\n\r\n\r\n     event.preventDefault();\r\n\r\n     $('#elemento15').slideToggle('slow',function() {\r\n\r\n         if(!seeMoreOpened){\r\n              $('#boton15').text('Mostrar menos')\r\n\r\n\r\n         }else{\r\n              $('#boton15').text('Mostrar m\u00e1s ')\r\n\r\n         }\r\n         seeMoreOpened=!seeMoreOpened;\r\n\r\n  });\r\n\r\n\r\n })\r\n\r\n});<\/script>\t\t\t\t<\/div>\n\t\t\t\t<\/div>\n\t\t\t\t\t<\/div>\n\t\t<\/div>\n\t\t\t\t<div class=\"elementor-column elementor-col-33 elementor-top-column elementor-element elementor-element-7bbea5e2\" data-id=\"7bbea5e2\" data-element_type=\"column\">\n\t\t\t<div class=\"elementor-widget-wrap elementor-element-populated\">\n\t\t\t\t\t\t<div class=\"elementor-element elementor-element-579832ed elementor-widget elementor-widget-liquid\" data-id=\"579832ed\" data-element_type=\"widget\" data-widget_type=\"liquid.default\">\n\t\t\t\t<div class=\"elementor-widget-container\">\n\t\t\t\t\t\n    \t<div class=\"liquid-image-area\">\n\t    \t<div class=\"liquid-image\" >\n\t    \t\t<img decoding=\"async\" src=\"http:\/\/sucesoresluisrodriguez.com\/site\/storage\/2023\/03\/laurel-1.jpg\" alt=\"\">\n\t    \t\t\t    \t<\/div>\n    \t<\/div>\n\n        \n\t\t<span style=\"display:none;\" class=\"settings elementor-extra-hidden\">{\"plugin_url\":\"https:\\\/\\\/sucesoresluisrodriguez.com\\\/site\\\/wp-content\\\/plugins\\\/elementor-liquid-hover-effect\\\/widgets\",\"first_image\":\"http:\\\/\\\/sucesoresluisrodriguez.com\\\/site\\\/storage\\\/2023\\\/03\\\/laurel-1.jpg\",\"second_image\":\"http:\\\/\\\/sucesoresluisrodriguez.com\\\/site\\\/storage\\\/2023\\\/03\\\/laurel-2.jpg\",\"hover_effect\":\"default.png\",\"width\":{\"unit\":\"px\",\"size\":\"\",\"sizes\":[]},\"width_tablet\":{\"unit\":\"px\",\"size\":\"\",\"sizes\":[]},\"width_mobile\":{\"unit\":\"px\",\"size\":\"\",\"sizes\":[]},\"intensity\":0.299999999999999988897769753748434595763683319091796875,\"speed\":1.5,\"angle\":0}<\/span>\n\n\t\t\t\t\t\t<\/div>\n\t\t\t\t<\/div>\n\t\t\t\t<div class=\"elementor-element elementor-element-5c735571 elementor-widget elementor-widget-heading\" data-id=\"5c735571\" data-element_type=\"widget\" data-widget_type=\"heading.default\">\n\t\t\t\t<div class=\"elementor-widget-container\">\n\t\t\t\t\t<h2 class=\"elementor-heading-title elementor-size-default\">LAUREL<\/h2>\t\t\t\t<\/div>\n\t\t\t\t<\/div>\n\t\t\t\t<div class=\"elementor-element elementor-element-37792ef8 elementor-widget elementor-widget-text-editor\" data-id=\"37792ef8\" data-element_type=\"widget\" data-widget_type=\"text-editor.default\">\n\t\t\t\t<div class=\"elementor-widget-container\">\n\t\t\t\t\t\t\t\t\t<p><span style=\"font-weight: 400;\">El laurel puede ayudar a aliviar los c\u00f3licos, problemas estomacales y a eliminar los gases intestinales, combatiendo as\u00ed la aerofagia. Es analg\u00e9sico, tambi\u00e9n es un relajante, puede favorecer el sue\u00f1o, calmar el estr\u00e9s.<\/span><\/p>\t\t\t\t\t\t\t\t<\/div>\n\t\t\t\t<\/div>\n\t\t\t\t<div class=\"elementor-element elementor-element-d7ab860 elementor-widget elementor-widget-text-editor\" data-id=\"d7ab860\" data-element_type=\"widget\" id=\"elemento16\" data-widget_type=\"text-editor.default\">\n\t\t\t\t<div class=\"elementor-widget-container\">\n\t\t\t\t\t\t\t\t\t<p><span style=\"font-weight: 400;\">Alivia el s\u00edndrome premenstrual. <\/span><span style=\"font-weight: 400;\">El laurel es astringente y, por tanto, excelente para la diarrea. <\/span><span style=\"font-weight: 400;\">Puede ayudar con los dolores reum\u00e1ticos y articulares, y para los enfermos de artritis, ayuda con c\u00e1lculos renales y controla la presi\u00f3n arterial y combate el mal aliento.<\/span><\/p>\t\t\t\t\t\t\t\t<\/div>\n\t\t\t\t<\/div>\n\t\t\t\t<div class=\"elementor-element elementor-element-4f00f87 elementor-align-center elementor-widget elementor-widget-button\" data-id=\"4f00f87\" data-element_type=\"widget\" data-widget_type=\"button.default\">\n\t\t\t\t<div class=\"elementor-widget-container\">\n\t\t\t\t\t\t\t\t\t<div class=\"elementor-button-wrapper\">\n\t\t\t\t\t<a class=\"elementor-button elementor-button-link elementor-size-sm\" href=\"#\" id=\"boton16\">\n\t\t\t\t\t\t<span class=\"elementor-button-content-wrapper\">\n\t\t\t\t\t\t\t\t\t<span class=\"elementor-button-text\">Mostrar m\u00e1s<\/span>\n\t\t\t\t\t<\/span>\n\t\t\t\t\t<\/a>\n\t\t\t\t<\/div>\n\t\t\t\t\t\t\t\t<\/div>\n\t\t\t\t<\/div>\n\t\t\t\t<div class=\"elementor-element elementor-element-4bb500b elementor-widget elementor-widget-html\" data-id=\"4bb500b\" data-element_type=\"widget\" data-widget_type=\"html.default\">\n\t\t\t\t<div class=\"elementor-widget-container\">\n\t\t\t\t\t<script>seeMoreOpened=false;\r\njQuery(document).ready(function($) {\r\n\r\n  \/*Mostrar\/ocultar contenido*\/\r\n $('#elemento16').hide();\r\n\r\n $('#boton16').click(function(event){\r\n\r\n\r\n     event.preventDefault();\r\n\r\n     $('#elemento16').slideToggle('slow',function() {\r\n\r\n         if(!seeMoreOpened){\r\n              $('#boton16').text('Mostrar menos')\r\n\r\n\r\n         }else{\r\n              $('#boton16').text('Mostrar m\u00e1s ')\r\n\r\n         }\r\n         seeMoreOpened=!seeMoreOpened;\r\n\r\n  });\r\n\r\n\r\n })\r\n\r\n});<\/script>\t\t\t\t<\/div>\n\t\t\t\t<\/div>\n\t\t\t\t\t<\/div>\n\t\t<\/div>\n\t\t\t\t<div class=\"elementor-column elementor-col-33 elementor-top-column elementor-element elementor-element-3945656\" data-id=\"3945656\" data-element_type=\"column\">\n\t\t\t<div class=\"elementor-widget-wrap elementor-element-populated\">\n\t\t\t\t\t\t<div class=\"elementor-element elementor-element-3d2288c elementor-widget elementor-widget-liquid\" data-id=\"3d2288c\" data-element_type=\"widget\" data-widget_type=\"liquid.default\">\n\t\t\t\t<div class=\"elementor-widget-container\">\n\t\t\t\t\t\n    \t<div class=\"liquid-image-area\">\n\t    \t<div class=\"liquid-image\" >\n\t    \t\t<img decoding=\"async\" src=\"http:\/\/sucesoresluisrodriguez.com\/site\/storage\/2023\/03\/sen-1.jpg\" alt=\"\">\n\t    \t\t\t    \t<\/div>\n    \t<\/div>\n\n        \n\t\t<span style=\"display:none;\" class=\"settings elementor-extra-hidden\">{\"plugin_url\":\"https:\\\/\\\/sucesoresluisrodriguez.com\\\/site\\\/wp-content\\\/plugins\\\/elementor-liquid-hover-effect\\\/widgets\",\"first_image\":\"http:\\\/\\\/sucesoresluisrodriguez.com\\\/site\\\/storage\\\/2023\\\/03\\\/sen-1.jpg\",\"second_image\":\"http:\\\/\\\/sucesoresluisrodriguez.com\\\/site\\\/storage\\\/2023\\\/03\\\/sen-2.jpg\",\"hover_effect\":\"default.png\",\"width\":{\"unit\":\"px\",\"size\":\"\",\"sizes\":[]},\"width_tablet\":{\"unit\":\"px\",\"size\":\"\",\"sizes\":[]},\"width_mobile\":{\"unit\":\"px\",\"size\":\"\",\"sizes\":[]},\"intensity\":0.299999999999999988897769753748434595763683319091796875,\"speed\":1.5,\"angle\":0}<\/span>\n\n\t\t\t\t\t\t<\/div>\n\t\t\t\t<\/div>\n\t\t\t\t<div class=\"elementor-element elementor-element-b2bd6b6 elementor-widget elementor-widget-heading\" data-id=\"b2bd6b6\" data-element_type=\"widget\" data-widget_type=\"heading.default\">\n\t\t\t\t<div class=\"elementor-widget-container\">\n\t\t\t\t\t<h2 class=\"elementor-heading-title elementor-size-default\">SEN<\/h2>\t\t\t\t<\/div>\n\t\t\t\t<\/div>\n\t\t\t\t<div class=\"elementor-element elementor-element-74a79bf elementor-widget elementor-widget-text-editor\" data-id=\"74a79bf\" data-element_type=\"widget\" data-widget_type=\"text-editor.default\">\n\t\t\t\t<div class=\"elementor-widget-container\">\n\t\t\t\t\t\t\t\t\t<p><span style=\"font-weight: 400;\">El sen se usa a corto plazo para tratar el estre\u00f1imiento. Tambi\u00e9n se usa para evacuar el intestino antes de una cirug\u00eda y de determinados procedimientos m\u00e9dicos.&nbsp;<br><br><br><\/span><\/p>\t\t\t\t\t\t\t\t<\/div>\n\t\t\t\t<\/div>\n\t\t\t\t<div class=\"elementor-element elementor-element-d83c636 elementor-widget elementor-widget-text-editor\" data-id=\"d83c636\" data-element_type=\"widget\" id=\"elemento18\" data-widget_type=\"text-editor.default\">\n\t\t\t\t<div class=\"elementor-widget-container\">\n\t\t\t\t\t\t\t\t\t<p><span style=\"font-weight: 400;\">El sen pertenece a una clase de medicamentos llamados laxantes estimulantes. Act\u00faa aumentando la actividad de los intestinos para provocar una evacuaci\u00f3n de los intestinos.<\/span><\/p>\t\t\t\t\t\t\t\t<\/div>\n\t\t\t\t<\/div>\n\t\t\t\t<div class=\"elementor-element elementor-element-d29fa37 elementor-align-center elementor-widget elementor-widget-button\" data-id=\"d29fa37\" data-element_type=\"widget\" data-widget_type=\"button.default\">\n\t\t\t\t<div class=\"elementor-widget-container\">\n\t\t\t\t\t\t\t\t\t<div class=\"elementor-button-wrapper\">\n\t\t\t\t\t<a class=\"elementor-button elementor-button-link elementor-size-sm\" href=\"#\" id=\"boton18\">\n\t\t\t\t\t\t<span class=\"elementor-button-content-wrapper\">\n\t\t\t\t\t\t\t\t\t<span class=\"elementor-button-text\">Mostrar m\u00e1s<\/span>\n\t\t\t\t\t<\/span>\n\t\t\t\t\t<\/a>\n\t\t\t\t<\/div>\n\t\t\t\t\t\t\t\t<\/div>\n\t\t\t\t<\/div>\n\t\t\t\t<div class=\"elementor-element elementor-element-f83bd47 elementor-widget elementor-widget-html\" data-id=\"f83bd47\" data-element_type=\"widget\" data-widget_type=\"html.default\">\n\t\t\t\t<div class=\"elementor-widget-container\">\n\t\t\t\t\t<script>seeMoreOpened=false;\r\njQuery(document).ready(function($) {\r\n\r\n  \/*Mostrar\/ocultar contenido*\/\r\n $('#elemento18').hide();\r\n\r\n $('#boton18').click(function(event){\r\n\r\n\r\n     event.preventDefault();\r\n\r\n     $('#elemento18').slideToggle('slow',function() {\r\n\r\n         if(!seeMoreOpened){\r\n              $('#boton18').text('Mostrar menos')\r\n\r\n\r\n         }else{\r\n              $('#boton18').text('Mostrar m\u00e1s ')\r\n\r\n         }\r\n         seeMoreOpened=!seeMoreOpened;\r\n\r\n  });\r\n\r\n\r\n })\r\n\r\n});<\/script>\t\t\t\t<\/div>\n\t\t\t\t<\/div>\n\t\t\t\t\t<\/div>\n\t\t<\/div>\n\t\t\t\t\t<\/div>\n\t\t<\/section>\n\t\t\t\t<section class=\"elementor-section elementor-top-section elementor-element elementor-element-67a206a elementor-section-boxed elementor-section-height-default elementor-section-height-default\" data-id=\"67a206a\" data-element_type=\"section\" data-settings=\"{&quot;background_background&quot;:&quot;gradient&quot;}\">\n\t\t\t\t\t\t<div class=\"elementor-container elementor-column-gap-default\">\n\t\t\t\t\t<div class=\"elementor-column elementor-col-33 elementor-top-column elementor-element elementor-element-31ac2b84\" data-id=\"31ac2b84\" data-element_type=\"column\">\n\t\t\t<div class=\"elementor-widget-wrap elementor-element-populated\">\n\t\t\t\t\t\t<div class=\"elementor-element elementor-element-45fcee4f elementor-widget elementor-widget-liquid\" data-id=\"45fcee4f\" data-element_type=\"widget\" data-widget_type=\"liquid.default\">\n\t\t\t\t<div class=\"elementor-widget-container\">\n\t\t\t\t\t\n    \t<div class=\"liquid-image-area\">\n\t    \t<div class=\"liquid-image\" >\n\t    \t\t<img decoding=\"async\" src=\"http:\/\/sucesoresluisrodriguez.com\/site\/storage\/2023\/03\/yerba-mate-1.jpg\" alt=\"\">\n\t    \t\t\t    \t<\/div>\n    \t<\/div>\n\n        \n\t\t<span style=\"display:none;\" class=\"settings elementor-extra-hidden\">{\"plugin_url\":\"https:\\\/\\\/sucesoresluisrodriguez.com\\\/site\\\/wp-content\\\/plugins\\\/elementor-liquid-hover-effect\\\/widgets\",\"first_image\":\"http:\\\/\\\/sucesoresluisrodriguez.com\\\/site\\\/storage\\\/2023\\\/03\\\/yerba-mate-1.jpg\",\"second_image\":\"http:\\\/\\\/sucesoresluisrodriguez.com\\\/site\\\/storage\\\/2023\\\/03\\\/yerba-mate-2.jpg\",\"hover_effect\":\"default.png\",\"width\":{\"unit\":\"px\",\"size\":\"\",\"sizes\":[]},\"width_tablet\":{\"unit\":\"px\",\"size\":\"\",\"sizes\":[]},\"width_mobile\":{\"unit\":\"px\",\"size\":\"\",\"sizes\":[]},\"intensity\":0.299999999999999988897769753748434595763683319091796875,\"speed\":1.5,\"angle\":0}<\/span>\n\n\t\t\t\t\t\t<\/div>\n\t\t\t\t<\/div>\n\t\t\t\t<div class=\"elementor-element elementor-element-3dd91e37 elementor-widget elementor-widget-heading\" data-id=\"3dd91e37\" data-element_type=\"widget\" data-widget_type=\"heading.default\">\n\t\t\t\t<div class=\"elementor-widget-container\">\n\t\t\t\t\t<h2 class=\"elementor-heading-title elementor-size-default\">YERBA MATE\/<br>PARAGUAY<\/h2>\t\t\t\t<\/div>\n\t\t\t\t<\/div>\n\t\t\t\t<div class=\"elementor-element elementor-element-307c37a elementor-widget elementor-widget-text-editor\" data-id=\"307c37a\" data-element_type=\"widget\" data-widget_type=\"text-editor.default\">\n\t\t\t\t<div class=\"elementor-widget-container\">\n\t\t\t\t\t\t\t\t\t<p><span style=\"font-weight: 400;\">La yerba mate es una planta muy noble y c\u00e1lida, sus hojas se usan para producir t\u00e9 y a veces tambi\u00e9n se usan para producir medicamentos. La cafe\u00edna y otros qu\u00edmicos en la yerba mate pueden estimular el cerebro.<\/span><\/p>\t\t\t\t\t\t\t\t<\/div>\n\t\t\t\t<\/div>\n\t\t\t\t<div class=\"elementor-element elementor-element-5ac3e06 elementor-widget elementor-widget-text-editor\" data-id=\"5ac3e06\" data-element_type=\"widget\" id=\"elemento17\" data-widget_type=\"text-editor.default\">\n\t\t\t\t<div class=\"elementor-widget-container\">\n\t\t\t\t\t\t\t\t\t<p><span style=\"font-weight: 400;\">Otros \u00f3rganos como el coraz\u00f3n, los m\u00fasculos que recubren los vasos sangu\u00edneos y otras partes del cuerpo. La gente usa la yerba mate para el rendimiento atl\u00e9tico, la memoria y las habilidades de pensamiento, el dolor de cabeza, la fatiga y muchas otras condiciones, pero no hay buena evidencia cient\u00edfica que respalde estos usos.<\/span><\/p>\t\t\t\t\t\t\t\t<\/div>\n\t\t\t\t<\/div>\n\t\t\t\t<div class=\"elementor-element elementor-element-341ae7d elementor-align-center elementor-widget elementor-widget-button\" data-id=\"341ae7d\" data-element_type=\"widget\" data-widget_type=\"button.default\">\n\t\t\t\t<div class=\"elementor-widget-container\">\n\t\t\t\t\t\t\t\t\t<div class=\"elementor-button-wrapper\">\n\t\t\t\t\t<a class=\"elementor-button elementor-button-link elementor-size-sm\" href=\"#\" id=\"boton17\">\n\t\t\t\t\t\t<span class=\"elementor-button-content-wrapper\">\n\t\t\t\t\t\t\t\t\t<span class=\"elementor-button-text\">Mostrar m\u00e1s<\/span>\n\t\t\t\t\t<\/span>\n\t\t\t\t\t<\/a>\n\t\t\t\t<\/div>\n\t\t\t\t\t\t\t\t<\/div>\n\t\t\t\t<\/div>\n\t\t\t\t<div class=\"elementor-element elementor-element-b4452b8 elementor-widget elementor-widget-html\" data-id=\"b4452b8\" data-element_type=\"widget\" data-widget_type=\"html.default\">\n\t\t\t\t<div class=\"elementor-widget-container\">\n\t\t\t\t\t<script>seeMoreOpened=false;\r\njQuery(document).ready(function($) {\r\n\r\n  \/*Mostrar\/ocultar contenido*\/\r\n $('#elemento17').hide();\r\n\r\n $('#boton17').click(function(event){\r\n\r\n\r\n     event.preventDefault();\r\n\r\n     $('#elemento17').slideToggle('slow',function() {\r\n\r\n         if(!seeMoreOpened){\r\n              $('#boton17').text('Mostrar menos')\r\n\r\n\r\n         }else{\r\n              $('#boton17').text('Mostrar m\u00e1s ')\r\n\r\n         }\r\n         seeMoreOpened=!seeMoreOpened;\r\n\r\n  });\r\n\r\n\r\n })\r\n\r\n});<\/script>\t\t\t\t<\/div>\n\t\t\t\t<\/div>\n\t\t\t\t\t<\/div>\n\t\t<\/div>\n\t\t\t\t<div class=\"elementor-column elementor-col-33 elementor-top-column elementor-element elementor-element-6f40f95\" data-id=\"6f40f95\" data-element_type=\"column\">\n\t\t\t<div class=\"elementor-widget-wrap\">\n\t\t\t\t\t\t\t<\/div>\n\t\t<\/div>\n\t\t\t\t<div class=\"elementor-column elementor-col-33 elementor-top-column elementor-element elementor-element-b352c0b\" data-id=\"b352c0b\" data-element_type=\"column\">\n\t\t\t<div class=\"elementor-widget-wrap\">\n\t\t\t\t\t\t\t<\/div>\n\t\t<\/div>\n\t\t\t\t\t<\/div>\n\t\t<\/section>\n\t\t\t\t<\/div>\n\t\t","protected":false},"excerpt":{"rendered":"<p>HIERBAS MEDICINALES {\u00abplugin_url\u00bb:\u00bbhttps:\/\/sucesoresluisrodriguez.com\/site\/wp-content\/plugins\/elementor-liquid-hover-effect\/widgets\u00bb,\u00bbfirst_image\u00bb:\u00bbhttp:\/\/sucesoresluisrodriguez.com\/site\/storage\/2023\/03\/boldo.jpg\u00bb,\u00bbsecond_image\u00bb:\u00bbhttp:\/\/sucesoresluisrodriguez.com\/site\/storage\/2023\/03\/boldo-2.jpg\u00bb,\u00bbhover_effect\u00bb:\u00bbdefault.png\u00bb,\u00bbwidth\u00bb:{\u00abunit\u00bb:\u00bbpx\u00bb,\u00bbsize\u00bb:\u00bb\u00bb,\u00bbsizes\u00bb:[]},\u00bbwidth_tablet\u00bb:{\u00abunit\u00bb:\u00bbpx\u00bb,\u00bbsize\u00bb:\u00bb\u00bb,\u00bbsizes\u00bb:[]},\u00bbwidth_mobile\u00bb:{\u00abunit\u00bb:\u00bbpx\u00bb,\u00bbsize\u00bb:\u00bb\u00bb,\u00bbsizes\u00bb:[]},\u00bbintensity\u00bb:0.299999999999999988897769753748434595763683319091796875,\u00bbspeed\u00bb:1.5,\u00bbangle\u00bb:0} BOLDO El boldo es una planta medicinal muy eficaz para reducir el dolor y la hinchaz\u00f3n abdominal, la indigesti\u00f3n y los gases por lo que es muy recomendable su consumo de cara a combatir los estragos de los excesos de comida pesada. Debido a su alto contenido en alcaloides, el boldo tambi\u00e9n &hellip;<\/p>\n","protected":false},"author":1,"featured_media":0,"parent":0,"menu_order":0,"comment_status":"closed","ping_status":"closed","template":"elementor_header_footer","meta":{"footnotes":""},"class_list":["post-4131","page","type-page","status-publish","hentry"],"_links":{"self":[{"href":"https:\/\/sucesoresluisrodriguez.com\/site\/wp-json\/wp\/v2\/pages\/4131","targetHints":{"allow":["GET"]}}],"collection":[{"href":"https:\/\/sucesoresluisrodriguez.com\/site\/wp-json\/wp\/v2\/pages"}],"about":[{"href":"https:\/\/sucesoresluisrodriguez.com\/site\/wp-json\/wp\/v2\/types\/page"}],"author":[{"embeddable":true,"href":"https:\/\/sucesoresluisrodriguez.com\/site\/wp-json\/wp\/v2\/users\/1"}],"replies":[{"embeddable":true,"href":"https:\/\/sucesoresluisrodriguez.com\/site\/wp-json\/wp\/v2\/comments?post=4131"}],"version-history":[{"count":37,"href":"https:\/\/sucesoresluisrodriguez.com\/site\/wp-json\/wp\/v2\/pages\/4131\/revisions"}],"predecessor-version":[{"id":5371,"href":"https:\/\/sucesoresluisrodriguez.com\/site\/wp-json\/wp\/v2\/pages\/4131\/revisions\/5371"}],"wp:attachment":[{"href":"https:\/\/sucesoresluisrodriguez.com\/site\/wp-json\/wp\/v2\/media?parent=4131"}],"curies":[{"name":"wp","href":"https:\/\/api.w.org\/{rel}","templated":true}]}}