{"id":4055,"date":"2023-03-04T01:24:42","date_gmt":"2023-03-04T01:24:42","guid":{"rendered":"https:\/\/sucesoresluisrodriguez.com\/site\/?page_id=4055"},"modified":"2023-03-23T23:39:45","modified_gmt":"2023-03-23T23:39:45","slug":"condimento1","status":"publish","type":"page","link":"https:\/\/sucesoresluisrodriguez.com\/site\/condimento1\/","title":{"rendered":"Condimento1"},"content":{"rendered":"\t\t<div data-elementor-type=\"wp-page\" data-elementor-id=\"4055\" class=\"elementor elementor-4055\">\n\t\t\t\t\t\t<section class=\"elementor-section elementor-top-section elementor-element elementor-element-25c26c9 elementor-section-boxed elementor-section-height-default elementor-section-height-default\" data-id=\"25c26c9\" data-element_type=\"section\" data-settings=\"{&quot;background_background&quot;:&quot;gradient&quot;}\">\n\t\t\t\t\t\t<div class=\"elementor-container elementor-column-gap-default\">\n\t\t\t\t\t<div class=\"elementor-column elementor-col-33 elementor-top-column elementor-element elementor-element-240f6370\" data-id=\"240f6370\" data-element_type=\"column\">\n\t\t\t<div class=\"elementor-widget-wrap elementor-element-populated\">\n\t\t\t\t\t\t<div class=\"elementor-element elementor-element-ad00028 elementor-widget elementor-widget-liquid\" data-id=\"ad00028\" data-element_type=\"widget\" data-widget_type=\"liquid.default\">\n\t\t\t\t<div class=\"elementor-widget-container\">\n\t\t\t\t\t\n    \t<div class=\"liquid-image-area\">\n\t    \t<div class=\"liquid-image\" >\n\t    \t\t<img decoding=\"async\" src=\"http:\/\/sucesoresluisrodriguez.com\/site\/storage\/2023\/03\/pimienta-negra.jpg\" alt=\"\">\n\t    \t\t\t    \t<\/div>\n    \t<\/div>\n\n        \n\t\t<span style=\"display:none;\" class=\"settings elementor-extra-hidden\">{\"plugin_url\":\"https:\\\/\\\/sucesoresluisrodriguez.com\\\/site\\\/wp-content\\\/plugins\\\/elementor-liquid-hover-effect\\\/widgets\",\"first_image\":\"http:\\\/\\\/sucesoresluisrodriguez.com\\\/site\\\/storage\\\/2023\\\/03\\\/pimienta-negra.jpg\",\"second_image\":\"http:\\\/\\\/sucesoresluisrodriguez.com\\\/site\\\/storage\\\/2023\\\/03\\\/pimienta-negra-2.jpg\",\"hover_effect\":\"default.png\",\"width\":{\"unit\":\"px\",\"size\":\"\",\"sizes\":[]},\"width_tablet\":{\"unit\":\"px\",\"size\":\"\",\"sizes\":[]},\"width_mobile\":{\"unit\":\"px\",\"size\":\"\",\"sizes\":[]},\"intensity\":0.299999999999999988897769753748434595763683319091796875,\"speed\":1.5,\"angle\":0}<\/span>\n\n\t\t\t\t\t\t<\/div>\n\t\t\t\t<\/div>\n\t\t\t\t<div class=\"elementor-element elementor-element-199b71c4 elementor-widget elementor-widget-heading\" data-id=\"199b71c4\" data-element_type=\"widget\" data-widget_type=\"heading.default\">\n\t\t\t\t<div class=\"elementor-widget-container\">\n\t\t\t\t\t<h2 class=\"elementor-heading-title elementor-size-default\">PIMIENTA NEGRA<\/h2>\t\t\t\t<\/div>\n\t\t\t\t<\/div>\n\t\t\t\t<div class=\"elementor-element elementor-element-564c0251 elementor-widget elementor-widget-text-editor\" data-id=\"564c0251\" data-element_type=\"widget\" data-widget_type=\"text-editor.default\">\n\t\t\t\t<div class=\"elementor-widget-container\">\n\t\t\t\t\t\t\t\t\t<p><span style=\"font-weight: 400;\">La pimienta negra es una especia poderosa y cargada de beneficios. M\u00e1s all\u00e1 del exquisito aroma o el sabor que introducen en tus platos, el condimento puede ayudarte a prevenir enfermedades<br \/><br \/><\/span><\/p>\t\t\t\t\t\t\t\t<\/div>\n\t\t\t\t<\/div>\n\t\t\t\t<div class=\"elementor-element elementor-element-90b8158 elementor-widget elementor-widget-text-editor\" data-id=\"90b8158\" data-element_type=\"widget\" id=\"elemento12\" data-widget_type=\"text-editor.default\">\n\t\t\t\t<div class=\"elementor-widget-container\">\n\t\t\t\t\t\t\t\t\t<p><span style=\"font-weight: 400;\">Es excelente para adelgazar o mejorar la digesti\u00f3n. Contiene vitamina A, vitamina C, vitamina K, folato y colina, adem\u00e1s de minerales como el potasio, f\u00f3sforo, magnesio y calcio. La pimienta tambi\u00e9n constituye un poderoso remedio casero contra la gripe.<\/span><\/p><p>\u00a0<\/p>\t\t\t\t\t\t\t\t<\/div>\n\t\t\t\t<\/div>\n\t\t\t\t<div class=\"elementor-element elementor-element-382ed59 elementor-align-center elementor-widget elementor-widget-button\" data-id=\"382ed59\" data-element_type=\"widget\" data-widget_type=\"button.default\">\n\t\t\t\t<div class=\"elementor-widget-container\">\n\t\t\t\t\t\t\t\t\t<div class=\"elementor-button-wrapper\">\n\t\t\t\t\t<a class=\"elementor-button elementor-button-link elementor-size-sm\" href=\"#\" id=\"boton12\">\n\t\t\t\t\t\t<span class=\"elementor-button-content-wrapper\">\n\t\t\t\t\t\t\t\t\t<span class=\"elementor-button-text\">Mostrar m\u00e1s<\/span>\n\t\t\t\t\t<\/span>\n\t\t\t\t\t<\/a>\n\t\t\t\t<\/div>\n\t\t\t\t\t\t\t\t<\/div>\n\t\t\t\t<\/div>\n\t\t\t\t<div class=\"elementor-element elementor-element-462298b elementor-widget elementor-widget-html\" data-id=\"462298b\" data-element_type=\"widget\" data-widget_type=\"html.default\">\n\t\t\t\t<div class=\"elementor-widget-container\">\n\t\t\t\t\t<script>seeMoreOpened=false;\r\njQuery(document).ready(function($) {\r\n\r\n  \/*Mostrar\/ocultar contenido*\/\r\n $('#elemento12').hide();\r\n\r\n $('#boton12').click(function(event){\r\n\r\n\r\n     event.preventDefault();\r\n\r\n     $('#elemento12').slideToggle('slow',function() {\r\n\r\n         if(!seeMoreOpened){\r\n              $('#boton12').text('Mostrar menos')\r\n\r\n\r\n         }else{\r\n              $('#boton12').text('Mostrar m\u00e1s ')\r\n\r\n         }\r\n         seeMoreOpened=!seeMoreOpened;\r\n\r\n  });\r\n\r\n\r\n })\r\n\r\n});<\/script>\t\t\t\t<\/div>\n\t\t\t\t<\/div>\n\t\t\t\t\t<\/div>\n\t\t<\/div>\n\t\t\t\t<div class=\"elementor-column elementor-col-33 elementor-top-column elementor-element elementor-element-75534f4d\" data-id=\"75534f4d\" data-element_type=\"column\">\n\t\t\t<div class=\"elementor-widget-wrap elementor-element-populated\">\n\t\t\t\t\t\t<div class=\"elementor-element elementor-element-3871661f elementor-widget elementor-widget-liquid\" data-id=\"3871661f\" data-element_type=\"widget\" data-widget_type=\"liquid.default\">\n\t\t\t\t<div class=\"elementor-widget-container\">\n\t\t\t\t\t\n    \t<div class=\"liquid-image-area\">\n\t    \t<div class=\"liquid-image\" >\n\t    \t\t<img decoding=\"async\" src=\"http:\/\/sucesoresluisrodriguez.com\/site\/storage\/2023\/03\/pimienta-negra-molida.jpg\" alt=\"\">\n\t    \t\t\t    \t<\/div>\n    \t<\/div>\n\n        \n\t\t<span style=\"display:none;\" class=\"settings elementor-extra-hidden\">{\"plugin_url\":\"https:\\\/\\\/sucesoresluisrodriguez.com\\\/site\\\/wp-content\\\/plugins\\\/elementor-liquid-hover-effect\\\/widgets\",\"first_image\":\"http:\\\/\\\/sucesoresluisrodriguez.com\\\/site\\\/storage\\\/2023\\\/03\\\/pimienta-negra-molida.jpg\",\"second_image\":\"http:\\\/\\\/sucesoresluisrodriguez.com\\\/site\\\/storage\\\/2023\\\/03\\\/pimienta-negra-molida-2.jpg\",\"hover_effect\":\"default.png\",\"width\":{\"unit\":\"px\",\"size\":\"\",\"sizes\":[]},\"width_tablet\":{\"unit\":\"px\",\"size\":\"\",\"sizes\":[]},\"width_mobile\":{\"unit\":\"px\",\"size\":\"\",\"sizes\":[]},\"intensity\":0.299999999999999988897769753748434595763683319091796875,\"speed\":1.5,\"angle\":0}<\/span>\n\n\t\t\t\t\t\t<\/div>\n\t\t\t\t<\/div>\n\t\t\t\t<div class=\"elementor-element elementor-element-40fb9ee9 elementor-widget elementor-widget-heading\" data-id=\"40fb9ee9\" data-element_type=\"widget\" data-widget_type=\"heading.default\">\n\t\t\t\t<div class=\"elementor-widget-container\">\n\t\t\t\t\t<h2 class=\"elementor-heading-title elementor-size-default\">PIMIENTA NEGRA MOLIDA<\/h2>\t\t\t\t<\/div>\n\t\t\t\t<\/div>\n\t\t\t\t<div class=\"elementor-element elementor-element-71d8a3a2 elementor-widget elementor-widget-text-editor\" data-id=\"71d8a3a2\" data-element_type=\"widget\" data-widget_type=\"text-editor.default\">\n\t\t\t\t<div class=\"elementor-widget-container\">\n\t\t\t\t\t\t\t\t\t<p><span style=\"font-weight: 400;\">La pimienta negra aporta un delicioso sabor a tus comidas pero adem\u00e1s, puede ayudarte a adelgazar, mejorar la digesti\u00f3n, aliviar la tos y el resfriado<br><br><\/span><\/p>\t\t\t\t\t\t\t\t<\/div>\n\t\t\t\t<\/div>\n\t\t\t\t<div class=\"elementor-element elementor-element-dce6ec8 elementor-widget elementor-widget-text-editor\" data-id=\"dce6ec8\" data-element_type=\"widget\" id=\"elemento13\" data-widget_type=\"text-editor.default\">\n\t\t\t\t<div class=\"elementor-widget-container\">\n\t\t\t\t\t\t\t\t\t<p><span style=\"font-weight: 400;\">Acelerar el metabolismo y tratar problemas dermatol\u00f3gicos. La pimienta negra, al igual que la roja, tiene un fuerte efecto termog\u00e9nico sobre el organismo humano, es decir, incrementa el gasto cal\u00f3rico al aumentar el metabolismo basal.<\/span><\/p>\t\t\t\t\t\t\t\t<\/div>\n\t\t\t\t<\/div>\n\t\t\t\t<div class=\"elementor-element elementor-element-f7a362d elementor-align-center elementor-widget elementor-widget-button\" data-id=\"f7a362d\" data-element_type=\"widget\" data-widget_type=\"button.default\">\n\t\t\t\t<div class=\"elementor-widget-container\">\n\t\t\t\t\t\t\t\t\t<div class=\"elementor-button-wrapper\">\n\t\t\t\t\t<a class=\"elementor-button elementor-button-link elementor-size-sm\" href=\"#\" id=\"boton13\">\n\t\t\t\t\t\t<span class=\"elementor-button-content-wrapper\">\n\t\t\t\t\t\t\t\t\t<span class=\"elementor-button-text\">Mostrar m\u00e1s<\/span>\n\t\t\t\t\t<\/span>\n\t\t\t\t\t<\/a>\n\t\t\t\t<\/div>\n\t\t\t\t\t\t\t\t<\/div>\n\t\t\t\t<\/div>\n\t\t\t\t<div class=\"elementor-element elementor-element-865d6d8 elementor-widget elementor-widget-html\" data-id=\"865d6d8\" data-element_type=\"widget\" data-widget_type=\"html.default\">\n\t\t\t\t<div class=\"elementor-widget-container\">\n\t\t\t\t\t<script>seeMoreOpened=false;\r\njQuery(document).ready(function($) {\r\n\r\n  \/*Mostrar\/ocultar contenido*\/\r\n $('#elemento13').hide();\r\n\r\n $('#boton13').click(function(event){\r\n\r\n\r\n     event.preventDefault();\r\n\r\n     $('#elemento13').slideToggle('slow',function() {\r\n\r\n         if(!seeMoreOpened){\r\n              $('#boton13').text('Mostrar menos')\r\n\r\n\r\n         }else{\r\n              $('#boton13').text('Mostrar m\u00e1s ')\r\n\r\n         }\r\n         seeMoreOpened=!seeMoreOpened;\r\n\r\n  });\r\n\r\n\r\n })\r\n\r\n});<\/script>\t\t\t\t<\/div>\n\t\t\t\t<\/div>\n\t\t\t\t\t<\/div>\n\t\t<\/div>\n\t\t\t\t<div class=\"elementor-column elementor-col-33 elementor-top-column elementor-element elementor-element-8c096d7\" data-id=\"8c096d7\" data-element_type=\"column\">\n\t\t\t<div class=\"elementor-widget-wrap elementor-element-populated\">\n\t\t\t\t\t\t<div class=\"elementor-element elementor-element-a03d9a1 elementor-widget elementor-widget-liquid\" data-id=\"a03d9a1\" data-element_type=\"widget\" data-widget_type=\"liquid.default\">\n\t\t\t\t<div class=\"elementor-widget-container\">\n\t\t\t\t\t\n    \t<div class=\"liquid-image-area\">\n\t    \t<div class=\"liquid-image\" >\n\t    \t\t<img decoding=\"async\" src=\"http:\/\/sucesoresluisrodriguez.com\/site\/storage\/2023\/03\/sabora.jpg\" alt=\"\">\n\t    \t\t\t    \t<\/div>\n    \t<\/div>\n\n        \n\t\t<span style=\"display:none;\" class=\"settings elementor-extra-hidden\">{\"plugin_url\":\"https:\\\/\\\/sucesoresluisrodriguez.com\\\/site\\\/wp-content\\\/plugins\\\/elementor-liquid-hover-effect\\\/widgets\",\"first_image\":\"http:\\\/\\\/sucesoresluisrodriguez.com\\\/site\\\/storage\\\/2023\\\/03\\\/sabora.jpg\",\"second_image\":\"http:\\\/\\\/sucesoresluisrodriguez.com\\\/site\\\/storage\\\/2023\\\/03\\\/sabora-2.jpg\",\"hover_effect\":\"default.png\",\"width\":{\"unit\":\"px\",\"size\":\"\",\"sizes\":[]},\"width_tablet\":{\"unit\":\"px\",\"size\":\"\",\"sizes\":[]},\"width_mobile\":{\"unit\":\"px\",\"size\":\"\",\"sizes\":[]},\"intensity\":0.299999999999999988897769753748434595763683319091796875,\"speed\":1.5,\"angle\":0}<\/span>\n\n\t\t\t\t\t\t<\/div>\n\t\t\t\t<\/div>\n\t\t\t\t<div class=\"elementor-element elementor-element-95842f7 elementor-widget elementor-widget-heading\" data-id=\"95842f7\" data-element_type=\"widget\" data-widget_type=\"heading.default\">\n\t\t\t\t<div class=\"elementor-widget-container\">\n\t\t\t\t\t<h2 class=\"elementor-heading-title elementor-size-default\">SABORA<\/h2>\t\t\t\t<\/div>\n\t\t\t\t<\/div>\n\t\t\t\t<div class=\"elementor-element elementor-element-494e8c5 elementor-widget elementor-widget-text-editor\" data-id=\"494e8c5\" data-element_type=\"widget\" data-widget_type=\"text-editor.default\">\n\t\t\t\t<div class=\"elementor-widget-container\">\n\t\t\t\t\t\t\t\t\t<p><span style=\"font-weight: 400;\">Este es un sazonador perfecto, para darle un toque \u00fanico a todos tus platos, es la mezcla perfecta entre todos los condimentos b\u00e1sicos para realzar y potenciar todos los sabores de tus recetas.<\/span><\/p>\t\t\t\t\t\t\t\t<\/div>\n\t\t\t\t<\/div>\n\t\t\t\t<div class=\"elementor-element elementor-element-a6444d2 elementor-widget elementor-widget-text-editor\" data-id=\"a6444d2\" data-element_type=\"widget\" id=\"elemento14\" data-widget_type=\"text-editor.default\">\n\t\t\t\t<div class=\"elementor-widget-container\">\n\t\t\t\t\t\t\t\t\t<p><span style=\"font-weight: 400;\">Com\u00fanmente se usa para hacer sopas, caldos, cremas, salsas fr\u00edas o calientes, decorativas, pastas, carnes, pollo, mariscos, guisos, arroces, guarniciones, ensaladas, vinagretas y aderezos. Al ser un producto natural se puede usar en fr\u00edo o en caliente.\u00a0\u00a0<\/span><\/p>\t\t\t\t\t\t\t\t<\/div>\n\t\t\t\t<\/div>\n\t\t\t\t<div class=\"elementor-element elementor-element-231bb85 elementor-align-center elementor-widget elementor-widget-button\" data-id=\"231bb85\" data-element_type=\"widget\" data-widget_type=\"button.default\">\n\t\t\t\t<div class=\"elementor-widget-container\">\n\t\t\t\t\t\t\t\t\t<div class=\"elementor-button-wrapper\">\n\t\t\t\t\t<a class=\"elementor-button elementor-button-link elementor-size-sm\" href=\"#\" id=\"boton14\">\n\t\t\t\t\t\t<span class=\"elementor-button-content-wrapper\">\n\t\t\t\t\t\t\t\t\t<span class=\"elementor-button-text\">Mostrar m\u00e1s<\/span>\n\t\t\t\t\t<\/span>\n\t\t\t\t\t<\/a>\n\t\t\t\t<\/div>\n\t\t\t\t\t\t\t\t<\/div>\n\t\t\t\t<\/div>\n\t\t\t\t<div class=\"elementor-element elementor-element-1ef57c4 elementor-widget elementor-widget-html\" data-id=\"1ef57c4\" data-element_type=\"widget\" data-widget_type=\"html.default\">\n\t\t\t\t<div class=\"elementor-widget-container\">\n\t\t\t\t\t<script>seeMoreOpened=false;\r\njQuery(document).ready(function($) {\r\n\r\n  \/*Mostrar\/ocultar contenido*\/\r\n $('#elemento14').hide();\r\n\r\n $('#boton14').click(function(event){\r\n\r\n\r\n     event.preventDefault();\r\n\r\n     $('#elemento14').slideToggle('slow',function() {\r\n\r\n         if(!seeMoreOpened){\r\n              $('#boton14').text('Mostrar menos')\r\n\r\n\r\n         }else{\r\n              $('#boton14').text('Mostrar m\u00e1s ')\r\n\r\n         }\r\n         seeMoreOpened=!seeMoreOpened;\r\n\r\n  });\r\n\r\n\r\n })\r\n\r\n});<\/script>\t\t\t\t<\/div>\n\t\t\t\t<\/div>\n\t\t\t\t\t<\/div>\n\t\t<\/div>\n\t\t\t\t\t<\/div>\n\t\t<\/section>\n\t\t\t\t<section class=\"elementor-section elementor-top-section elementor-element elementor-element-4a7a7abc elementor-section-boxed elementor-section-height-default elementor-section-height-default\" data-id=\"4a7a7abc\" data-element_type=\"section\" data-settings=\"{&quot;background_background&quot;:&quot;classic&quot;}\">\n\t\t\t\t\t\t<div class=\"elementor-container elementor-column-gap-default\">\n\t\t\t\t\t<div class=\"elementor-column elementor-col-100 elementor-top-column elementor-element elementor-element-2f50fd65\" data-id=\"2f50fd65\" data-element_type=\"column\">\n\t\t\t<div class=\"elementor-widget-wrap elementor-element-populated\">\n\t\t\t\t\t\t<div class=\"elementor-element elementor-element-312f6bb elementor-icon-list--layout-inline elementor-align-end elementor-list-item-link-full_width elementor-widget elementor-widget-icon-list\" data-id=\"312f6bb\" data-element_type=\"widget\" data-widget_type=\"icon-list.default\">\n\t\t\t\t<div class=\"elementor-widget-container\">\n\t\t\t\t\t\t\t<ul class=\"elementor-icon-list-items elementor-inline-items\">\n\t\t\t\t\t\t\t<li class=\"elementor-icon-list-item elementor-inline-item\">\n\t\t\t\t\t\t\t\t\t\t\t<a href=\"https:\/\/sucesoresluisrodriguez.com\/site\/condimento\/\">\n\n\t\t\t\t\t\t\t\t\t\t\t\t<span class=\"elementor-icon-list-icon\">\n\t\t\t\t\t\t\t<i aria-hidden=\"true\" class=\"fas fa-arrow-left\"><\/i>\t\t\t\t\t\t<\/span>\n\t\t\t\t\t\t\t\t\t\t<span class=\"elementor-icon-list-text\"><\/span>\n\t\t\t\t\t\t\t\t\t\t\t<\/a>\n\t\t\t\t\t\t\t\t\t<\/li>\n\t\t\t\t\t\t\t\t<li class=\"elementor-icon-list-item elementor-inline-item\">\n\t\t\t\t\t\t\t\t\t\t\t<a href=\"https:\/\/sucesoresluisrodriguez.com\/site\/condimento\/\">\n\n\t\t\t\t\t\t\t\t\t\t\t<span class=\"elementor-icon-list-text\">1<\/span>\n\t\t\t\t\t\t\t\t\t\t\t<\/a>\n\t\t\t\t\t\t\t\t\t<\/li>\n\t\t\t\t\t\t\t\t<li class=\"elementor-icon-list-item elementor-inline-item\">\n\t\t\t\t\t\t\t\t\t\t<span class=\"elementor-icon-list-text\">2<\/span>\n\t\t\t\t\t\t\t\t\t<\/li>\n\t\t\t\t\t\t<\/ul>\n\t\t\t\t\t\t<\/div>\n\t\t\t\t<\/div>\n\t\t\t\t\t<\/div>\n\t\t<\/div>\n\t\t\t\t\t<\/div>\n\t\t<\/section>\n\t\t\t\t<\/div>\n\t\t","protected":false},"excerpt":{"rendered":"<p>{\u00abplugin_url\u00bb:\u00bbhttps:\/\/sucesoresluisrodriguez.com\/site\/wp-content\/plugins\/elementor-liquid-hover-effect\/widgets\u00bb,\u00bbfirst_image\u00bb:\u00bbhttp:\/\/sucesoresluisrodriguez.com\/site\/storage\/2023\/03\/pimienta-negra.jpg\u00bb,\u00bbsecond_image\u00bb:\u00bbhttp:\/\/sucesoresluisrodriguez.com\/site\/storage\/2023\/03\/pimienta-negra-2.jpg\u00bb,\u00bbhover_effect\u00bb:\u00bbdefault.png\u00bb,\u00bbwidth\u00bb:{\u00abunit\u00bb:\u00bbpx\u00bb,\u00bbsize\u00bb:\u00bb\u00bb,\u00bbsizes\u00bb:[]},\u00bbwidth_tablet\u00bb:{\u00abunit\u00bb:\u00bbpx\u00bb,\u00bbsize\u00bb:\u00bb\u00bb,\u00bbsizes\u00bb:[]},\u00bbwidth_mobile\u00bb:{\u00abunit\u00bb:\u00bbpx\u00bb,\u00bbsize\u00bb:\u00bb\u00bb,\u00bbsizes\u00bb:[]},\u00bbintensity\u00bb:0.299999999999999988897769753748434595763683319091796875,\u00bbspeed\u00bb:1.5,\u00bbangle\u00bb:0} PIMIENTA NEGRA La pimienta negra es una especia poderosa y cargada de beneficios. M\u00e1s all\u00e1 del exquisito aroma o el sabor que introducen en tus platos, el condimento puede ayudarte a prevenir enfermedades Es excelente para adelgazar o mejorar la digesti\u00f3n. Contiene vitamina A, vitamina C, vitamina K, folato y colina, adem\u00e1s de minerales &hellip;<\/p>\n","protected":false},"author":1,"featured_media":0,"parent":0,"menu_order":0,"comment_status":"closed","ping_status":"closed","template":"elementor_header_footer","meta":{"footnotes":""},"class_list":["post-4055","page","type-page","status-publish","hentry"],"_links":{"self":[{"href":"https:\/\/sucesoresluisrodriguez.com\/site\/wp-json\/wp\/v2\/pages\/4055","targetHints":{"allow":["GET"]}}],"collection":[{"href":"https:\/\/sucesoresluisrodriguez.com\/site\/wp-json\/wp\/v2\/pages"}],"about":[{"href":"https:\/\/sucesoresluisrodriguez.com\/site\/wp-json\/wp\/v2\/types\/page"}],"author":[{"embeddable":true,"href":"https:\/\/sucesoresluisrodriguez.com\/site\/wp-json\/wp\/v2\/users\/1"}],"replies":[{"embeddable":true,"href":"https:\/\/sucesoresluisrodriguez.com\/site\/wp-json\/wp\/v2\/comments?post=4055"}],"version-history":[{"count":62,"href":"https:\/\/sucesoresluisrodriguez.com\/site\/wp-json\/wp\/v2\/pages\/4055\/revisions"}],"predecessor-version":[{"id":5328,"href":"https:\/\/sucesoresluisrodriguez.com\/site\/wp-json\/wp\/v2\/pages\/4055\/revisions\/5328"}],"wp:attachment":[{"href":"https:\/\/sucesoresluisrodriguez.com\/site\/wp-json\/wp\/v2\/media?parent=4055"}],"curies":[{"name":"wp","href":"https:\/\/api.w.org\/{rel}","templated":true}]}}