{"id":6191,"date":"2024-02-17T00:24:57","date_gmt":"2024-02-17T00:24:57","guid":{"rendered":"https:\/\/sucesoresluisrodriguez.com\/site\/?page_id=6191"},"modified":"2024-02-17T00:27:20","modified_gmt":"2024-02-17T00:27:20","slug":"tripode-konus","status":"publish","type":"page","link":"http:\/\/sucesoresluisrodriguez.com\/site\/tripode-konus\/","title":{"rendered":"Tripode Konus"},"content":{"rendered":"\t\t<div data-elementor-type=\"wp-page\" data-elementor-id=\"6191\" class=\"elementor elementor-6191\">\n\t\t\t\t\t\t<section class=\"elementor-section elementor-top-section elementor-element elementor-element-2358522 elementor-section-boxed elementor-section-height-default elementor-section-height-default\" data-id=\"2358522\" data-element_type=\"section\">\n\t\t\t\t\t\t<div class=\"elementor-container elementor-column-gap-default\">\n\t\t\t\t\t<div class=\"elementor-column elementor-col-100 elementor-top-column elementor-element elementor-element-5a3c686\" data-id=\"5a3c686\" data-element_type=\"column\">\n\t\t\t<div class=\"elementor-widget-wrap elementor-element-populated\">\n\t\t\t\t\t\t<div class=\"elementor-element elementor-element-6189886 elementor-widget elementor-widget-heading\" data-id=\"6189886\" data-element_type=\"widget\" data-widget_type=\"heading.default\">\n\t\t\t\t<div class=\"elementor-widget-container\">\n\t\t\t\t\t<h1 class=\"elementor-heading-title elementor-size-default\">TRIPODE KONUS<\/h1>\t\t\t\t<\/div>\n\t\t\t\t<\/div>\n\t\t\t\t\t<\/div>\n\t\t<\/div>\n\t\t\t\t\t<\/div>\n\t\t<\/section>\n\t\t\t\t<section class=\"elementor-section elementor-top-section elementor-element elementor-element-66eaa59 elementor-section-boxed elementor-section-height-default elementor-section-height-default\" data-id=\"66eaa59\" data-element_type=\"section\" data-settings=\"{&quot;background_background&quot;:&quot;gradient&quot;}\">\n\t\t\t\t\t\t<div class=\"elementor-container elementor-column-gap-default\">\n\t\t\t\t\t<div class=\"elementor-column elementor-col-33 elementor-top-column elementor-element elementor-element-30ba59f9\" data-id=\"30ba59f9\" data-element_type=\"column\">\n\t\t\t<div class=\"elementor-widget-wrap elementor-element-populated\">\n\t\t\t\t\t\t<div class=\"elementor-element elementor-element-95134c1 elementor-widget elementor-widget-image\" data-id=\"95134c1\" data-element_type=\"widget\" data-widget_type=\"image.default\">\n\t\t\t\t<div class=\"elementor-widget-container\">\n\t\t\t\t\t\t\t\t\t\t\t\t\t\t\t<img fetchpriority=\"high\" decoding=\"async\" width=\"234\" height=\"300\" src=\"http:\/\/sucesoresluisrodriguez.com\/site\/wp-content\/uploads\/2024\/02\/TRIPODE-1958-234x300.jpg\" class=\"attachment-medium size-medium wp-image-6193\" alt=\"\" srcset=\"http:\/\/sucesoresluisrodriguez.com\/site\/wp-content\/uploads\/2024\/02\/TRIPODE-1958-234x300.jpg 234w, http:\/\/sucesoresluisrodriguez.com\/site\/wp-content\/uploads\/2024\/02\/TRIPODE-1958.jpg 271w\" sizes=\"(max-width: 234px) 100vw, 234px\" \/>\t\t\t\t\t\t\t\t\t\t\t\t\t\t\t<\/div>\n\t\t\t\t<\/div>\n\t\t\t\t<div class=\"elementor-element elementor-element-1a4a60a3 elementor-widget elementor-widget-heading\" data-id=\"1a4a60a3\" data-element_type=\"widget\" data-widget_type=\"heading.default\">\n\t\t\t\t<div class=\"elementor-widget-container\">\n\t\t\t\t\t<h2 class=\"elementor-heading-title elementor-size-default\">TRIPODE KONUS 1958<\/h2>\t\t\t\t<\/div>\n\t\t\t\t<\/div>\n\t\t\t\t<div class=\"elementor-element elementor-element-6da69ebd elementor-widget elementor-widget-text-editor\" data-id=\"6da69ebd\" data-element_type=\"widget\" data-widget_type=\"text-editor.default\">\n\t\t\t\t<div class=\"elementor-widget-container\">\n\t\t\t\t\t\t\t\t\t<p><span class=\"a-list-item\">Tr\u00edpode de mesa<br \/><\/span><span class=\"a-list-item\">Perfecto para detectar visores, binoculares y c\u00e1maras<br \/><\/span><span class=\"a-list-item\">Palanca Panhead<br \/><\/span><span class=\"a-list-item\">Altura ajustable de 7.8 a 13.7 pulgadas<br \/><\/span><span class=\"a-list-item\">Ajustes microm\u00e9tricos<\/span><\/p>\t\t\t\t\t\t\t\t<\/div>\n\t\t\t\t<\/div>\n\t\t\t\t\t<\/div>\n\t\t<\/div>\n\t\t\t\t<div class=\"elementor-column elementor-col-33 elementor-top-column elementor-element elementor-element-0d49c52\" data-id=\"0d49c52\" data-element_type=\"column\">\n\t\t\t<div class=\"elementor-widget-wrap elementor-element-populated\">\n\t\t\t\t\t\t<div class=\"elementor-element elementor-element-27edc9d elementor-widget elementor-widget-image\" data-id=\"27edc9d\" data-element_type=\"widget\" data-widget_type=\"image.default\">\n\t\t\t\t<div class=\"elementor-widget-container\">\n\t\t\t\t\t\t\t\t\t\t\t\t\t\t\t<img decoding=\"async\" width=\"168\" height=\"300\" src=\"http:\/\/sucesoresluisrodriguez.com\/site\/wp-content\/uploads\/2024\/02\/TRIPODE-1959-168x300.webp\" class=\"attachment-medium size-medium wp-image-6195\" alt=\"\" srcset=\"http:\/\/sucesoresluisrodriguez.com\/site\/wp-content\/uploads\/2024\/02\/TRIPODE-1959-168x300.webp 168w, http:\/\/sucesoresluisrodriguez.com\/site\/wp-content\/uploads\/2024\/02\/TRIPODE-1959-310x555.webp 310w, http:\/\/sucesoresluisrodriguez.com\/site\/wp-content\/uploads\/2024\/02\/TRIPODE-1959.webp 354w\" sizes=\"(max-width: 168px) 100vw, 168px\" \/>\t\t\t\t\t\t\t\t\t\t\t\t\t\t\t<\/div>\n\t\t\t\t<\/div>\n\t\t\t\t<div class=\"elementor-element elementor-element-ad17390 elementor-widget elementor-widget-heading\" data-id=\"ad17390\" data-element_type=\"widget\" data-widget_type=\"heading.default\">\n\t\t\t\t<div class=\"elementor-widget-container\">\n\t\t\t\t\t<h2 class=\"elementor-heading-title elementor-size-default\">TRIPODE KONUS 1959<\/h2>\t\t\t\t<\/div>\n\t\t\t\t<\/div>\n\t\t\t\t<div class=\"elementor-element elementor-element-61281bd elementor-widget elementor-widget-text-editor\" data-id=\"61281bd\" data-element_type=\"widget\" data-widget_type=\"text-editor.default\">\n\t\t\t\t<div class=\"elementor-widget-container\">\n\t\t\t\t\t\t\t\t\t<p>Palanca que permite un f\u00e1cil desplazamiento, patas articulable con bloqueo, 2 burbujas de nivel, Para catalejos, prism\u00e1ticos y c\u00e1maras, incluye bolsa.<br \/>Peso\u00a0980 g<br \/>Medida Hasta 1,37m<\/p>\t\t\t\t\t\t\t\t<\/div>\n\t\t\t\t<\/div>\n\t\t\t\t\t<\/div>\n\t\t<\/div>\n\t\t\t\t<div class=\"elementor-column elementor-col-33 elementor-top-column elementor-element elementor-element-9bfbe3d\" data-id=\"9bfbe3d\" data-element_type=\"column\">\n\t\t\t<div class=\"elementor-widget-wrap\">\n\t\t\t\t\t\t\t<\/div>\n\t\t<\/div>\n\t\t\t\t\t<\/div>\n\t\t<\/section>\n\t\t\t\t<section class=\"elementor-section elementor-top-section elementor-element elementor-element-ad36db6 elementor-section-boxed elementor-section-height-default elementor-section-height-default\" data-id=\"ad36db6\" data-element_type=\"section\">\n\t\t\t\t\t\t<div class=\"elementor-container elementor-column-gap-default\">\n\t\t\t\t\t<div class=\"elementor-column elementor-col-100 elementor-top-column elementor-element elementor-element-c141740\" data-id=\"c141740\" data-element_type=\"column\">\n\t\t\t<div class=\"elementor-widget-wrap\">\n\t\t\t\t\t\t\t<\/div>\n\t\t<\/div>\n\t\t\t\t\t<\/div>\n\t\t<\/section>\n\t\t\t\t<\/div>\n\t\t","protected":false},"excerpt":{"rendered":"<p>TRIPODE KONUS TRIPODE KONUS 1958 Tr\u00edpode de mesaPerfecto para detectar visores, binoculares y c\u00e1marasPalanca PanheadAltura ajustable de 7.8 a 13.7 pulgadasAjustes microm\u00e9tricos TRIPODE KONUS 1959 Palanca que permite un f\u00e1cil desplazamiento, patas articulable con bloqueo, 2 burbujas de nivel, Para catalejos, prism\u00e1ticos y c\u00e1maras, incluye bolsa.Peso\u00a0980 gMedida Hasta 1,37m<\/p>\n","protected":false},"author":1,"featured_media":0,"parent":0,"menu_order":0,"comment_status":"closed","ping_status":"closed","template":"elementor_header_footer","meta":{"footnotes":""},"class_list":["post-6191","page","type-page","status-publish","hentry"],"_links":{"self":[{"href":"http:\/\/sucesoresluisrodriguez.com\/site\/wp-json\/wp\/v2\/pages\/6191","targetHints":{"allow":["GET"]}}],"collection":[{"href":"http:\/\/sucesoresluisrodriguez.com\/site\/wp-json\/wp\/v2\/pages"}],"about":[{"href":"http:\/\/sucesoresluisrodriguez.com\/site\/wp-json\/wp\/v2\/types\/page"}],"author":[{"embeddable":true,"href":"http:\/\/sucesoresluisrodriguez.com\/site\/wp-json\/wp\/v2\/users\/1"}],"replies":[{"embeddable":true,"href":"http:\/\/sucesoresluisrodriguez.com\/site\/wp-json\/wp\/v2\/comments?post=6191"}],"version-history":[{"count":4,"href":"http:\/\/sucesoresluisrodriguez.com\/site\/wp-json\/wp\/v2\/pages\/6191\/revisions"}],"predecessor-version":[{"id":6198,"href":"http:\/\/sucesoresluisrodriguez.com\/site\/wp-json\/wp\/v2\/pages\/6191\/revisions\/6198"}],"wp:attachment":[{"href":"http:\/\/sucesoresluisrodriguez.com\/site\/wp-json\/wp\/v2\/media?parent=6191"}],"curies":[{"name":"wp","href":"https:\/\/api.w.org\/{rel}","templated":true}]}}