{"id":6147,"date":"2024-02-16T23:20:42","date_gmt":"2024-02-16T23:20:42","guid":{"rendered":"https:\/\/sucesoresluisrodriguez.com\/site\/?page_id=6147"},"modified":"2024-02-16T23:25:02","modified_gmt":"2024-02-16T23:25:02","slug":"brujula-konus","status":"publish","type":"page","link":"http:\/\/sucesoresluisrodriguez.com\/site\/brujula-konus\/","title":{"rendered":"Br\u00fajula Konus"},"content":{"rendered":"\t\t<div data-elementor-type=\"wp-page\" data-elementor-id=\"6147\" class=\"elementor elementor-6147\">\n\t\t\t\t\t\t<section class=\"elementor-section elementor-top-section elementor-element elementor-element-2358522 elementor-section-boxed elementor-section-height-default elementor-section-height-default\" data-id=\"2358522\" data-element_type=\"section\">\n\t\t\t\t\t\t<div class=\"elementor-container elementor-column-gap-default\">\n\t\t\t\t\t<div class=\"elementor-column elementor-col-100 elementor-top-column elementor-element elementor-element-5a3c686\" data-id=\"5a3c686\" data-element_type=\"column\">\n\t\t\t<div class=\"elementor-widget-wrap elementor-element-populated\">\n\t\t\t\t\t\t<div class=\"elementor-element elementor-element-6189886 elementor-widget elementor-widget-heading\" data-id=\"6189886\" data-element_type=\"widget\" data-widget_type=\"heading.default\">\n\t\t\t\t<div class=\"elementor-widget-container\">\n\t\t\t\t\t<h1 class=\"elementor-heading-title elementor-size-default\">BR\u00daJULA KONUS<\/h1>\t\t\t\t<\/div>\n\t\t\t\t<\/div>\n\t\t\t\t\t<\/div>\n\t\t<\/div>\n\t\t\t\t\t<\/div>\n\t\t<\/section>\n\t\t\t\t<section class=\"elementor-section elementor-top-section elementor-element elementor-element-3f7d9325 elementor-section-boxed elementor-section-height-default elementor-section-height-default\" data-id=\"3f7d9325\" data-element_type=\"section\" data-settings=\"{&quot;background_background&quot;:&quot;classic&quot;}\">\n\t\t\t\t\t\t<div class=\"elementor-container elementor-column-gap-default\">\n\t\t\t\t\t<div class=\"elementor-column elementor-col-33 elementor-top-column elementor-element elementor-element-63dee26\" data-id=\"63dee26\" data-element_type=\"column\">\n\t\t\t<div class=\"elementor-widget-wrap elementor-element-populated\">\n\t\t\t\t\t\t<div class=\"elementor-element elementor-element-7b31f65 elementor-widget elementor-widget-image\" data-id=\"7b31f65\" data-element_type=\"widget\" data-widget_type=\"image.default\">\n\t\t\t\t<div class=\"elementor-widget-container\">\n\t\t\t\t\t\t\t\t\t\t\t\t\t\t\t<img fetchpriority=\"high\" decoding=\"async\" width=\"300\" height=\"296\" src=\"https:\/\/sucesoresluisrodriguez.com\/site\/wp-content\/uploads\/2024\/02\/Brujula-4074-1.jpg\" class=\"attachment-large size-large wp-image-6152\" alt=\"\" srcset=\"https:\/\/sucesoresluisrodriguez.com\/site\/wp-content\/uploads\/2024\/02\/Brujula-4074-1.jpg 300w, https:\/\/sucesoresluisrodriguez.com\/site\/wp-content\/uploads\/2024\/02\/Brujula-4074-1-100x100.jpg 100w\" sizes=\"(max-width: 300px) 100vw, 300px\" \/>\t\t\t\t\t\t\t\t\t\t\t\t\t\t\t<\/div>\n\t\t\t\t<\/div>\n\t\t\t\t<div class=\"elementor-element elementor-element-41d4b79 elementor-widget elementor-widget-heading\" data-id=\"41d4b79\" data-element_type=\"widget\" data-widget_type=\"heading.default\">\n\t\t\t\t<div class=\"elementor-widget-container\">\n\t\t\t\t\t<h2 class=\"elementor-heading-title elementor-size-default\">BRUJULA KONUS KONUSTAR 10<\/h2>\t\t\t\t<\/div>\n\t\t\t\t<\/div>\n\t\t\t\t<div class=\"elementor-element elementor-element-d54ff0f elementor-widget elementor-widget-text-editor\" data-id=\"d54ff0f\" data-element_type=\"widget\" data-widget_type=\"text-editor.default\">\n\t\t\t\t<div class=\"elementor-widget-container\">\n\t\t\t\t\t\t\t\t\t<p>Son un instrumento profesional muy robusto con una mec\u00e1nica precisa y fiable. Los detalles t\u00e9cnicos m\u00e1s interesantes son: el clin\u00f3metro, la burbuja de nivel y el ocular regulable para una confortable lectura de los grados<\/p>\t\t\t\t\t\t\t\t<\/div>\n\t\t\t\t<\/div>\n\t\t\t\t\t<\/div>\n\t\t<\/div>\n\t\t\t\t<div class=\"elementor-column elementor-col-33 elementor-top-column elementor-element elementor-element-bbe1aa9\" data-id=\"bbe1aa9\" data-element_type=\"column\">\n\t\t\t<div class=\"elementor-widget-wrap elementor-element-populated\">\n\t\t\t\t\t\t<div class=\"elementor-element elementor-element-1c991cd elementor-widget elementor-widget-image\" data-id=\"1c991cd\" data-element_type=\"widget\" data-widget_type=\"image.default\">\n\t\t\t\t<div class=\"elementor-widget-container\">\n\t\t\t\t\t\t\t\t\t\t\t\t\t\t\t<img decoding=\"async\" width=\"425\" height=\"411\" src=\"https:\/\/sucesoresluisrodriguez.com\/site\/wp-content\/uploads\/2024\/02\/Brujula-4075.jpg\" class=\"attachment-large size-large wp-image-6153\" alt=\"\" srcset=\"https:\/\/sucesoresluisrodriguez.com\/site\/wp-content\/uploads\/2024\/02\/Brujula-4075.jpg 425w, https:\/\/sucesoresluisrodriguez.com\/site\/wp-content\/uploads\/2024\/02\/Brujula-4075-300x290.jpg 300w\" sizes=\"(max-width: 425px) 100vw, 425px\" \/>\t\t\t\t\t\t\t\t\t\t\t\t\t\t\t<\/div>\n\t\t\t\t<\/div>\n\t\t\t\t<div class=\"elementor-element elementor-element-7ba161b elementor-widget elementor-widget-heading\" data-id=\"7ba161b\" data-element_type=\"widget\" data-widget_type=\"heading.default\">\n\t\t\t\t<div class=\"elementor-widget-container\">\n\t\t\t\t\t<h2 class=\"elementor-heading-title elementor-size-default\">BRUJULA KONUS KONUSTAR 11<\/h2>\t\t\t\t<\/div>\n\t\t\t\t<\/div>\n\t\t\t\t<div class=\"elementor-element elementor-element-3941eab elementor-widget elementor-widget-text-editor\" data-id=\"3941eab\" data-element_type=\"widget\" data-widget_type=\"text-editor.default\">\n\t\t\t\t<div class=\"elementor-widget-container\">\n\t\t\t\t\t\t\t\t\t<p><span class=\"a-list-item\">Cuerpo de metal completo<br \/><\/span><span class=\"a-list-item\">Lleno de l\u00edquido<br \/><\/span><span class=\"a-list-item\">Nivel burbuja<br \/><\/span><span class=\"a-list-item\">Accesorio para tr\u00edpode<br \/><\/span><span class=\"a-list-item\">Ocular de 360 grados<\/span><\/p>\t\t\t\t\t\t\t\t<\/div>\n\t\t\t\t<\/div>\n\t\t\t\t\t<\/div>\n\t\t<\/div>\n\t\t\t\t<div class=\"elementor-column elementor-col-33 elementor-top-column elementor-element elementor-element-7199add3\" data-id=\"7199add3\" data-element_type=\"column\">\n\t\t\t<div class=\"elementor-widget-wrap elementor-element-populated\">\n\t\t\t\t\t\t<div class=\"elementor-element elementor-element-b6a104f elementor-widget elementor-widget-image\" data-id=\"b6a104f\" data-element_type=\"widget\" data-widget_type=\"image.default\">\n\t\t\t\t<div class=\"elementor-widget-container\">\n\t\t\t\t\t\t\t\t\t\t\t\t\t\t\t<img decoding=\"async\" width=\"290\" height=\"300\" src=\"https:\/\/sucesoresluisrodriguez.com\/site\/wp-content\/uploads\/2024\/02\/Brujula-4901-1-290x300.jpg\" class=\"attachment-medium size-medium wp-image-6151\" alt=\"\" srcset=\"https:\/\/sucesoresluisrodriguez.com\/site\/wp-content\/uploads\/2024\/02\/Brujula-4901-1-290x300.jpg 290w, https:\/\/sucesoresluisrodriguez.com\/site\/wp-content\/uploads\/2024\/02\/Brujula-4901-1.jpg 425w\" sizes=\"(max-width: 290px) 100vw, 290px\" \/>\t\t\t\t\t\t\t\t\t\t\t\t\t\t\t<\/div>\n\t\t\t\t<\/div>\n\t\t\t\t<div class=\"elementor-element elementor-element-77e93688 elementor-widget elementor-widget-heading\" data-id=\"77e93688\" data-element_type=\"widget\" data-widget_type=\"heading.default\">\n\t\t\t\t<div class=\"elementor-widget-container\">\n\t\t\t\t\t<h2 class=\"elementor-heading-title elementor-size-default\">BRUJULA KONUS KONUSTREK-1<\/h2>\t\t\t\t<\/div>\n\t\t\t\t<\/div>\n\t\t\t\t<div class=\"elementor-element elementor-element-758cd8fa elementor-widget elementor-widget-text-editor\" data-id=\"758cd8fa\" data-element_type=\"widget\" data-widget_type=\"text-editor.default\">\n\t\t\t\t<div class=\"elementor-widget-container\">\n\t\t\t\t\t\t\t\t\t<p><span class=\"a-list-item\">Color verde<br \/><\/span><span class=\"a-list-item\">De marzo de metal br\u00fajula<br \/><\/span><span class=\"a-list-item\">Relleno de aceite<br \/><\/span><span class=\"a-list-item\">Instrucciones de uso en 8\u00a0idiomas<\/span><\/p>\t\t\t\t\t\t\t\t<\/div>\n\t\t\t\t<\/div>\n\t\t\t\t\t<\/div>\n\t\t<\/div>\n\t\t\t\t\t<\/div>\n\t\t<\/section>\n\t\t\t\t<section class=\"elementor-section elementor-top-section elementor-element elementor-element-66eaa59 elementor-section-boxed elementor-section-height-default elementor-section-height-default\" data-id=\"66eaa59\" data-element_type=\"section\" data-settings=\"{&quot;background_background&quot;:&quot;gradient&quot;}\">\n\t\t\t\t\t\t<div class=\"elementor-container elementor-column-gap-default\">\n\t\t\t\t\t<div class=\"elementor-column elementor-col-33 elementor-top-column elementor-element elementor-element-fd6263f\" data-id=\"fd6263f\" data-element_type=\"column\">\n\t\t\t<div class=\"elementor-widget-wrap elementor-element-populated\">\n\t\t\t\t\t\t<div class=\"elementor-element elementor-element-1ce3260 elementor-widget elementor-widget-image\" data-id=\"1ce3260\" data-element_type=\"widget\" data-widget_type=\"image.default\">\n\t\t\t\t<div class=\"elementor-widget-container\">\n\t\t\t\t\t\t\t\t\t\t\t\t\t\t\t<img loading=\"lazy\" decoding=\"async\" width=\"700\" height=\"700\" src=\"https:\/\/sucesoresluisrodriguez.com\/site\/wp-content\/uploads\/2024\/02\/4087.webp\" class=\"attachment-2048x2048 size-2048x2048 wp-image-6158\" alt=\"\" srcset=\"https:\/\/sucesoresluisrodriguez.com\/site\/wp-content\/uploads\/2024\/02\/4087.webp 700w, https:\/\/sucesoresluisrodriguez.com\/site\/wp-content\/uploads\/2024\/02\/4087-300x300.webp 300w, https:\/\/sucesoresluisrodriguez.com\/site\/wp-content\/uploads\/2024\/02\/4087-150x150.webp 150w, https:\/\/sucesoresluisrodriguez.com\/site\/wp-content\/uploads\/2024\/02\/4087-555x555.webp 555w, https:\/\/sucesoresluisrodriguez.com\/site\/wp-content\/uploads\/2024\/02\/4087-600x600.webp 600w, https:\/\/sucesoresluisrodriguez.com\/site\/wp-content\/uploads\/2024\/02\/4087-100x100.webp 100w\" sizes=\"(max-width: 700px) 100vw, 700px\" \/>\t\t\t\t\t\t\t\t\t\t\t\t\t\t\t<\/div>\n\t\t\t\t<\/div>\n\t\t\t\t<div class=\"elementor-element elementor-element-e3698c0 elementor-widget elementor-widget-heading\" data-id=\"e3698c0\" data-element_type=\"widget\" data-widget_type=\"heading.default\">\n\t\t\t\t<div class=\"elementor-widget-container\">\n\t\t\t\t\t<h2 class=\"elementor-heading-title elementor-size-default\">BRUJULA KONUS<\/h2>\t\t\t\t<\/div>\n\t\t\t\t<\/div>\n\t\t\t\t<div class=\"elementor-element elementor-element-3f84598 elementor-widget elementor-widget-text-editor\" data-id=\"3f84598\" data-element_type=\"widget\" data-widget_type=\"text-editor.default\">\n\t\t\t\t<div class=\"elementor-widget-container\">\n\t\t\t\t\t\t\t\t\t<p>La br\u00fajula estilo militar que gira f\u00e1cilmente y se pliega para caber en su bolsillo. Esta br\u00fajula es muy precisa y cuenta con una rosa de los vientos, l\u00edquido amortiguado con una esfera luminosa.<\/p>\t\t\t\t\t\t\t\t<\/div>\n\t\t\t\t<\/div>\n\t\t\t\t\t<\/div>\n\t\t<\/div>\n\t\t\t\t<div class=\"elementor-column elementor-col-33 elementor-top-column elementor-element elementor-element-d01f42e\" data-id=\"d01f42e\" data-element_type=\"column\">\n\t\t\t<div class=\"elementor-widget-wrap elementor-element-populated\">\n\t\t\t\t\t\t<div class=\"elementor-element elementor-element-7de0b4c elementor-widget elementor-widget-image\" data-id=\"7de0b4c\" data-element_type=\"widget\" data-widget_type=\"image.default\">\n\t\t\t\t<div class=\"elementor-widget-container\">\n\t\t\t\t\t\t\t\t\t\t\t\t\t\t\t<img loading=\"lazy\" decoding=\"async\" width=\"300\" height=\"300\" src=\"https:\/\/sucesoresluisrodriguez.com\/site\/wp-content\/uploads\/2024\/02\/Brujula-4089-1-300x300.jpg\" class=\"attachment-medium size-medium wp-image-6157\" alt=\"\" srcset=\"https:\/\/sucesoresluisrodriguez.com\/site\/wp-content\/uploads\/2024\/02\/Brujula-4089-1-300x300.jpg 300w, https:\/\/sucesoresluisrodriguez.com\/site\/wp-content\/uploads\/2024\/02\/Brujula-4089-1-150x150.jpg 150w, https:\/\/sucesoresluisrodriguez.com\/site\/wp-content\/uploads\/2024\/02\/Brujula-4089-1-768x768.jpg 768w, https:\/\/sucesoresluisrodriguez.com\/site\/wp-content\/uploads\/2024\/02\/Brujula-4089-1-555x555.jpg 555w, https:\/\/sucesoresluisrodriguez.com\/site\/wp-content\/uploads\/2024\/02\/Brujula-4089-1-600x600.jpg 600w, https:\/\/sucesoresluisrodriguez.com\/site\/wp-content\/uploads\/2024\/02\/Brujula-4089-1-100x100.jpg 100w, https:\/\/sucesoresluisrodriguez.com\/site\/wp-content\/uploads\/2024\/02\/Brujula-4089-1.jpg 1024w\" sizes=\"(max-width: 300px) 100vw, 300px\" \/>\t\t\t\t\t\t\t\t\t\t\t\t\t\t\t<\/div>\n\t\t\t\t<\/div>\n\t\t\t\t<div class=\"elementor-element elementor-element-21fb055 elementor-widget elementor-widget-heading\" data-id=\"21fb055\" data-element_type=\"widget\" data-widget_type=\"heading.default\">\n\t\t\t\t<div class=\"elementor-widget-container\">\n\t\t\t\t\t<h2 class=\"elementor-heading-title elementor-size-default\">BRUJULA KONUS VERDE<\/h2>\t\t\t\t<\/div>\n\t\t\t\t<\/div>\n\t\t\t\t<div class=\"elementor-element elementor-element-620bd2c elementor-widget elementor-widget-text-editor\" data-id=\"620bd2c\" data-element_type=\"widget\" data-widget_type=\"text-editor.default\">\n\t\t\t\t<div class=\"elementor-widget-container\">\n\t\t\t\t\t\t\t\t\t<p class=\"copete_ficha\">Br\u00fajula o comp\u00e1s de marcha en color verde, modelos originales.<br \/>Presentaci\u00f3n en caja exhibidora con 6 unidades.<\/p>\t\t\t\t\t\t\t\t<\/div>\n\t\t\t\t<\/div>\n\t\t\t\t\t<\/div>\n\t\t<\/div>\n\t\t\t\t<div class=\"elementor-column elementor-col-33 elementor-top-column elementor-element elementor-element-9bfbe3d\" data-id=\"9bfbe3d\" data-element_type=\"column\">\n\t\t\t<div class=\"elementor-widget-wrap\">\n\t\t\t\t\t\t\t<\/div>\n\t\t<\/div>\n\t\t\t\t\t<\/div>\n\t\t<\/section>\n\t\t\t\t<section class=\"elementor-section elementor-top-section elementor-element elementor-element-ad36db6 elementor-section-boxed elementor-section-height-default elementor-section-height-default\" data-id=\"ad36db6\" data-element_type=\"section\">\n\t\t\t\t\t\t<div class=\"elementor-container elementor-column-gap-default\">\n\t\t\t\t\t<div class=\"elementor-column elementor-col-100 elementor-top-column elementor-element elementor-element-c141740\" data-id=\"c141740\" data-element_type=\"column\">\n\t\t\t<div class=\"elementor-widget-wrap\">\n\t\t\t\t\t\t\t<\/div>\n\t\t<\/div>\n\t\t\t\t\t<\/div>\n\t\t<\/section>\n\t\t\t\t<\/div>\n\t\t","protected":false},"excerpt":{"rendered":"<p>BR\u00daJULA KONUS BRUJULA KONUS KONUSTAR 10 Son un instrumento profesional muy robusto con una mec\u00e1nica precisa y fiable. Los detalles t\u00e9cnicos m\u00e1s interesantes son: el clin\u00f3metro, la burbuja de nivel y el ocular regulable para una confortable lectura de los grados BRUJULA KONUS KONUSTAR 11 Cuerpo de metal completoLleno de l\u00edquidoNivel burbujaAccesorio para tr\u00edpodeOcular de &hellip;<\/p>\n","protected":false},"author":1,"featured_media":0,"parent":0,"menu_order":0,"comment_status":"closed","ping_status":"closed","template":"elementor_header_footer","meta":{"footnotes":""},"class_list":["post-6147","page","type-page","status-publish","hentry"],"_links":{"self":[{"href":"http:\/\/sucesoresluisrodriguez.com\/site\/wp-json\/wp\/v2\/pages\/6147","targetHints":{"allow":["GET"]}}],"collection":[{"href":"http:\/\/sucesoresluisrodriguez.com\/site\/wp-json\/wp\/v2\/pages"}],"about":[{"href":"http:\/\/sucesoresluisrodriguez.com\/site\/wp-json\/wp\/v2\/types\/page"}],"author":[{"embeddable":true,"href":"http:\/\/sucesoresluisrodriguez.com\/site\/wp-json\/wp\/v2\/users\/1"}],"replies":[{"embeddable":true,"href":"http:\/\/sucesoresluisrodriguez.com\/site\/wp-json\/wp\/v2\/comments?post=6147"}],"version-history":[{"count":4,"href":"http:\/\/sucesoresluisrodriguez.com\/site\/wp-json\/wp\/v2\/pages\/6147\/revisions"}],"predecessor-version":[{"id":6161,"href":"http:\/\/sucesoresluisrodriguez.com\/site\/wp-json\/wp\/v2\/pages\/6147\/revisions\/6161"}],"wp:attachment":[{"href":"http:\/\/sucesoresluisrodriguez.com\/site\/wp-json\/wp\/v2\/media?parent=6147"}],"curies":[{"name":"wp","href":"https:\/\/api.w.org\/{rel}","templated":true}]}}