{"id":5683,"date":"2023-06-12T04:22:34","date_gmt":"2023-06-12T04:22:34","guid":{"rendered":"https:\/\/sucesoresluisrodriguez.com\/site\/?page_id=5683"},"modified":"2023-07-17T04:10:13","modified_gmt":"2023-07-17T04:10:13","slug":"llaveros","status":"publish","type":"page","link":"http:\/\/sucesoresluisrodriguez.com\/site\/llaveros\/","title":{"rendered":"Llaveros"},"content":{"rendered":"\t\t<div data-elementor-type=\"wp-page\" data-elementor-id=\"5683\" class=\"elementor elementor-5683\">\n\t\t\t\t\t\t<section class=\"elementor-section elementor-top-section elementor-element elementor-element-29c1ba8 elementor-section-boxed elementor-section-height-default elementor-section-height-default\" data-id=\"29c1ba8\" data-element_type=\"section\">\n\t\t\t\t\t\t<div class=\"elementor-container elementor-column-gap-default\">\n\t\t\t\t\t<div class=\"elementor-column elementor-col-100 elementor-top-column elementor-element elementor-element-e8aeb5a\" data-id=\"e8aeb5a\" data-element_type=\"column\">\n\t\t\t<div class=\"elementor-widget-wrap elementor-element-populated\">\n\t\t\t\t\t\t<div class=\"elementor-element elementor-element-5fd0b0f elementor-widget elementor-widget-heading\" data-id=\"5fd0b0f\" data-element_type=\"widget\" data-widget_type=\"heading.default\">\n\t\t\t\t<div class=\"elementor-widget-container\">\n\t\t\t\t\t<h1 class=\"elementor-heading-title elementor-size-default\">LLAVEROS<\/h1>\t\t\t\t<\/div>\n\t\t\t\t<\/div>\n\t\t\t\t\t<\/div>\n\t\t<\/div>\n\t\t\t\t\t<\/div>\n\t\t<\/section>\n\t\t\t\t<section class=\"elementor-section elementor-top-section elementor-element elementor-element-80ee9b2 elementor-section-boxed elementor-section-height-default elementor-section-height-default\" data-id=\"80ee9b2\" data-element_type=\"section\" data-settings=\"{&quot;background_background&quot;:&quot;gradient&quot;}\">\n\t\t\t\t\t\t<div class=\"elementor-container elementor-column-gap-default\">\n\t\t\t\t\t<div class=\"elementor-column elementor-col-33 elementor-top-column elementor-element elementor-element-7631846\" data-id=\"7631846\" data-element_type=\"column\">\n\t\t\t<div class=\"elementor-widget-wrap elementor-element-populated\">\n\t\t\t\t\t\t<div class=\"elementor-element elementor-element-4664905 elementor-widget elementor-widget-image\" data-id=\"4664905\" data-element_type=\"widget\" data-widget_type=\"image.default\">\n\t\t\t\t<div class=\"elementor-widget-container\">\n\t\t\t\t\t\t\t\t\t\t\t\t\t\t\t<img fetchpriority=\"high\" decoding=\"async\" width=\"560\" height=\"490\" src=\"http:\/\/sucesoresluisrodriguez.com\/site\/wp-content\/uploads\/2023\/06\/llavero_multiclip.webp\" class=\"attachment-large size-large wp-image-5686\" alt=\"\" srcset=\"http:\/\/sucesoresluisrodriguez.com\/site\/wp-content\/uploads\/2023\/06\/llavero_multiclip.webp 560w, http:\/\/sucesoresluisrodriguez.com\/site\/wp-content\/uploads\/2023\/06\/llavero_multiclip-300x263.webp 300w, http:\/\/sucesoresluisrodriguez.com\/site\/wp-content\/uploads\/2023\/06\/llavero_multiclip-555x486.webp 555w\" sizes=\"(max-width: 560px) 100vw, 560px\" \/>\t\t\t\t\t\t\t\t\t\t\t\t\t\t\t<\/div>\n\t\t\t\t<\/div>\n\t\t\t\t<div class=\"elementor-element elementor-element-9d10235 elementor-widget elementor-widget-heading\" data-id=\"9d10235\" data-element_type=\"widget\" data-widget_type=\"heading.default\">\n\t\t\t\t<div class=\"elementor-widget-container\">\n\t\t\t\t\t<h2 class=\"elementor-heading-title elementor-size-default\">LLAVERO MULTICLIP<\/h2>\t\t\t\t<\/div>\n\t\t\t\t<\/div>\n\t\t\t\t<div class=\"elementor-element elementor-element-b58afad elementor-widget elementor-widget-text-editor\" data-id=\"b58afad\" data-element_type=\"widget\" data-widget_type=\"text-editor.default\">\n\t\t\t\t<div class=\"elementor-widget-container\">\n\t\t\t\t\t\t\t\t\t<p>Mantiene tu navaja Victorinox segura en tu cintur\u00f3n<\/p>\n<p>Multiclip de acero inoxidable<\/p>\n<p>Incluye mosquet\u00f3n<\/p>\t\t\t\t\t\t\t\t<\/div>\n\t\t\t\t<\/div>\n\t\t\t\t\t<\/div>\n\t\t<\/div>\n\t\t\t\t<div class=\"elementor-column elementor-col-33 elementor-top-column elementor-element elementor-element-beec068\" data-id=\"beec068\" data-element_type=\"column\">\n\t\t\t<div class=\"elementor-widget-wrap elementor-element-populated\">\n\t\t\t\t\t\t<div class=\"elementor-element elementor-element-b471db8 elementor-widget elementor-widget-image\" data-id=\"b471db8\" data-element_type=\"widget\" data-widget_type=\"image.default\">\n\t\t\t\t<div class=\"elementor-widget-container\">\n\t\t\t\t\t\t\t\t\t\t\t\t\t\t\t<img decoding=\"async\" width=\"560\" height=\"490\" src=\"http:\/\/sucesoresluisrodriguez.com\/site\/wp-content\/uploads\/2023\/06\/llavero_cordon_colgante2.webp\" class=\"attachment-large size-large wp-image-5688\" alt=\"\" srcset=\"http:\/\/sucesoresluisrodriguez.com\/site\/wp-content\/uploads\/2023\/06\/llavero_cordon_colgante2.webp 560w, http:\/\/sucesoresluisrodriguez.com\/site\/wp-content\/uploads\/2023\/06\/llavero_cordon_colgante2-300x263.webp 300w, http:\/\/sucesoresluisrodriguez.com\/site\/wp-content\/uploads\/2023\/06\/llavero_cordon_colgante2-555x486.webp 555w\" sizes=\"(max-width: 560px) 100vw, 560px\" \/>\t\t\t\t\t\t\t\t\t\t\t\t\t\t\t<\/div>\n\t\t\t\t<\/div>\n\t\t\t\t<div class=\"elementor-element elementor-element-34c42a6 elementor-widget elementor-widget-heading\" data-id=\"34c42a6\" data-element_type=\"widget\" data-widget_type=\"heading.default\">\n\t\t\t\t<div class=\"elementor-widget-container\">\n\t\t\t\t\t<h2 class=\"elementor-heading-title elementor-size-default\">LLAVERO CORD\u00d3N COLGANTE<\/h2>\t\t\t\t<\/div>\n\t\t\t\t<\/div>\n\t\t\t\t<div class=\"elementor-element elementor-element-72cb73f elementor-widget elementor-widget-text-editor\" data-id=\"72cb73f\" data-element_type=\"widget\" data-widget_type=\"text-editor.default\">\n\t\t\t\t<div class=\"elementor-widget-container\">\n\t\t\t\t\t\t\t\t\t<p>El accesorio perfecto para tu navaja de bolsillo<\/p><p>Disponible en diferentes colores personalizables<\/p><p>Incluye agarre de caucho<\/p><p><strong>Disponible en:<\/strong><\/p>\t\t\t\t\t\t\t\t<\/div>\n\t\t\t\t<\/div>\n\t\t\t\t<div class=\"elementor-element elementor-element-3643760 elementor-widget elementor-widget-image-gallery\" data-id=\"3643760\" data-element_type=\"widget\" data-widget_type=\"image-gallery.default\">\n\t\t\t\t<div class=\"elementor-widget-container\">\n\t\t\t\t\t\t\t<div class=\"elementor-image-gallery\">\n\t\t\t<div id='gallery-1' class='gallery galleryid-5683 gallery-columns-2 gallery-size-thumbnail'><figure class='gallery-item'>\n\t\t\t<div class='gallery-icon landscape'>\n\t\t\t\t<a data-elementor-open-lightbox=\"yes\" data-elementor-lightbox-slideshow=\"3643760\" data-elementor-lightbox-title=\"llavero_cordon_colgante_negro2\" data-e-action-hash=\"#elementor-action%3Aaction%3Dlightbox%26settings%3DeyJpZCI6NTY4OSwidXJsIjoiaHR0cDpcL1wvc3VjZXNvcmVzbHVpc3JvZHJpZ3Vlei5jb21cL3NpdGVcL3dwLWNvbnRlbnRcL3VwbG9hZHNcLzIwMjNcLzA2XC9sbGF2ZXJvX2NvcmRvbl9jb2xnYW50ZV9uZWdybzIud2VicCIsInNsaWRlc2hvdyI6IjM2NDM3NjAifQ%3D%3D\" href='http:\/\/sucesoresluisrodriguez.com\/site\/wp-content\/uploads\/2023\/06\/llavero_cordon_colgante_negro2.webp'><img decoding=\"async\" width=\"150\" height=\"150\" src=\"http:\/\/sucesoresluisrodriguez.com\/site\/wp-content\/uploads\/2023\/06\/llavero_cordon_colgante_negro2-150x150.webp\" class=\"attachment-thumbnail size-thumbnail\" alt=\"\" aria-describedby=\"gallery-1-5689\" srcset=\"http:\/\/sucesoresluisrodriguez.com\/site\/wp-content\/uploads\/2023\/06\/llavero_cordon_colgante_negro2-150x150.webp 150w, http:\/\/sucesoresluisrodriguez.com\/site\/wp-content\/uploads\/2023\/06\/llavero_cordon_colgante_negro2-300x300.webp 300w, http:\/\/sucesoresluisrodriguez.com\/site\/wp-content\/uploads\/2023\/06\/llavero_cordon_colgante_negro2-100x100.webp 100w\" sizes=\"(max-width: 150px) 100vw, 150px\" \/><\/a>\n\t\t\t<\/div>\n\t\t\t\t<figcaption class='wp-caption-text gallery-caption' id='gallery-1-5689'>\n\t\t\t\tNegro\n\t\t\t\t<\/figcaption><\/figure>\n\t\t<\/div>\n\t\t<\/div>\n\t\t\t\t\t\t<\/div>\n\t\t\t\t<\/div>\n\t\t\t\t\t<\/div>\n\t\t<\/div>\n\t\t\t\t<div class=\"elementor-column elementor-col-33 elementor-top-column elementor-element elementor-element-12e8a07\" data-id=\"12e8a07\" data-element_type=\"column\">\n\t\t\t<div class=\"elementor-widget-wrap elementor-element-populated\">\n\t\t\t\t\t\t<div class=\"elementor-element elementor-element-c9b0b88 elementor-widget elementor-widget-image\" data-id=\"c9b0b88\" data-element_type=\"widget\" data-widget_type=\"image.default\">\n\t\t\t\t<div class=\"elementor-widget-container\">\n\t\t\t\t\t\t\t\t\t\t\t\t\t\t\t<img loading=\"lazy\" decoding=\"async\" width=\"560\" height=\"490\" src=\"http:\/\/sucesoresluisrodriguez.com\/site\/wp-content\/uploads\/2023\/06\/cadena_40cm1.webp\" class=\"attachment-large size-large wp-image-5666\" alt=\"\" srcset=\"http:\/\/sucesoresluisrodriguez.com\/site\/wp-content\/uploads\/2023\/06\/cadena_40cm1.webp 560w, http:\/\/sucesoresluisrodriguez.com\/site\/wp-content\/uploads\/2023\/06\/cadena_40cm1-300x263.webp 300w, http:\/\/sucesoresluisrodriguez.com\/site\/wp-content\/uploads\/2023\/06\/cadena_40cm1-555x486.webp 555w\" sizes=\"(max-width: 560px) 100vw, 560px\" \/>\t\t\t\t\t\t\t\t\t\t\t\t\t\t\t<\/div>\n\t\t\t\t<\/div>\n\t\t\t\t<div class=\"elementor-element elementor-element-7a6cd6a elementor-widget elementor-widget-heading\" data-id=\"7a6cd6a\" data-element_type=\"widget\" data-widget_type=\"heading.default\">\n\t\t\t\t<div class=\"elementor-widget-container\">\n\t\t\t\t\t<h2 class=\"elementor-heading-title elementor-size-default\">CADENA 40 CM<\/h2>\t\t\t\t<\/div>\n\t\t\t\t<\/div>\n\t\t\t\t<div class=\"elementor-element elementor-element-e1d6eb4 elementor-widget elementor-widget-text-editor\" data-id=\"e1d6eb4\" data-element_type=\"widget\" data-widget_type=\"text-editor.default\">\n\t\t\t\t<div class=\"elementor-widget-container\">\n\t\t\t\t\t\t\t\t\t<p>La soluci\u00f3n de cadena para mantener su hoja a mano<\/p><p>40 cm de longitud, incluye 2 mosquetones<\/p>\t\t\t\t\t\t\t\t<\/div>\n\t\t\t\t<\/div>\n\t\t\t\t\t<\/div>\n\t\t<\/div>\n\t\t\t\t\t<\/div>\n\t\t<\/section>\n\t\t\t\t<section class=\"elementor-section elementor-top-section elementor-element elementor-element-95884e3 elementor-section-boxed elementor-section-height-default elementor-section-height-default\" data-id=\"95884e3\" data-element_type=\"section\" data-settings=\"{&quot;background_background&quot;:&quot;classic&quot;}\">\n\t\t\t\t\t\t<div class=\"elementor-container elementor-column-gap-default\">\n\t\t\t\t\t<div class=\"elementor-column elementor-col-100 elementor-top-column elementor-element elementor-element-dfc6aeb\" data-id=\"dfc6aeb\" data-element_type=\"column\">\n\t\t\t<div class=\"elementor-widget-wrap\">\n\t\t\t\t\t\t\t<\/div>\n\t\t<\/div>\n\t\t\t\t\t<\/div>\n\t\t<\/section>\n\t\t\t\t<\/div>\n\t\t","protected":false},"excerpt":{"rendered":"<p>LLAVEROS LLAVERO MULTICLIP Mantiene tu navaja Victorinox segura en tu cintur\u00f3n Multiclip de acero inoxidable Incluye mosquet\u00f3n LLAVERO CORD\u00d3N COLGANTE El accesorio perfecto para tu navaja de bolsillo Disponible en diferentes colores personalizables Incluye agarre de caucho Disponible en: Negro CADENA 40 CM La soluci\u00f3n de cadena para mantener su hoja a mano 40 cm &hellip;<\/p>\n","protected":false},"author":1,"featured_media":0,"parent":0,"menu_order":0,"comment_status":"closed","ping_status":"closed","template":"elementor_header_footer","meta":{"footnotes":""},"class_list":["post-5683","page","type-page","status-publish","hentry"],"_links":{"self":[{"href":"http:\/\/sucesoresluisrodriguez.com\/site\/wp-json\/wp\/v2\/pages\/5683","targetHints":{"allow":["GET"]}}],"collection":[{"href":"http:\/\/sucesoresluisrodriguez.com\/site\/wp-json\/wp\/v2\/pages"}],"about":[{"href":"http:\/\/sucesoresluisrodriguez.com\/site\/wp-json\/wp\/v2\/types\/page"}],"author":[{"embeddable":true,"href":"http:\/\/sucesoresluisrodriguez.com\/site\/wp-json\/wp\/v2\/users\/1"}],"replies":[{"embeddable":true,"href":"http:\/\/sucesoresluisrodriguez.com\/site\/wp-json\/wp\/v2\/comments?post=5683"}],"version-history":[{"count":16,"href":"http:\/\/sucesoresluisrodriguez.com\/site\/wp-json\/wp\/v2\/pages\/5683\/revisions"}],"predecessor-version":[{"id":5958,"href":"http:\/\/sucesoresluisrodriguez.com\/site\/wp-json\/wp\/v2\/pages\/5683\/revisions\/5958"}],"wp:attachment":[{"href":"http:\/\/sucesoresluisrodriguez.com\/site\/wp-json\/wp\/v2\/media?parent=5683"}],"curies":[{"name":"wp","href":"https:\/\/api.w.org\/{rel}","templated":true}]}}