{"id":5393,"date":"2023-03-28T03:10:58","date_gmt":"2023-03-28T03:10:58","guid":{"rendered":"https:\/\/sucesoresluisrodriguez.com\/site\/?page_id=5393"},"modified":"2024-02-08T04:05:47","modified_gmt":"2024-02-08T04:05:47","slug":"cuchillo","status":"publish","type":"page","link":"http:\/\/sucesoresluisrodriguez.com\/site\/cuchillo\/","title":{"rendered":"Cuchillo Deportivo"},"content":{"rendered":"\t\t<div data-elementor-type=\"wp-page\" data-elementor-id=\"5393\" class=\"elementor elementor-5393\">\n\t\t\t\t\t\t<section class=\"elementor-section elementor-top-section elementor-element elementor-element-94e1f1b elementor-section-boxed elementor-section-height-default elementor-section-height-default\" data-id=\"94e1f1b\" data-element_type=\"section\">\n\t\t\t\t\t\t<div class=\"elementor-container elementor-column-gap-default\">\n\t\t\t\t\t<div class=\"elementor-column elementor-col-100 elementor-top-column elementor-element elementor-element-34fbfd8\" data-id=\"34fbfd8\" data-element_type=\"column\">\n\t\t\t<div class=\"elementor-widget-wrap elementor-element-populated\">\n\t\t\t\t\t\t<div class=\"elementor-element elementor-element-af6fbcb elementor-widget elementor-widget-heading\" data-id=\"af6fbcb\" data-element_type=\"widget\" data-widget_type=\"heading.default\">\n\t\t\t\t<div class=\"elementor-widget-container\">\n\t\t\t\t\t<h1 class=\"elementor-heading-title elementor-size-default\">CUCHILLOS DEPORTIVOS<\/h1>\t\t\t\t<\/div>\n\t\t\t\t<\/div>\n\t\t\t\t\t<\/div>\n\t\t<\/div>\n\t\t\t\t\t<\/div>\n\t\t<\/section>\n\t\t\t\t<section class=\"elementor-section elementor-top-section elementor-element elementor-element-b19e65c elementor-section-boxed elementor-section-height-default elementor-section-height-default\" data-id=\"b19e65c\" data-element_type=\"section\" data-settings=\"{&quot;background_background&quot;:&quot;gradient&quot;}\">\n\t\t\t\t\t\t<div class=\"elementor-container elementor-column-gap-default\">\n\t\t\t\t\t<div class=\"elementor-column elementor-col-33 elementor-top-column elementor-element elementor-element-0f57193\" data-id=\"0f57193\" data-element_type=\"column\">\n\t\t\t<div class=\"elementor-widget-wrap elementor-element-populated\">\n\t\t\t\t\t\t<div class=\"elementor-element elementor-element-96b8b7e elementor-widget elementor-widget-image\" data-id=\"96b8b7e\" data-element_type=\"widget\" data-widget_type=\"image.default\">\n\t\t\t\t<div class=\"elementor-widget-container\">\n\t\t\t\t\t\t\t\t\t\t\t\t\t\t\t<img fetchpriority=\"high\" decoding=\"async\" width=\"510\" height=\"510\" src=\"http:\/\/sucesoresluisrodriguez.com\/site\/wp-content\/uploads\/2024\/01\/4.2243-Cuchillo-Hunting.jpg\" class=\"attachment-large size-large wp-image-5965\" alt=\"\" srcset=\"http:\/\/sucesoresluisrodriguez.com\/site\/wp-content\/uploads\/2024\/01\/4.2243-Cuchillo-Hunting.jpg 510w, http:\/\/sucesoresluisrodriguez.com\/site\/wp-content\/uploads\/2024\/01\/4.2243-Cuchillo-Hunting-300x300.jpg 300w, http:\/\/sucesoresluisrodriguez.com\/site\/wp-content\/uploads\/2024\/01\/4.2243-Cuchillo-Hunting-150x150.jpg 150w, http:\/\/sucesoresluisrodriguez.com\/site\/wp-content\/uploads\/2024\/01\/4.2243-Cuchillo-Hunting-100x100.jpg 100w\" sizes=\"(max-width: 510px) 100vw, 510px\" \/>\t\t\t\t\t\t\t\t\t\t\t\t\t\t\t<\/div>\n\t\t\t\t<\/div>\n\t\t\t\t<div class=\"elementor-element elementor-element-bebd36e elementor-widget elementor-widget-heading\" data-id=\"bebd36e\" data-element_type=\"widget\" data-widget_type=\"heading.default\">\n\t\t\t\t<div class=\"elementor-widget-container\">\n\t\t\t\t\t<h2 class=\"elementor-heading-title elementor-size-default\">CUCHILLO HUNTING<\/h2>\t\t\t\t<\/div>\n\t\t\t\t<\/div>\n\t\t\t\t<div class=\"elementor-element elementor-element-f4e9c9c elementor-widget elementor-widget-text-editor\" data-id=\"f4e9c9c\" data-element_type=\"widget\" data-widget_type=\"text-editor.default\">\n\t\t\t\t<div class=\"elementor-widget-container\">\n\t\t\t\t\t\t\t\t\t<p><span style=\"font-weight: 400;\">Cuchillo explorador inoxidable<br \/>Partes del mango de pl\u00e1stico ultra resistente y antideslizante. Muy buen agarre.<br \/>La funda de pl\u00e1stico duro, con encaje, se puede colgar del cintur\u00f3n<br \/><br \/><\/span><\/p>\t\t\t\t\t\t\t\t<\/div>\n\t\t\t\t<\/div>\n\t\t\t\t\t<\/div>\n\t\t<\/div>\n\t\t\t\t<div class=\"elementor-column elementor-col-33 elementor-top-column elementor-element elementor-element-a00a364\" data-id=\"a00a364\" data-element_type=\"column\">\n\t\t\t<div class=\"elementor-widget-wrap elementor-element-populated\">\n\t\t\t\t\t\t<div class=\"elementor-element elementor-element-bbbcdc1 elementor-widget elementor-widget-image\" data-id=\"bbbcdc1\" data-element_type=\"widget\" data-widget_type=\"image.default\">\n\t\t\t\t<div class=\"elementor-widget-container\">\n\t\t\t\t\t\t\t\t\t\t\t\t\t\t\t<img decoding=\"async\" width=\"560\" height=\"297\" src=\"http:\/\/sucesoresluisrodriguez.com\/site\/wp-content\/uploads\/2024\/01\/4.2253-Cuchillo-Dep.-SOS.jpg\" class=\"attachment-large size-large wp-image-5966\" alt=\"\" srcset=\"http:\/\/sucesoresluisrodriguez.com\/site\/wp-content\/uploads\/2024\/01\/4.2253-Cuchillo-Dep.-SOS.jpg 560w, http:\/\/sucesoresluisrodriguez.com\/site\/wp-content\/uploads\/2024\/01\/4.2253-Cuchillo-Dep.-SOS-300x159.jpg 300w, http:\/\/sucesoresluisrodriguez.com\/site\/wp-content\/uploads\/2024\/01\/4.2253-Cuchillo-Dep.-SOS-555x294.jpg 555w\" sizes=\"(max-width: 560px) 100vw, 560px\" \/>\t\t\t\t\t\t\t\t\t\t\t\t\t\t\t<\/div>\n\t\t\t\t<\/div>\n\t\t\t\t<div class=\"elementor-element elementor-element-fb6a152 elementor-widget elementor-widget-heading\" data-id=\"fb6a152\" data-element_type=\"widget\" data-widget_type=\"heading.default\">\n\t\t\t\t<div class=\"elementor-widget-container\">\n\t\t\t\t\t<h2 class=\"elementor-heading-title elementor-size-default\">CUCHILLO DEP. SOS<\/h2>\t\t\t\t<\/div>\n\t\t\t\t<\/div>\n\t\t\t\t<div class=\"elementor-element elementor-element-6bdd50b elementor-widget elementor-widget-text-editor\" data-id=\"6bdd50b\" data-element_type=\"widget\" data-widget_type=\"text-editor.default\">\n\t\t\t\t<div class=\"elementor-widget-container\">\n\t\t\t\t\t\t\t\t\t<p>Hermosa daga para exteriores, buschcraft, etc.<br \/>Hoja de acero inoxidable.<br \/>Hoja de 12 cm (la hoja contin\u00faa por todo el mango)<br \/>Mango de madera de olivo<br \/>Muy bonitas fundas de piel, con cierre a presi\u00f3n, que se pueden colgar en el cintur\u00f3n.<\/p>\t\t\t\t\t\t\t\t<\/div>\n\t\t\t\t<\/div>\n\t\t\t\t\t<\/div>\n\t\t<\/div>\n\t\t\t\t<div class=\"elementor-column elementor-col-33 elementor-top-column elementor-element elementor-element-7d3a3bf1\" data-id=\"7d3a3bf1\" data-element_type=\"column\">\n\t\t\t<div class=\"elementor-widget-wrap\">\n\t\t\t\t\t\t\t<\/div>\n\t\t<\/div>\n\t\t\t\t\t<\/div>\n\t\t<\/section>\n\t\t\t\t<\/div>\n\t\t","protected":false},"excerpt":{"rendered":"<p>CUCHILLOS DEPORTIVOS CUCHILLO HUNTING Cuchillo explorador inoxidablePartes del mango de pl\u00e1stico ultra resistente y antideslizante. Muy buen agarre.La funda de pl\u00e1stico duro, con encaje, se puede colgar del cintur\u00f3n CUCHILLO DEP. SOS Hermosa daga para exteriores, buschcraft, etc.Hoja de acero inoxidable.Hoja de 12 cm (la hoja contin\u00faa por todo el mango)Mango de madera de olivoMuy &hellip;<\/p>\n","protected":false},"author":1,"featured_media":0,"parent":0,"menu_order":0,"comment_status":"closed","ping_status":"closed","template":"elementor_header_footer","meta":{"footnotes":""},"class_list":["post-5393","page","type-page","status-publish","hentry"],"_links":{"self":[{"href":"http:\/\/sucesoresluisrodriguez.com\/site\/wp-json\/wp\/v2\/pages\/5393","targetHints":{"allow":["GET"]}}],"collection":[{"href":"http:\/\/sucesoresluisrodriguez.com\/site\/wp-json\/wp\/v2\/pages"}],"about":[{"href":"http:\/\/sucesoresluisrodriguez.com\/site\/wp-json\/wp\/v2\/types\/page"}],"author":[{"embeddable":true,"href":"http:\/\/sucesoresluisrodriguez.com\/site\/wp-json\/wp\/v2\/users\/1"}],"replies":[{"embeddable":true,"href":"http:\/\/sucesoresluisrodriguez.com\/site\/wp-json\/wp\/v2\/comments?post=5393"}],"version-history":[{"count":11,"href":"http:\/\/sucesoresluisrodriguez.com\/site\/wp-json\/wp\/v2\/pages\/5393\/revisions"}],"predecessor-version":[{"id":6010,"href":"http:\/\/sucesoresluisrodriguez.com\/site\/wp-json\/wp\/v2\/pages\/5393\/revisions\/6010"}],"wp:attachment":[{"href":"http:\/\/sucesoresluisrodriguez.com\/site\/wp-json\/wp\/v2\/media?parent=5393"}],"curies":[{"name":"wp","href":"https:\/\/api.w.org\/{rel}","templated":true}]}}