{"id":4155,"date":"2023-03-06T16:23:22","date_gmt":"2023-03-06T16:23:22","guid":{"rendered":"https:\/\/sucesoresluisrodriguez.com\/site\/?page_id=4155"},"modified":"2024-02-16T21:45:00","modified_gmt":"2024-02-16T21:45:00","slug":"varios","status":"publish","type":"page","link":"http:\/\/sucesoresluisrodriguez.com\/site\/varios\/","title":{"rendered":"Varios"},"content":{"rendered":"\t\t<div data-elementor-type=\"wp-page\" data-elementor-id=\"4155\" class=\"elementor elementor-4155\">\n\t\t\t\t\t\t<section class=\"elementor-section elementor-top-section elementor-element elementor-element-fed6a1a elementor-section-boxed elementor-section-height-default elementor-section-height-default\" data-id=\"fed6a1a\" data-element_type=\"section\">\n\t\t\t\t\t\t<div class=\"elementor-container elementor-column-gap-default\">\n\t\t\t\t\t<div class=\"elementor-column elementor-col-100 elementor-top-column elementor-element elementor-element-5f5d7cd\" data-id=\"5f5d7cd\" data-element_type=\"column\">\n\t\t\t<div class=\"elementor-widget-wrap elementor-element-populated\">\n\t\t\t\t\t\t<div class=\"elementor-element elementor-element-6d5f766 elementor-widget elementor-widget-heading\" data-id=\"6d5f766\" data-element_type=\"widget\" data-widget_type=\"heading.default\">\n\t\t\t\t<div class=\"elementor-widget-container\">\n\t\t\t\t\t<h1 class=\"elementor-heading-title elementor-size-default\">VARIOS<\/h1>\t\t\t\t<\/div>\n\t\t\t\t<\/div>\n\t\t\t\t\t<\/div>\n\t\t<\/div>\n\t\t\t\t\t<\/div>\n\t\t<\/section>\n\t\t\t\t<section class=\"elementor-section elementor-top-section elementor-element elementor-element-583efc44 elementor-section-boxed elementor-section-height-default elementor-section-height-default\" data-id=\"583efc44\" data-element_type=\"section\" data-settings=\"{&quot;background_background&quot;:&quot;classic&quot;}\">\n\t\t\t\t\t\t<div class=\"elementor-container elementor-column-gap-default\">\n\t\t\t\t\t<div class=\"elementor-column elementor-col-33 elementor-top-column elementor-element elementor-element-7f4deae1\" data-id=\"7f4deae1\" data-element_type=\"column\">\n\t\t\t<div class=\"elementor-widget-wrap elementor-element-populated\">\n\t\t\t\t\t\t<div class=\"elementor-element elementor-element-ca3f261 elementor-widget elementor-widget-liquid\" data-id=\"ca3f261\" data-element_type=\"widget\" data-widget_type=\"liquid.default\">\n\t\t\t\t<div class=\"elementor-widget-container\">\n\t\t\t\t\t\n    \t<div class=\"liquid-image-area\">\n\t    \t<div class=\"liquid-image\" >\n\t    \t\t<img decoding=\"async\" src=\"http:\/\/sucesoresluisrodriguez.com\/site\/storage\/2023\/03\/bicarbonato.jpg\" alt=\"\">\n\t    \t\t\t    \t<\/div>\n    \t<\/div>\n\n        \n\t\t<span style=\"display:none;\" class=\"settings elementor-extra-hidden\">{\"plugin_url\":\"http:\\\/\\\/sucesoresluisrodriguez.com\\\/site\\\/wp-content\\\/plugins\\\/elementor-liquid-hover-effect\\\/widgets\",\"first_image\":\"http:\\\/\\\/sucesoresluisrodriguez.com\\\/site\\\/storage\\\/2023\\\/03\\\/bicarbonato.jpg\",\"second_image\":\"http:\\\/\\\/sucesoresluisrodriguez.com\\\/site\\\/storage\\\/2023\\\/03\\\/bicarbonato-2.jpg\",\"hover_effect\":\"default.png\",\"width\":{\"unit\":\"px\",\"size\":\"\",\"sizes\":[]},\"width_tablet\":{\"unit\":\"px\",\"size\":\"\",\"sizes\":[]},\"width_mobile\":{\"unit\":\"px\",\"size\":\"\",\"sizes\":[]},\"intensity\":0.299999999999999988897769753748434595763683319091796875,\"speed\":1.5,\"angle\":0}<\/span>\n\n\t\t\t\t\t\t<\/div>\n\t\t\t\t<\/div>\n\t\t\t\t<div class=\"elementor-element elementor-element-7356e7ea elementor-widget elementor-widget-heading\" data-id=\"7356e7ea\" data-element_type=\"widget\" data-widget_type=\"heading.default\">\n\t\t\t\t<div class=\"elementor-widget-container\">\n\t\t\t\t\t<h2 class=\"elementor-heading-title elementor-size-default\">BICARBONATO<\/h2>\t\t\t\t<\/div>\n\t\t\t\t<\/div>\n\t\t\t\t<div class=\"elementor-element elementor-element-4c1b5e7d elementor-widget elementor-widget-text-editor\" data-id=\"4c1b5e7d\" data-element_type=\"widget\" data-widget_type=\"text-editor.default\">\n\t\t\t\t<div class=\"elementor-widget-container\">\n\t\t\t\t\t\t\t\t\t<p><span style=\"font-weight: 400;\">El bicarbonato de sodio es un anti\u00e1cido usado para aliviar la pirosis (acidez estomacal) y la indigesti\u00f3n \u00e1cida. Tambi\u00e9n puede prescribir bicarbonato de sodio para disminuir los niveles de acidez de la sangre u orina<\/span><\/p>\t\t\t\t\t\t\t\t<\/div>\n\t\t\t\t<\/div>\n\t\t\t\t<div class=\"elementor-element elementor-element-e5b9024 elementor-widget elementor-widget-text-editor\" data-id=\"e5b9024\" data-element_type=\"widget\" id=\"elemento30\" data-widget_type=\"text-editor.default\">\n\t\t\t\t<div class=\"elementor-widget-container\">\n\t\t\t\t\t\t\t\t\t<p><span style=\"font-weight: 400;\">Todo esto debe ser prescrito por alg\u00fan m\u00e9dico, ayuda con el alivio de la migra\u00f1a y las n\u00e1useas que son producidas por la migra\u00f1a, es relajante muscular para pies, sirve de blanqueador dental. Adem\u00e1s de todas las propiedades y beneficios es usado para la reposter\u00eda.<\/span><\/p>\t\t\t\t\t\t\t\t<\/div>\n\t\t\t\t<\/div>\n\t\t\t\t<div class=\"elementor-element elementor-element-ddcf425 elementor-align-center elementor-widget elementor-widget-button\" data-id=\"ddcf425\" data-element_type=\"widget\" data-widget_type=\"button.default\">\n\t\t\t\t<div class=\"elementor-widget-container\">\n\t\t\t\t\t\t\t\t\t<div class=\"elementor-button-wrapper\">\n\t\t\t\t\t<a class=\"elementor-button elementor-button-link elementor-size-sm\" href=\"#\" id=\"boton30\">\n\t\t\t\t\t\t<span class=\"elementor-button-content-wrapper\">\n\t\t\t\t\t\t\t\t\t<span class=\"elementor-button-text\">Mostrar m\u00e1s<\/span>\n\t\t\t\t\t<\/span>\n\t\t\t\t\t<\/a>\n\t\t\t\t<\/div>\n\t\t\t\t\t\t\t\t<\/div>\n\t\t\t\t<\/div>\n\t\t\t\t<div class=\"elementor-element elementor-element-6d0ebf8 elementor-widget elementor-widget-html\" data-id=\"6d0ebf8\" data-element_type=\"widget\" data-widget_type=\"html.default\">\n\t\t\t\t<div class=\"elementor-widget-container\">\n\t\t\t\t\t<script>seeMoreOpened=false;\r\njQuery(document).ready(function($) {\r\n\r\n  \/*Mostrar\/ocultar contenido*\/\r\n $('#elemento30').hide();\r\n\r\n $('#boton30').click(function(event){\r\n\r\n\r\n     event.preventDefault();\r\n\r\n     $('#elemento30').slideToggle('slow',function() {\r\n\r\n         if(!seeMoreOpened){\r\n              $('#boton30').text(' Mostrar menos')\r\n\r\n\r\n         }else{\r\n              $('#boton30').text('Mostrar m\u00e1s ')\r\n\r\n         }\r\n         seeMoreOpened=!seeMoreOpened;\r\n\r\n  });\r\n\r\n\r\n })\r\n\r\n});<\/script>\t\t\t\t<\/div>\n\t\t\t\t<\/div>\n\t\t\t\t\t<\/div>\n\t\t<\/div>\n\t\t\t\t<div class=\"elementor-column elementor-col-33 elementor-top-column elementor-element elementor-element-ef7c72e\" data-id=\"ef7c72e\" data-element_type=\"column\">\n\t\t\t<div class=\"elementor-widget-wrap elementor-element-populated\">\n\t\t\t\t\t\t<div class=\"elementor-element elementor-element-93dab39 elementor-widget elementor-widget-liquid\" data-id=\"93dab39\" data-element_type=\"widget\" data-widget_type=\"liquid.default\">\n\t\t\t\t<div class=\"elementor-widget-container\">\n\t\t\t\t\t\n    \t<div class=\"liquid-image-area\">\n\t    \t<div class=\"liquid-image\" >\n\t    \t\t<img decoding=\"async\" src=\"http:\/\/sucesoresluisrodriguez.com\/site\/storage\/2023\/03\/goma-arabiga.jpg\" alt=\"\">\n\t    \t\t\t    \t<\/div>\n    \t<\/div>\n\n        \n\t\t<span style=\"display:none;\" class=\"settings elementor-extra-hidden\">{\"plugin_url\":\"http:\\\/\\\/sucesoresluisrodriguez.com\\\/site\\\/wp-content\\\/plugins\\\/elementor-liquid-hover-effect\\\/widgets\",\"first_image\":\"http:\\\/\\\/sucesoresluisrodriguez.com\\\/site\\\/storage\\\/2023\\\/03\\\/goma-arabiga.jpg\",\"second_image\":\"http:\\\/\\\/sucesoresluisrodriguez.com\\\/site\\\/storage\\\/2023\\\/03\\\/goma-arabiga-2.jpg\",\"hover_effect\":\"default.png\",\"width\":{\"unit\":\"px\",\"size\":\"\",\"sizes\":[]},\"width_tablet\":{\"unit\":\"px\",\"size\":\"\",\"sizes\":[]},\"width_mobile\":{\"unit\":\"px\",\"size\":\"\",\"sizes\":[]},\"intensity\":0.299999999999999988897769753748434595763683319091796875,\"speed\":1.5,\"angle\":0}<\/span>\n\n\t\t\t\t\t\t<\/div>\n\t\t\t\t<\/div>\n\t\t\t\t<div class=\"elementor-element elementor-element-11f180d elementor-widget elementor-widget-heading\" data-id=\"11f180d\" data-element_type=\"widget\" data-widget_type=\"heading.default\">\n\t\t\t\t<div class=\"elementor-widget-container\">\n\t\t\t\t\t<h2 class=\"elementor-heading-title elementor-size-default\">GOMA AR\u00c1BIGA<\/h2>\t\t\t\t<\/div>\n\t\t\t\t<\/div>\n\t\t\t\t<div class=\"elementor-element elementor-element-4bf3e19 elementor-widget elementor-widget-text-editor\" data-id=\"4bf3e19\" data-element_type=\"widget\" data-widget_type=\"text-editor.default\">\n\t\t\t\t<div class=\"elementor-widget-container\">\n\t\t\t\t\t\t\t\t\t<p><span style=\"font-weight: 400;\">La goma ar\u00e1biga tiene diversos usos alimentarios entre los que destacan su cualidad como espesante. Es completamente soluble en agua caliente y admite muy altas concentraciones de goma<\/span><\/p>\t\t\t\t\t\t\t\t<\/div>\n\t\t\t\t<\/div>\n\t\t\t\t<div class=\"elementor-element elementor-element-b328a8e elementor-widget elementor-widget-text-editor\" data-id=\"b328a8e\" data-element_type=\"widget\" id=\"elemento31\" data-widget_type=\"text-editor.default\">\n\t\t\t\t<div class=\"elementor-widget-container\">\n\t\t\t\t\t\t\t\t\t<p><span style=\"font-weight: 400;\">Esto producen\u00a0<\/span>mezclas altamente el\u00e1sticas. Dependiendo del uso que se le quiere dar, puede usarse en concentraciones desde el 1% del peso total (para dar mejor textura a una bebida, por ejemplo) al 45% del peso total (para hacer una golosina esponjosa). Es ideal para hacer gominolas o marshmallows.<\/p>\t\t\t\t\t\t\t\t<\/div>\n\t\t\t\t<\/div>\n\t\t\t\t<div class=\"elementor-element elementor-element-30891ca elementor-align-center elementor-widget elementor-widget-button\" data-id=\"30891ca\" data-element_type=\"widget\" data-widget_type=\"button.default\">\n\t\t\t\t<div class=\"elementor-widget-container\">\n\t\t\t\t\t\t\t\t\t<div class=\"elementor-button-wrapper\">\n\t\t\t\t\t<a class=\"elementor-button elementor-button-link elementor-size-sm\" href=\"#\" id=\"boton31\">\n\t\t\t\t\t\t<span class=\"elementor-button-content-wrapper\">\n\t\t\t\t\t\t\t\t\t<span class=\"elementor-button-text\">Mostrar m\u00e1s<\/span>\n\t\t\t\t\t<\/span>\n\t\t\t\t\t<\/a>\n\t\t\t\t<\/div>\n\t\t\t\t\t\t\t\t<\/div>\n\t\t\t\t<\/div>\n\t\t\t\t<div class=\"elementor-element elementor-element-1781a31 elementor-widget elementor-widget-html\" data-id=\"1781a31\" data-element_type=\"widget\" data-widget_type=\"html.default\">\n\t\t\t\t<div class=\"elementor-widget-container\">\n\t\t\t\t\t<script>seeMoreOpened=false;\r\njQuery(document).ready(function($) {\r\n\r\n  \/*Mostrar\/ocultar contenido*\/\r\n $('#elemento31').hide();\r\n\r\n $('#boton31').click(function(event){\r\n\r\n\r\n     event.preventDefault();\r\n\r\n     $('#elemento31').slideToggle('slow',function() {\r\n\r\n         if(!seeMoreOpened){\r\n              $('#boton31').text(' Mostrar menos')\r\n\r\n\r\n         }else{\r\n              $('#boton31').text('Mostrar m\u00e1s ')\r\n\r\n         }\r\n         seeMoreOpened=!seeMoreOpened;\r\n\r\n  });\r\n\r\n\r\n })\r\n\r\n});<\/script>\t\t\t\t<\/div>\n\t\t\t\t<\/div>\n\t\t\t\t\t<\/div>\n\t\t<\/div>\n\t\t\t\t<div class=\"elementor-column elementor-col-33 elementor-top-column elementor-element elementor-element-1caa946f\" data-id=\"1caa946f\" data-element_type=\"column\">\n\t\t\t<div class=\"elementor-widget-wrap elementor-element-populated\">\n\t\t\t\t\t\t<div class=\"elementor-element elementor-element-12569342 elementor-widget elementor-widget-liquid\" data-id=\"12569342\" data-element_type=\"widget\" data-widget_type=\"liquid.default\">\n\t\t\t\t<div class=\"elementor-widget-container\">\n\t\t\t\t\t\n    \t<div class=\"liquid-image-area\">\n\t    \t<div class=\"liquid-image\" >\n\t    \t\t<img decoding=\"async\" src=\"http:\/\/sucesoresluisrodriguez.com\/site\/storage\/2023\/03\/lactosa.jpg\" alt=\"\">\n\t    \t\t\t    \t<\/div>\n    \t<\/div>\n\n        \n\t\t<span style=\"display:none;\" class=\"settings elementor-extra-hidden\">{\"plugin_url\":\"http:\\\/\\\/sucesoresluisrodriguez.com\\\/site\\\/wp-content\\\/plugins\\\/elementor-liquid-hover-effect\\\/widgets\",\"first_image\":\"http:\\\/\\\/sucesoresluisrodriguez.com\\\/site\\\/storage\\\/2023\\\/03\\\/lactosa.jpg\",\"second_image\":\"http:\\\/\\\/sucesoresluisrodriguez.com\\\/site\\\/storage\\\/2023\\\/03\\\/lactosa-2.jpg\",\"hover_effect\":\"default.png\",\"width\":{\"unit\":\"px\",\"size\":\"\",\"sizes\":[]},\"width_tablet\":{\"unit\":\"px\",\"size\":\"\",\"sizes\":[]},\"width_mobile\":{\"unit\":\"px\",\"size\":\"\",\"sizes\":[]},\"intensity\":0.299999999999999988897769753748434595763683319091796875,\"speed\":1.5,\"angle\":0}<\/span>\n\n\t\t\t\t\t\t<\/div>\n\t\t\t\t<\/div>\n\t\t\t\t<div class=\"elementor-element elementor-element-40157f98 elementor-widget elementor-widget-heading\" data-id=\"40157f98\" data-element_type=\"widget\" data-widget_type=\"heading.default\">\n\t\t\t\t<div class=\"elementor-widget-container\">\n\t\t\t\t\t<h2 class=\"elementor-heading-title elementor-size-default\">LACTOSA<\/h2>\t\t\t\t<\/div>\n\t\t\t\t<\/div>\n\t\t\t\t<div class=\"elementor-element elementor-element-75a244f elementor-widget elementor-widget-text-editor\" data-id=\"75a244f\" data-element_type=\"widget\" data-widget_type=\"text-editor.default\">\n\t\t\t\t<div class=\"elementor-widget-container\">\n\t\t\t\t\t\t\t\t\t<p><span style=\"font-weight: 400;\">La lactosa es un carbohidrato sencillo que se encuentra en la leche. Tambi\u00e9n se conoce como az\u00facar de la leche. Es un az\u00facar reductor, por lo que reacciona con amino\u00e1cidos a altas temperaturas.\u00a0<\/span><\/p>\t\t\t\t\t\t\t\t<\/div>\n\t\t\t\t<\/div>\n\t\t\t\t<div class=\"elementor-element elementor-element-dd65cff elementor-widget elementor-widget-text-editor\" data-id=\"dd65cff\" data-element_type=\"widget\" id=\"elemento32\" data-widget_type=\"text-editor.default\">\n\t\t\t\t<div class=\"elementor-widget-container\">\n\t\t\t\t\t\t\t\t\t<p><span style=\"font-weight: 400;\">Esto puede determinar el sabor final. El uso de lactosa en polvo en las tabletas puede darse en el m\u00e9todo directo de compresi\u00f3n. La lactosa y anhidros secos son capaces de formar una tableta s\u00f3lida bajo compresi\u00f3n. En su grado farmac\u00e9utico es un fino polvo, pero puede utilizarse conjuntamente con otras lactosas en polvo.<\/span><\/p>\t\t\t\t\t\t\t\t<\/div>\n\t\t\t\t<\/div>\n\t\t\t\t<div class=\"elementor-element elementor-element-2083d86 elementor-align-center elementor-widget elementor-widget-button\" data-id=\"2083d86\" data-element_type=\"widget\" data-widget_type=\"button.default\">\n\t\t\t\t<div class=\"elementor-widget-container\">\n\t\t\t\t\t\t\t\t\t<div class=\"elementor-button-wrapper\">\n\t\t\t\t\t<a class=\"elementor-button elementor-button-link elementor-size-sm\" href=\"#\" id=\"boton32\">\n\t\t\t\t\t\t<span class=\"elementor-button-content-wrapper\">\n\t\t\t\t\t\t\t\t\t<span class=\"elementor-button-text\">Mostrar m\u00e1s<\/span>\n\t\t\t\t\t<\/span>\n\t\t\t\t\t<\/a>\n\t\t\t\t<\/div>\n\t\t\t\t\t\t\t\t<\/div>\n\t\t\t\t<\/div>\n\t\t\t\t<div class=\"elementor-element elementor-element-e97f64e elementor-widget elementor-widget-html\" data-id=\"e97f64e\" data-element_type=\"widget\" data-widget_type=\"html.default\">\n\t\t\t\t<div class=\"elementor-widget-container\">\n\t\t\t\t\t<script>seeMoreOpened=false;\r\njQuery(document).ready(function($) {\r\n\r\n  \/*Mostrar\/ocultar contenido*\/\r\n $('#elemento32').hide();\r\n\r\n $('#boton32').click(function(event){\r\n\r\n\r\n     event.preventDefault();\r\n\r\n     $('#elemento32').slideToggle('slow',function() {\r\n\r\n         if(!seeMoreOpened){\r\n              $('#boton32').text(' Mostrar menos')\r\n\r\n\r\n         }else{\r\n              $('#boton32').text('Mostrar m\u00e1s ')\r\n\r\n         }\r\n         seeMoreOpened=!seeMoreOpened;\r\n\r\n  });\r\n\r\n\r\n })\r\n\r\n});<\/script>\t\t\t\t<\/div>\n\t\t\t\t<\/div>\n\t\t\t\t\t<\/div>\n\t\t<\/div>\n\t\t\t\t\t<\/div>\n\t\t<\/section>\n\t\t\t\t<section class=\"elementor-section elementor-top-section elementor-element elementor-element-7638184 elementor-section-boxed elementor-section-height-default elementor-section-height-default\" data-id=\"7638184\" data-element_type=\"section\" data-settings=\"{&quot;background_background&quot;:&quot;gradient&quot;}\">\n\t\t\t\t\t\t<div class=\"elementor-container elementor-column-gap-default\">\n\t\t\t\t\t<div class=\"elementor-column elementor-col-33 elementor-top-column elementor-element elementor-element-3630f96d\" data-id=\"3630f96d\" data-element_type=\"column\">\n\t\t\t<div class=\"elementor-widget-wrap elementor-element-populated\">\n\t\t\t\t\t\t<div class=\"elementor-element elementor-element-1534881f elementor-widget elementor-widget-liquid\" data-id=\"1534881f\" data-element_type=\"widget\" data-widget_type=\"liquid.default\">\n\t\t\t\t<div class=\"elementor-widget-container\">\n\t\t\t\t\t\n    \t<div class=\"liquid-image-area\">\n\t    \t<div class=\"liquid-image\" >\n\t    \t\t<img decoding=\"async\" src=\"http:\/\/sucesoresluisrodriguez.com\/site\/storage\/2023\/03\/sagu.jpg\" alt=\"\">\n\t    \t\t\t    \t<\/div>\n    \t<\/div>\n\n        \n\t\t<span style=\"display:none;\" class=\"settings elementor-extra-hidden\">{\"plugin_url\":\"http:\\\/\\\/sucesoresluisrodriguez.com\\\/site\\\/wp-content\\\/plugins\\\/elementor-liquid-hover-effect\\\/widgets\",\"first_image\":\"http:\\\/\\\/sucesoresluisrodriguez.com\\\/site\\\/storage\\\/2023\\\/03\\\/sagu.jpg\",\"second_image\":\"http:\\\/\\\/sucesoresluisrodriguez.com\\\/site\\\/storage\\\/2023\\\/03\\\/sagu-2.jpg\",\"hover_effect\":\"default.png\",\"width\":{\"unit\":\"px\",\"size\":\"\",\"sizes\":[]},\"width_tablet\":{\"unit\":\"px\",\"size\":\"\",\"sizes\":[]},\"width_mobile\":{\"unit\":\"px\",\"size\":\"\",\"sizes\":[]},\"intensity\":0.299999999999999988897769753748434595763683319091796875,\"speed\":1.5,\"angle\":0}<\/span>\n\n\t\t\t\t\t\t<\/div>\n\t\t\t\t<\/div>\n\t\t\t\t<div class=\"elementor-element elementor-element-3dec0181 elementor-widget elementor-widget-heading\" data-id=\"3dec0181\" data-element_type=\"widget\" data-widget_type=\"heading.default\">\n\t\t\t\t<div class=\"elementor-widget-container\">\n\t\t\t\t\t<h2 class=\"elementor-heading-title elementor-size-default\">SAG\u00da<\/h2>\t\t\t\t<\/div>\n\t\t\t\t<\/div>\n\t\t\t\t<div class=\"elementor-element elementor-element-9af059d elementor-widget elementor-widget-text-editor\" data-id=\"9af059d\" data-element_type=\"widget\" data-widget_type=\"text-editor.default\">\n\t\t\t\t<div class=\"elementor-widget-container\">\n\t\t\t\t\t\t\t\t\t<p><span style=\"font-weight: 400;\">La planta de sag\u00fa es recomendada para ni\u00f1os y adultos por su alto contenido en hierro, el almid\u00f3n de esta planta confiere propiedades que restauran por mucho la fuerza.<\/span><\/p>\t\t\t\t\t\t\t\t<\/div>\n\t\t\t\t<\/div>\n\t\t\t\t<div class=\"elementor-element elementor-element-2f2d85e elementor-widget elementor-widget-text-editor\" data-id=\"2f2d85e\" data-element_type=\"widget\" id=\"elemento33\" data-widget_type=\"text-editor.default\">\n\t\t\t\t<div class=\"elementor-widget-container\">\n\t\t\t\t\t\t\t\t\t<p><span style=\"font-weight: 400;\">Es rica en vitaminas B, incluyendo la tiamina, niacina y piridoxina, adem\u00e1s es rica en minerales como el cobre, hierro, manganeso, magnesio, f\u00f3sforo y zinc, regular el pH del cuerpo, mejora la digesti\u00f3n, previene el estre\u00f1imiento, mejora la circulaci\u00f3n y controla los niveles de az\u00facar en sangre, lo cual es perfecto para un paciente con diabetes.<\/span><\/p>\t\t\t\t\t\t\t\t<\/div>\n\t\t\t\t<\/div>\n\t\t\t\t<div class=\"elementor-element elementor-element-0163b9d elementor-align-center elementor-widget elementor-widget-button\" data-id=\"0163b9d\" data-element_type=\"widget\" data-widget_type=\"button.default\">\n\t\t\t\t<div class=\"elementor-widget-container\">\n\t\t\t\t\t\t\t\t\t<div class=\"elementor-button-wrapper\">\n\t\t\t\t\t<a class=\"elementor-button elementor-button-link elementor-size-sm\" href=\"#\" id=\"boton33\">\n\t\t\t\t\t\t<span class=\"elementor-button-content-wrapper\">\n\t\t\t\t\t\t\t\t\t<span class=\"elementor-button-text\">Mostrar m\u00e1s<\/span>\n\t\t\t\t\t<\/span>\n\t\t\t\t\t<\/a>\n\t\t\t\t<\/div>\n\t\t\t\t\t\t\t\t<\/div>\n\t\t\t\t<\/div>\n\t\t\t\t<div class=\"elementor-element elementor-element-ecd52de elementor-widget elementor-widget-html\" data-id=\"ecd52de\" data-element_type=\"widget\" data-widget_type=\"html.default\">\n\t\t\t\t<div class=\"elementor-widget-container\">\n\t\t\t\t\t<script>seeMoreOpened=false;\r\njQuery(document).ready(function($) {\r\n\r\n  \/*Mostrar\/ocultar contenido*\/\r\n $('#elemento33').hide();\r\n\r\n $('#boton33').click(function(event){\r\n\r\n\r\n     event.preventDefault();\r\n\r\n     $('#elemento33').slideToggle('slow',function() {\r\n\r\n         if(!seeMoreOpened){\r\n              $('#boton33').text(' Mostrar menos')\r\n\r\n\r\n         }else{\r\n              $('#boton33').text('Mostrar m\u00e1s ')\r\n\r\n         }\r\n         seeMoreOpened=!seeMoreOpened;\r\n\r\n  });\r\n\r\n\r\n })\r\n\r\n});<\/script>\t\t\t\t<\/div>\n\t\t\t\t<\/div>\n\t\t\t\t\t<\/div>\n\t\t<\/div>\n\t\t\t\t<div class=\"elementor-column elementor-col-33 elementor-top-column elementor-element elementor-element-a152f1e\" data-id=\"a152f1e\" data-element_type=\"column\">\n\t\t\t<div class=\"elementor-widget-wrap\">\n\t\t\t\t\t\t\t<\/div>\n\t\t<\/div>\n\t\t\t\t<div class=\"elementor-column elementor-col-33 elementor-top-column elementor-element elementor-element-efb8c4c\" data-id=\"efb8c4c\" data-element_type=\"column\">\n\t\t\t<div class=\"elementor-widget-wrap\">\n\t\t\t\t\t\t\t<\/div>\n\t\t<\/div>\n\t\t\t\t\t<\/div>\n\t\t<\/section>\n\t\t\t\t<\/div>\n\t\t","protected":false},"excerpt":{"rendered":"<p>VARIOS {\u00abplugin_url\u00bb:\u00bbhttps:\/\/sucesoresluisrodriguez.com\/site\/wp-content\/plugins\/elementor-liquid-hover-effect\/widgets\u00bb,\u00bbfirst_image\u00bb:\u00bbhttp:\/\/sucesoresluisrodriguez.com\/site\/storage\/2023\/03\/bicarbonato.jpg\u00bb,\u00bbsecond_image\u00bb:\u00bbhttp:\/\/sucesoresluisrodriguez.com\/site\/storage\/2023\/03\/bicarbonato-2.jpg\u00bb,\u00bbhover_effect\u00bb:\u00bbdefault.png\u00bb,\u00bbwidth\u00bb:{\u00abunit\u00bb:\u00bbpx\u00bb,\u00bbsize\u00bb:\u00bb\u00bb,\u00bbsizes\u00bb:[]},\u00bbwidth_tablet\u00bb:{\u00abunit\u00bb:\u00bbpx\u00bb,\u00bbsize\u00bb:\u00bb\u00bb,\u00bbsizes\u00bb:[]},\u00bbwidth_mobile\u00bb:{\u00abunit\u00bb:\u00bbpx\u00bb,\u00bbsize\u00bb:\u00bb\u00bb,\u00bbsizes\u00bb:[]},\u00bbintensity\u00bb:0.299999999999999988897769753748434595763683319091796875,\u00bbspeed\u00bb:1.5,\u00bbangle\u00bb:0} BICARBONATO El bicarbonato de sodio es un anti\u00e1cido usado para aliviar la pirosis (acidez estomacal) y la indigesti\u00f3n \u00e1cida. Tambi\u00e9n puede prescribir bicarbonato de sodio para disminuir los niveles de acidez de la sangre u orina Todo esto debe ser prescrito por alg\u00fan m\u00e9dico, ayuda con el alivio de la migra\u00f1a y las &hellip;<\/p>\n","protected":false},"author":1,"featured_media":0,"parent":0,"menu_order":0,"comment_status":"closed","ping_status":"closed","template":"elementor_header_footer","meta":{"footnotes":""},"class_list":["post-4155","page","type-page","status-publish","hentry"],"_links":{"self":[{"href":"http:\/\/sucesoresluisrodriguez.com\/site\/wp-json\/wp\/v2\/pages\/4155","targetHints":{"allow":["GET"]}}],"collection":[{"href":"http:\/\/sucesoresluisrodriguez.com\/site\/wp-json\/wp\/v2\/pages"}],"about":[{"href":"http:\/\/sucesoresluisrodriguez.com\/site\/wp-json\/wp\/v2\/types\/page"}],"author":[{"embeddable":true,"href":"http:\/\/sucesoresluisrodriguez.com\/site\/wp-json\/wp\/v2\/users\/1"}],"replies":[{"embeddable":true,"href":"http:\/\/sucesoresluisrodriguez.com\/site\/wp-json\/wp\/v2\/comments?post=4155"}],"version-history":[{"count":25,"href":"http:\/\/sucesoresluisrodriguez.com\/site\/wp-json\/wp\/v2\/pages\/4155\/revisions"}],"predecessor-version":[{"id":5381,"href":"http:\/\/sucesoresluisrodriguez.com\/site\/wp-json\/wp\/v2\/pages\/4155\/revisions\/5381"}],"wp:attachment":[{"href":"http:\/\/sucesoresluisrodriguez.com\/site\/wp-json\/wp\/v2\/media?parent=4155"}],"curies":[{"name":"wp","href":"https:\/\/api.w.org\/{rel}","templated":true}]}}