{"id":3035,"date":"2019-02-18T21:02:02","date_gmt":"2019-02-18T21:02:02","guid":{"rendered":"http:\/\/sucesoresluisrodriguez.com\/site\/?page_id=3035"},"modified":"2020-05-21T19:11:40","modified_gmt":"2020-05-21T19:11:40","slug":"purpurinas","status":"publish","type":"page","link":"http:\/\/sucesoresluisrodriguez.com\/site\/purpurinas\/","title":{"rendered":"LA EMPRESA"},"content":{"rendered":"\n<div class=\"wp-block-image\"><figure class=\"aligncenter\"><img fetchpriority=\"high\" decoding=\"async\" width=\"800\" height=\"800\" src=\"http:\/\/sucesoresluisrodriguez.com\/site\/wp-content\/uploads\/2020\/05\/IG-dato-almacen.jpg\" alt=\"\" class=\"wp-image-3222\" srcset=\"http:\/\/sucesoresluisrodriguez.com\/site\/wp-content\/uploads\/2020\/05\/IG-dato-almacen.jpg 800w, http:\/\/sucesoresluisrodriguez.com\/site\/wp-content\/uploads\/2020\/05\/IG-dato-almacen-150x150.jpg 150w, http:\/\/sucesoresluisrodriguez.com\/site\/wp-content\/uploads\/2020\/05\/IG-dato-almacen-300x300.jpg 300w, http:\/\/sucesoresluisrodriguez.com\/site\/wp-content\/uploads\/2020\/05\/IG-dato-almacen-768x768.jpg 768w, http:\/\/sucesoresluisrodriguez.com\/site\/wp-content\/uploads\/2020\/05\/IG-dato-almacen-555x555.jpg 555w, http:\/\/sucesoresluisrodriguez.com\/site\/wp-content\/uploads\/2020\/05\/IG-dato-almacen-600x600.jpg 600w, http:\/\/sucesoresluisrodriguez.com\/site\/wp-content\/uploads\/2020\/05\/IG-dato-almacen-100x100.jpg 100w\" sizes=\"(max-width: 800px) 100vw, 800px\" \/><figcaption>Foto: Serrano, 1938<\/figcaption><\/figure><\/div>\n\n\n\n<p style=\"text-align:left\"><\/p>\n\n\n\n<p>  <\/p>\n\n\n\n<p>La compa\u00f1\u00eda, Sucesores De Luis Rodr\u00edguez M. C. Ltda., o conocida tradicionalmente por la sociedad cuencana como El Almac\u00e9n \u201cLuis Rodr\u00edguez\u201d, es una empresa familiar que tiene una trayectoria muy amplia, en cuanto a encanto patrimonial, cultural y artesanal dentro de la ciudad de Cuenca y a nivel nacional. La empresa recibe diariamente a sus clientes que, con entusiasmo, relatan sus an\u00e9cdotas vividas, o mencionan las memorias que sus familiares les han compartido de las \u00e9pocas de anta\u00f1o, cuando en \u201cRodr\u00edguez\u201d se iba a comprar \u201cde todo\u201d, literalmente. Y no olvidemos a los turistas nacionales e internacionales; cuando ellos visitan este almac\u00e9n hist\u00f3rico, fijan su atenci\u00f3n en una casa antigua esquinera del Centro Hist\u00f3rico, con sus repisas originales y colores llamativos de \u00e9pocas antiguas.<\/p>\n\n\n\n<p>  <\/p>\n\n\n\n<p>Este a\u00f1o, la firma comercial \u201cLuis Rodr\u00edguez M.\u201d, cumpli\u00f3 101 a\u00f1os de actividades ininterrumpidas en la ciudad de Cuenca, teniendo dos etapas: desde 1918 hasta 1971 como empresa unipersonal, y desde 1972 como Compa\u00f1\u00eda de Responsabilidad Limitada. <\/p>\n\n\n\n<figure class=\"wp-block-embed-facebook wp-block-embed is-type-video is-provider-facebook\"><div class=\"wp-block-embed__wrapper\">\n<div id=\"fb-root\"><\/div><script async=\"1\" defer=\"1\" crossorigin=\"anonymous\" src=\"https:\/\/connect.facebook.net\/en_US\/sdk.js#xfbml=1&amp;version=v3.2\"><\/script><div class=\"fb-video\" data-href=\"https:\/\/www.facebook.com\/CaroMartinezCue\/videos\/359972354583471\/UzpfSTEwNzUxNzQwNTkzOTI1OToyMjUwMDQ3ODM1MDE5NTI4\/\" data-width=\"1140\"><blockquote cite=\"https:\/\/www.facebook.com\/CaroMartinezCue\/videos\/359972354583471\/\" class=\"fb-xfbml-parse-ignore\"><a href=\"https:\/\/www.facebook.com\/CaroMartinezCue\/videos\/359972354583471\/\"><\/a><p>Ing. Jorge Mej\u00eda Pe\u00f1a, representante legal de compa\u00f1\u00eda comercial Sucesores de Luis Rodriguez M. C. Ltda. Acreedores de la presea &quot;CUENCA, PATRIMONIO CULTURAL DE LA HUMANIDAD&quot; quienes desde su \u00e1mbito aportan significativamente a la preservaci\u00f3n de la cultura y tradiciones de nuestra ciudad<\/p>Posted by <a href=\"https:\/\/www.facebook.com\/CaroMartinezCue\/\">Carolina Mart\u00ednez &#8211; Concejala de Cuenca<\/a> on Saturday, December 1, 2018<\/blockquote><\/div>\n<\/div><figcaption>Conmemoraci\u00f3n de los 100 a\u00f1os de la empresa<\/figcaption><\/figure>\n\n\n\n<p><\/p>\n\n\n\n<p><\/p>\n","protected":false},"excerpt":{"rendered":"<p>La compa\u00f1\u00eda, Sucesores De Luis Rodr\u00edguez M. C. Ltda., o conocida tradicionalmente por la sociedad cuencana como El Almac\u00e9n \u201cLuis Rodr\u00edguez\u201d, es una empresa familiar que tiene una trayectoria muy amplia, en cuanto a encanto patrimonial, cultural y artesanal dentro de la ciudad de Cuenca y a nivel nacional. La empresa recibe diariamente a sus &hellip;<\/p>\n","protected":false},"author":1,"featured_media":0,"parent":0,"menu_order":0,"comment_status":"closed","ping_status":"closed","template":"","meta":{"footnotes":""},"class_list":["post-3035","page","type-page","status-publish","hentry"],"_links":{"self":[{"href":"http:\/\/sucesoresluisrodriguez.com\/site\/wp-json\/wp\/v2\/pages\/3035","targetHints":{"allow":["GET"]}}],"collection":[{"href":"http:\/\/sucesoresluisrodriguez.com\/site\/wp-json\/wp\/v2\/pages"}],"about":[{"href":"http:\/\/sucesoresluisrodriguez.com\/site\/wp-json\/wp\/v2\/types\/page"}],"author":[{"embeddable":true,"href":"http:\/\/sucesoresluisrodriguez.com\/site\/wp-json\/wp\/v2\/users\/1"}],"replies":[{"embeddable":true,"href":"http:\/\/sucesoresluisrodriguez.com\/site\/wp-json\/wp\/v2\/comments?post=3035"}],"version-history":[{"count":17,"href":"http:\/\/sucesoresluisrodriguez.com\/site\/wp-json\/wp\/v2\/pages\/3035\/revisions"}],"predecessor-version":[{"id":3223,"href":"http:\/\/sucesoresluisrodriguez.com\/site\/wp-json\/wp\/v2\/pages\/3035\/revisions\/3223"}],"wp:attachment":[{"href":"http:\/\/sucesoresluisrodriguez.com\/site\/wp-json\/wp\/v2\/media?parent=3035"}],"curies":[{"name":"wp","href":"https:\/\/api.w.org\/{rel}","templated":true}]}}